{"id":2479,"date":"2018-03-15T11:37:15","date_gmt":"2018-03-15T10:37:15","guid":{"rendered":"https:\/\/www.stepconcept.com\/V2\/mentions\/"},"modified":"2021-11-16T11:15:11","modified_gmt":"2021-11-16T10:15:11","slug":"legal-notice","status":"publish","type":"page","link":"https:\/\/www.stepconcept.com\/en\/legal-notice\/","title":{"rendered":"Legal notice"},"content":{"rendered":"<p>Legal Notice<\/p>\n<p>Publisher<br \/>\nSTEPCONCEPTLaval Trade and Companies Register (RCS) B 440,883,767SIRET 440883767 NAF code: 2932Z Manufacture of other parts and accessories for motor vehiclesHead office: 22 rue de Verdun, 53000 LAVAL.Telephone number: +33 (0)2 43 26 14 72<br \/>\nDirector of publication<br \/>\nMr Olivier ANET<br \/>\nDesign and maintenance<br \/>\nThe website is designed and maintained by: JLGRAPHISME with head office at: 7 la filerie 53950 La Chapelle-Anthenaise.<br \/>\nHosting<br \/>\nOVHHead office: 2 rue Kellermann &#8211; 59100 Roubaix &#8211; France https:\/\/www.ovh.com<br \/>\nConfidentiality and Data Protection<br \/>\nUsers may be requested to provide certain personal data by completing the forms available on the website. This data is required in order for STEPCONCEPT to process the user&#8217;s request.<br \/>\nSTEPCONCEPT does not record any personally identifiable information, with the exception of forms that users complete voluntarily. This information will not be used without your consent, we will only use it to send you letters or quotes, or to contact you.<br \/>\nBy submitting the contact form and technical infos form, you agree that the information entered in said form may be used, exploited and processed to enable us to contact you again within the context of the business relationship arising from your contact request.<br \/>\nSTEPCONCEPT undertakes to comply with the provisions of Act No. 78-17 of 6 January 1978 on Data Processing, Data Files and Individual Liberties, as modified, and Regulation (EU) 2016\/679 of the European Parliament and of the Council of 27 April 2016, known as \u201cGDPR\u201d, and to take all the necessary precautions to safeguard the security of the personal information provided.<br \/>\nThe information collected on the website is protected by French Act No. 78-17 of 6 January 1978 on Data Processing, Data Files and Individual Liberties. Users have the right to access, rectify, oppose block onward transmission and delete information about them by sending a request to:<br \/>\nSTEPCONCEPTZA La Vall\u00e9e verte53940 Le Genest Saint IsleTel: +33 (0)2 43 26 14 72<br \/>\nUser statistics and measurement<br \/>\nSTEPCONCEPT uses Google Analytics to track visitors to this website.<br \/>\nGoogle Analytics uses cookies to collect this data.<br \/>\nIn order to comply with the new regulations, Google has published a Data Processing\u00a0 Amendment that can be viewed here:<\/p>\n<p>Google Analytics<\/p>\n<p>STEPCONCEPT undertakes to anonymously process the data collected and to disable &#8220;data sharing&#8221;.<br \/>\nHow long is your personal data stored for?<br \/>\nFor users who register on our website (where the service is available), we also store the personal data indicated in their profile. All users can view, modify or delete their personal information at any time (with the exception of their username). Website administrators can also view and modify this information.<br \/>\nUse of cookies<br \/>\nBrowsing the website may cause cookies to be installed on the user&#8217;s computer.The data obtained through these cookies are used to facilitate subsequent browsing of the website and also to allow various forms of website traffic measurement.Users may disable these cookies via their browser settings, as indicated below:<\/p>\n<p>Google Chrome<br \/>\nModzilla Firefox<br \/>\nSafari<br \/>\nOpera<br \/>\nInternet Explorer<br \/>\nEdge<\/p>\n<p>Hypertext links<br \/>\nSTEPCONCEPT does not control the websites linked to its own website and therefore cannot be held liable for their content. Users assume full responsibility for the risks associated with the use of these websites. Users must comply with their terms and conditions of use.<br \/>\nLimitation of liability<br \/>\nSTEPCONCEPT endeavours to provide quality content that has been verified on the date of update. However, this information is provided for guidance purposes only. Users acknowledge that they are solely responsible for the use they make of this information.\u00a0STEPCONCEPT cannot be held liable for the consequences of their use.<br \/>\nModification<br \/>\nSTEPCONCEPT reserves the right to modify and update this legal notice at any time and without prior notice.Users are therefore encouraged to consult this notice on a regular basis.<\/p>\n<p><!-- {\"name\":\"\",\"type\":\"layout\",\"children\":[{\"name\":\"HERO slider\",\"type\":\"section\",\"props\":{\"style\":\"secondary\",\"width\":\"\",\"vertical_align\":\"middle\",\"title_position\":\"top-left\",\"title_rotation\":\"left\",\"title_breakpoint\":\"xl\",\"image_position\":\"center-center\",\"height\":\"\",\"header_transparent\":\"light\",\"header_transparent_noplaceholder\":false,\"overlap\":false,\"padding_remove_bottom\":true,\"padding_remove_top\":true,\"animation_delay\":true,\"animation\":\"fade\"},\"children\":[{\"name\":\"\",\"type\":\"row\",\"props\":{\"fixed_width\":\"large\",\"breakpoint\":\"m\",\"layout\":\"1-1\"},\"children\":[{\"name\":\"\",\"type\":\"column\",\"props\":{\"widths\":[\"1-1\"],\"image_position\":\"center-center\"},\"children\":[{\"name\":\"\",\"type\":\"slideshow\",\"props\":{\"show_title\":true,\"show_meta\":true,\"show_content\":true,\"show_link\":true,\"show_thumbnail\":true,\"slideshow_min_height\":\"300\",\"slideshow_autoplay_pause\":false,\"nav\":\"dotnav\",\"nav_position\":\"bottom-center\",\"nav_position_margin\":\"medium\",\"nav_align\":\"center\",\"nav_breakpoint\":\"s\",\"thumbnav_width\":\"100\",\"thumbnav_height\":\"75\",\"slidenav\":\"\",\"slidenav_margin\":\"medium\",\"slidenav_breakpoint\":\"s\",\"slidenav_outside_breakpoint\":\"xl\",\"overlay_position\":\"center-left\",\"overlay_animation\":\"parallax\",\"title_element\":\"h2\",\"meta_style\":\"h4\",\"meta_align\":\"bottom\",\"link_text\":\"Read more\",\"link_style\":\"default\",\"margin\":\"default\",\"slideshow_height\":\"section\",\"slideshow_animation\":\"fade\",\"slideshow_autoplay\":true,\"slideshow_kenburns\":\"alternate\",\"slideshow_autoplay_interval\":10,\"slideshow_kenburns_duration\":25,\"title_style\":\"heading-hero\",\"overlay_margin\":\"\",\"overlay_style\":\"\",\"overlay_padding\":\"large\",\"overlay_width\":\"xlarge\",\"text_align\":\"\",\"meta_margin\":\"remove\",\"overlay_container\":\"default\",\"text_color\":\"\",\"slideshow_box_shadow\":\"\",\"nav_color\":\"\",\"slidenav_outside_color\":\"\",\"overlay_container_padding\":\"\",\"title_decoration\":\"\",\"title_color\":\"\",\"content_style\":\"\",\"link_size\":\"\",\"text_align_breakpoint\":\"\",\"text_align_fallback\":\"\",\"maxwidth\":\"\",\"maxwidth_align\":\"\",\"maxwidth_breakpoint\":\"\",\"animation\":\"\",\"visibility\":\"\"},\"children\":[{\"name\":\"\",\"type\":\"slideshow_item\",\"props\":{\"image\":\"wp-content\\\/uploads\\\/2018\\\/07\\\/HERO-PRODUCTS-rampe-01.jpg\",\"title\":\"\",\"meta\":\"\",\"content\":\"\n\n<h1 class=\\\"uk-margin-remove-vertical uk-text-left uk-heading-hero\\\">Legal <br \\\/><span style=\\\"color: #ff0000;\\\"><small>Notice<\\\/small><\\\/span><\\\/h1>\",\"media_overlay\":\"rgba(0, 0, 0, 0.5)\",\"image_alt\":\"Legal Notice\",\"text_color\":\"\"}}]}]}]}]},{\"name\":\"Hero\",\"type\":\"section\",\"props\":{\"style\":\"default\",\"width\":\"default\",\"image_position\":\"center-center\",\"padding\":\"large\",\"padding_remove_bottom\":false,\"vertical_align\":\"middle\",\"title_position\":\"top-left\",\"title_rotation\":\"left\",\"title_breakpoint\":\"xl\",\"image\":\"\",\"header_transparent\":\"\",\"overlap\":false},\"children\":[{\"name\":\"\",\"type\":\"row\",\"props\":{\"fixed_width\":\"large\",\"breakpoint\":\"m\",\"layout\":\"1-1\",\"margin\":\"medium\",\"width\":\"large\"},\"children\":[{\"name\":\"\",\"type\":\"column\",\"props\":{\"image_position\":\"center-center\",\"widths\":[\"1-1\"]},\"children\":[{\"name\":\"\",\"type\":\"text\",\"props\":{\"margin\":\"default\",\"column_breakpoint\":\"m\",\"text_style\":\"\",\"text_color\":\"\",\"text_size\":\"\",\"column\":\"\",\"text_align\":\"\",\"text_align_breakpoint\":\"\",\"text_align_fallback\":\"\",\"maxwidth\":\"\",\"maxwidth_align\":\"\",\"maxwidth_breakpoint\":\"\",\"animation\":\"\",\"visibility\":\"\",\"content\":\"\n\n<h3>Publisher<\\\/h3>\\n\n\n<p><strong>STEPCONCEPT<\\\/strong><br \\\/>Laval Trade and Companies Register (RCS) B 440,883,767<br \\\/>SIRET 440883767 <br \\\/>NAF code: 2932Z Manufacture of other parts and accessories for motor vehicles<br \\\/>Head office: 22 rue de Verdun, 53000 LAVAL.<br \\\/>Telephone number: +33 (0)2 43 26 14 72<\\\/p>\\n\n\n<h3>Director of publication<\\\/h3>\\n\n\n<p><strong>Mr Olivier ANET<\\\/strong><\\\/p>\\n\n\n<h3>Design and maintenance<\\\/h3>\\n\n\n<p>The website is designed and maintained by: <a href=\\\"http:\\\/\\\/jlgraphisme.fr\\\">JLGRAPHISME<\\\/a> with head office at: 7 la filerie 53950 La Chapelle-Anthenaise.<\\\/p>\\n\n\n<h3>Hosting<\\\/h3>\\n\n\n<p>OVH<br \\\/>Head office: 2 rue Kellermann - 59100 Roubaix - France <br \\\/>https:\\\/\\\/www.ovh.com<\\\/p>\\n\n\n<h3>Confidentiality and Data Protection<\\\/h3>\\n\n\n<p>Users may be requested to provide certain personal data by completing the forms available on the website. This data is required in order for <strong>STEPCONCEPT<\\\/strong> to process the user's request.<\\\/p>\\n\n\n<p><strong>STEPCONCEPT<\\\/strong> does not record any personally identifiable information, with the exception of forms that users complete voluntarily. This information will not be used without your consent, we will only use it to send you letters or quotes, or to contact you.<\\\/p>\\n\n\n<p>By submitting the contact form and technical infos form, you agree that the information entered in said form may be used, exploited and processed to enable us to contact you again within the context of the business relationship arising from your contact request.<\\\/p>\\n\n\n<p><strong>STEPCONCEPT<\\\/strong> undertakes to comply with the provisions of Act No. 78-17 of 6 January 1978 on Data Processing, Data Files and Individual Liberties, as modified, and Regulation (EU) 2016\\\/679 of the European Parliament and of the Council of 27 April 2016, known as \\u201cGDPR\\u201d, and to take all the necessary precautions to safeguard the security of the personal information provided.<\\\/p>\\n\n\n<p>The information collected on the website is protected by French Act No. 78-17 of 6 January 1978 on Data Processing, Data Files and Individual Liberties. Users have the right to access, rectify, oppose block onward transmission and delete information about them by sending a request to:<\\\/p>\\n\n\n<p><strong>STEPCONCEPT<\\\/strong><br \\\/><strong>ZA La Vall\\u00e9e verte<\\\/strong><br \\\/>53940 Le Genest Saint Isle<br \\\/>Tel: +33 (0)2 43 26 14 72<\\\/p>\\n\n\n<h3>User statistics and measurement<\\\/h3>\\n\n\n<p><strong>STEPCONCEPT<\\\/strong> uses Google Analytics to track visitors to this website.<\\\/p>\\n\n\n<p>Google Analytics uses cookies to collect this data.<\\\/p>\\n\n\n<p>In order to comply with the new regulations, Google has published a Data Processing\\u00a0 Amendment that can be viewed here:<\\\/p>\\n\n\n<ul>\\n\n\n<li><a href=\\\"https:\\\/\\\/www.google.com\\\/analytics\\\/terms\\\/dpa\\\/dataprocessingamendment_20130906.html\\\">Google Analytics<\\\/a><\\\/li>\\n<\\\/ul>\\n\n\n<p><strong>STEPCONCEPT<\\\/strong> undertakes to anonymously process the data collected and to disable \\\"data sharing\\\".<\\\/p>\\n\n\n<h3>How long is your personal data stored for?<\\\/h3>\\n\n\n<p>For users who register on our website (where the service is available), we also store the personal data indicated in their profile. All users can view, modify or delete their personal information at any time (with the exception of their username). Website administrators can also view and modify this information.<\\\/p>\\n\n\n<h3>Use of cookies<\\\/h3>\\n\n\n<p>Browsing the website may cause cookies to be installed on the user's computer.<br \\\/>The data obtained through these cookies are used to facilitate subsequent browsing of the website and also to allow various forms of website traffic measurement.<br \\\/>Users may disable these cookies via their browser settings, as indicated below:<\\\/p>\\n\n\n<ul>\\n\n\n<li><a href=\\\"https:\\\/\\\/support.google.com\\\/chrome\\\/answer\\\/95647?hl=fr\\\">Google Chrome<\\\/a><\\\/li>\\n\n\n<li><a href=\\\"https:\\\/\\\/support.mozilla.org\\\/fr\\\/kb\\\/activer-desactiver-cookies-preferences?redirectlocale=fr&amp;redirectslug=activer-desactiver-cookies\\\">Modzilla Firefox<\\\/a><\\\/li>\\n\n\n<li><a href=\\\"https:\\\/\\\/support.apple.com\\\/kb\\\/PH17191?viewlocale=fr_FR&amp;locale=en_US\\\">Safari<\\\/a><\\\/li>\\n\n\n<li><a href=\\\"http:\\\/\\\/help.opera.com\\\/Windows\\\/10.20\\\/fr\\\/cookies.html\\\">Opera<\\\/a><\\\/li>\\n\n\n<li><a href=\\\"https:\\\/\\\/support.microsoft.com\\\/fr-fr\\\/help\\\/17442\\\/windows-internet-explorer-delete-manage-cookies#ie=ie-11\\\">Internet Explorer<\\\/a><\\\/li>\\n\n\n<li><a href=\\\"https:\\\/\\\/privacy.microsoft.com\\\/fr-fr\\\/windows-10-microsoft-edge-and-privacy\\\">Edge<\\\/a><\\\/li>\\n<\\\/ul>\\n\n\n<h3>Hypertext links<\\\/h3>\\n\n\n<p><strong>STEPCONCEPT<\\\/strong> does not control the websites linked to its own website and therefore cannot be held liable for their content. Users assume full responsibility for the risks associated with the use of these websites. Users must comply with their terms and conditions of use.<\\\/p>\\n\n\n<h3>Limitation of liability<\\\/h3>\\n\n\n<p><strong>STEPCONCEPT<\\\/strong> endeavours to provide quality content that has been verified on the date of update. However, this information is provided for guidance purposes only. Users acknowledge that they are solely responsible for the use they make of this information.\\u00a0<strong>STEPCONCEPT<\\\/strong> cannot be held liable for the consequences of their use.<\\\/p>\\n\n\n<h3>Modification<\\\/h3>\\n\n\n<p><strong>STEPCONCEPT<\\\/strong> reserves the right to modify and update this legal notice at any time and without prior notice.<br \\\/>Users are therefore encouraged to consult this notice on a regular basis.<\\\/p>\"}}]}]}]}]} --><\/p>\n","protected":false},"excerpt":{"rendered":"<p>Legal Notice Publisher STEPCONCEPTLaval Trade and Companies Register (RCS) B 440,883,767SIRET 440883767 NAF code: 2932Z Manufacture of other parts and accessories for motor vehiclesHead office: 22 rue de Verdun, 53000 LAVAL.Telephone number: +33 (0)2 43 26 14 72 Director of publication Mr Olivier ANET Design and maintenance The website is designed and maintained by: JLGRAPHISME [&hellip;]<\/p>\n","protected":false},"author":1,"featured_media":0,"parent":0,"menu_order":24,"comment_status":"closed","ping_status":"closed","template":"","meta":{"_acf_changed":false,"footnotes":""},"class_list":["post-2479","page","type-page","status-publish","hentry"],"acf":[],"yoast_head":"<!-- This site is optimized with the Yoast SEO plugin v26.5 - https:\/\/yoast.com\/wordpress\/plugins\/seo\/ -->\n<title>Legal notice - STEPCONCEPT<\/title>\n<meta name=\"robots\" content=\"index, follow, max-snippet:-1, max-image-preview:large, max-video-preview:-1\" \/>\n<link rel=\"canonical\" href=\"https:\/\/www.stepconcept.com\/en\/legal-notice\/\" \/>\n<meta property=\"og:locale\" content=\"en_US\" \/>\n<meta property=\"og:type\" content=\"article\" \/>\n<meta property=\"og:title\" content=\"Legal notice - STEPCONCEPT\" \/>\n<meta property=\"og:description\" content=\"Legal Notice Publisher STEPCONCEPTLaval Trade and Companies Register (RCS) B 440,883,767SIRET 440883767 NAF code: 2932Z Manufacture of other parts and accessories for motor vehiclesHead office: 22 rue de Verdun, 53000 LAVAL.Telephone number: +33 (0)2 43 26 14 72 Director of publication Mr Olivier ANET Design and maintenance The website is designed and maintained by: JLGRAPHISME [&hellip;]\" \/>\n<meta property=\"og:url\" content=\"https:\/\/www.stepconcept.com\/en\/legal-notice\/\" \/>\n<meta property=\"og:site_name\" content=\"STEPCONCEPT\" \/>\n<meta property=\"article:publisher\" content=\"https:\/\/www.facebook.com\/stepconcept53\/\" \/>\n<meta property=\"article:modified_time\" content=\"2021-11-16T10:15:11+00:00\" \/>\n<meta name=\"twitter:card\" content=\"summary_large_image\" \/>\n<meta name=\"twitter:label1\" content=\"Est. reading time\" \/>\n\t<meta name=\"twitter:data1\" content=\"3 minutes\" \/>\n<script type=\"application\/ld+json\" class=\"yoast-schema-graph\">{\"@context\":\"https:\/\/schema.org\",\"@graph\":[{\"@type\":\"WebPage\",\"@id\":\"https:\/\/www.stepconcept.com\/en\/legal-notice\/\",\"url\":\"https:\/\/www.stepconcept.com\/en\/legal-notice\/\",\"name\":\"Legal notice - STEPCONCEPT\",\"isPartOf\":{\"@id\":\"https:\/\/www.stepconcept.com\/en\/#website\"},\"datePublished\":\"2018-03-15T10:37:15+00:00\",\"dateModified\":\"2021-11-16T10:15:11+00:00\",\"breadcrumb\":{\"@id\":\"https:\/\/www.stepconcept.com\/en\/legal-notice\/#breadcrumb\"},\"inLanguage\":\"en-US\",\"potentialAction\":[{\"@type\":\"ReadAction\",\"target\":[\"https:\/\/www.stepconcept.com\/en\/legal-notice\/\"]}]},{\"@type\":\"BreadcrumbList\",\"@id\":\"https:\/\/www.stepconcept.com\/en\/legal-notice\/#breadcrumb\",\"itemListElement\":[{\"@type\":\"ListItem\",\"position\":1,\"name\":\"Accueil\",\"item\":\"https:\/\/www.stepconcept.com\/en\/\"},{\"@type\":\"ListItem\",\"position\":2,\"name\":\"Legal notice\"}]},{\"@type\":\"WebSite\",\"@id\":\"https:\/\/www.stepconcept.com\/en\/#website\",\"url\":\"https:\/\/www.stepconcept.com\/en\/\",\"name\":\"Step Concept\",\"description\":\"Syst\u00e8me d&#039;acc\u00e8s pour v\u00e9hicule\",\"publisher\":{\"@id\":\"https:\/\/www.stepconcept.com\/en\/#organization\"},\"potentialAction\":[{\"@type\":\"SearchAction\",\"target\":{\"@type\":\"EntryPoint\",\"urlTemplate\":\"https:\/\/www.stepconcept.com\/en\/?s={search_term_string}\"},\"query-input\":{\"@type\":\"PropertyValueSpecification\",\"valueRequired\":true,\"valueName\":\"search_term_string\"}}],\"inLanguage\":\"en-US\"},{\"@type\":\"Organization\",\"@id\":\"https:\/\/www.stepconcept.com\/en\/#organization\",\"name\":\"Stepconcept\",\"url\":\"https:\/\/www.stepconcept.com\/en\/\",\"logo\":{\"@type\":\"ImageObject\",\"inLanguage\":\"en-US\",\"@id\":\"https:\/\/www.stepconcept.com\/en\/#\/schema\/logo\/image\/\",\"url\":\"https:\/\/www.stepconcept.com\/wp-content\/uploads\/2018\/09\/Logo-STEPCONCEPT-03.png\",\"contentUrl\":\"https:\/\/www.stepconcept.com\/wp-content\/uploads\/2018\/09\/Logo-STEPCONCEPT-03.png\",\"width\":568,\"height\":151,\"caption\":\"Stepconcept\"},\"image\":{\"@id\":\"https:\/\/www.stepconcept.com\/en\/#\/schema\/logo\/image\/\"},\"sameAs\":[\"https:\/\/www.facebook.com\/stepconcept53\/\"]}]}<\/script>\n<!-- \/ Yoast SEO plugin. -->","yoast_head_json":{"title":"Legal notice - STEPCONCEPT","robots":{"index":"index","follow":"follow","max-snippet":"max-snippet:-1","max-image-preview":"max-image-preview:large","max-video-preview":"max-video-preview:-1"},"canonical":"https:\/\/www.stepconcept.com\/en\/legal-notice\/","og_locale":"en_US","og_type":"article","og_title":"Legal notice - STEPCONCEPT","og_description":"Legal Notice Publisher STEPCONCEPTLaval Trade and Companies Register (RCS) B 440,883,767SIRET 440883767 NAF code: 2932Z Manufacture of other parts and accessories for motor vehiclesHead office: 22 rue de Verdun, 53000 LAVAL.Telephone number: +33 (0)2 43 26 14 72 Director of publication Mr Olivier ANET Design and maintenance The website is designed and maintained by: JLGRAPHISME [&hellip;]","og_url":"https:\/\/www.stepconcept.com\/en\/legal-notice\/","og_site_name":"STEPCONCEPT","article_publisher":"https:\/\/www.facebook.com\/stepconcept53\/","article_modified_time":"2021-11-16T10:15:11+00:00","twitter_card":"summary_large_image","twitter_misc":{"Est. reading time":"3 minutes"},"schema":{"@context":"https:\/\/schema.org","@graph":[{"@type":"WebPage","@id":"https:\/\/www.stepconcept.com\/en\/legal-notice\/","url":"https:\/\/www.stepconcept.com\/en\/legal-notice\/","name":"Legal notice - STEPCONCEPT","isPartOf":{"@id":"https:\/\/www.stepconcept.com\/en\/#website"},"datePublished":"2018-03-15T10:37:15+00:00","dateModified":"2021-11-16T10:15:11+00:00","breadcrumb":{"@id":"https:\/\/www.stepconcept.com\/en\/legal-notice\/#breadcrumb"},"inLanguage":"en-US","potentialAction":[{"@type":"ReadAction","target":["https:\/\/www.stepconcept.com\/en\/legal-notice\/"]}]},{"@type":"BreadcrumbList","@id":"https:\/\/www.stepconcept.com\/en\/legal-notice\/#breadcrumb","itemListElement":[{"@type":"ListItem","position":1,"name":"Accueil","item":"https:\/\/www.stepconcept.com\/en\/"},{"@type":"ListItem","position":2,"name":"Legal notice"}]},{"@type":"WebSite","@id":"https:\/\/www.stepconcept.com\/en\/#website","url":"https:\/\/www.stepconcept.com\/en\/","name":"Step Concept","description":"Syst\u00e8me d&#039;acc\u00e8s pour v\u00e9hicule","publisher":{"@id":"https:\/\/www.stepconcept.com\/en\/#organization"},"potentialAction":[{"@type":"SearchAction","target":{"@type":"EntryPoint","urlTemplate":"https:\/\/www.stepconcept.com\/en\/?s={search_term_string}"},"query-input":{"@type":"PropertyValueSpecification","valueRequired":true,"valueName":"search_term_string"}}],"inLanguage":"en-US"},{"@type":"Organization","@id":"https:\/\/www.stepconcept.com\/en\/#organization","name":"Stepconcept","url":"https:\/\/www.stepconcept.com\/en\/","logo":{"@type":"ImageObject","inLanguage":"en-US","@id":"https:\/\/www.stepconcept.com\/en\/#\/schema\/logo\/image\/","url":"https:\/\/www.stepconcept.com\/wp-content\/uploads\/2018\/09\/Logo-STEPCONCEPT-03.png","contentUrl":"https:\/\/www.stepconcept.com\/wp-content\/uploads\/2018\/09\/Logo-STEPCONCEPT-03.png","width":568,"height":151,"caption":"Stepconcept"},"image":{"@id":"https:\/\/www.stepconcept.com\/en\/#\/schema\/logo\/image\/"},"sameAs":["https:\/\/www.facebook.com\/stepconcept53\/"]}]}},"_links":{"self":[{"href":"https:\/\/www.stepconcept.com\/en\/wp-json\/wp\/v2\/pages\/2479","targetHints":{"allow":["GET"]}}],"collection":[{"href":"https:\/\/www.stepconcept.com\/en\/wp-json\/wp\/v2\/pages"}],"about":[{"href":"https:\/\/www.stepconcept.com\/en\/wp-json\/wp\/v2\/types\/page"}],"author":[{"embeddable":true,"href":"https:\/\/www.stepconcept.com\/en\/wp-json\/wp\/v2\/users\/1"}],"replies":[{"embeddable":true,"href":"https:\/\/www.stepconcept.com\/en\/wp-json\/wp\/v2\/comments?post=2479"}],"version-history":[{"count":2,"href":"https:\/\/www.stepconcept.com\/en\/wp-json\/wp\/v2\/pages\/2479\/revisions"}],"predecessor-version":[{"id":3195,"href":"https:\/\/www.stepconcept.com\/en\/wp-json\/wp\/v2\/pages\/2479\/revisions\/3195"}],"wp:attachment":[{"href":"https:\/\/www.stepconcept.com\/en\/wp-json\/wp\/v2\/media?parent=2479"}],"curies":[{"name":"wp","href":"https:\/\/api.w.org\/{rel}","templated":true}]}}