{"id":2516,"date":"2018-08-30T09:41:16","date_gmt":"2018-08-30T07:41:16","guid":{"rendered":"https:\/\/www.stepconcept.com\/V2\/brochures\/"},"modified":"2022-02-15T10:13:29","modified_gmt":"2022-02-15T09:13:29","slug":"brochures","status":"publish","type":"page","link":"https:\/\/www.stepconcept.com\/en\/brochures\/","title":{"rendered":"Brochures"},"content":{"rendered":"<h1>Brochures<\/h1>\n<div>\n<p>PDF brochures<\/p>\n<\/div>\n<ul>\n<li>\n<p>        <img decoding=\"async\" src=\"\/wp-content\/uploads\/2020\/10\/STEPCONCEPT-doc.TLS-TLM.2020.EN_.jpg\" alt=\"\"><\/p>\n<h1>TLS TLM electric step<\/h1>\n<p><a href=\"\/wp-content\/uploads\/2022\/02\/Catalogue-marchepieds-2022-TLS-TLM-EN.pdf\"><\/a><\/p>\n<\/li>\n<li>\n<p>        <img decoding=\"async\" src=\"\/wp-content\/uploads\/2020\/12\/STEPCONCEPT-doc.ROT_.2020.EN_.jpg\" alt=\"Electric swivel step\"><\/p>\n<h1>ROT swivel electric step<\/h1>\n<p><a href=\"\/wp-content\/uploads\/2020\/12\/STEPCONCEPT-doc.ROT_.2020.EN_-1.pdf\"><\/a><\/p>\n<\/li>\n<li>\n<p>        <img decoding=\"async\" src=\"\/wp-content\/uploads\/2020\/12\/STEPCONCEPT-doc.RAMPE_.2020-EN.jpg\" alt=\"Aluminium ramp\"><\/p>\n<h1>Aluminium ramp<\/h1>\n<p><a href=\"\/wp-content\/uploads\/2020\/12\/STEPCONCEPT-doc.RAMPE_.2020.EN_.pdf\"><\/a><\/p>\n<\/li>\n<li>\n<p>        <img decoding=\"async\" src=\"\/wp-content\/uploads\/2020\/10\/STEPCONCEPT-doc.POIGNEE.2020.EN_-2.jpg\" alt=\"handle\"><\/p>\n<h1>handle<\/h1>\n<p><a href=\"\/wp-content\/uploads\/2020\/10\/STEPCONCEPT-doc.POIGNEE.2020.EN_-1.pdf\"><\/a><\/p>\n<\/li>\n<li>\n<p>        <img decoding=\"async\" src=\"\/wp-content\/uploads\/2018\/11\/STEPCONCEPT-doc.TBS_.2018.EN_Page_1.jpg\" alt=\"\"><\/p>\n<h1>TBS non slip coating<\/h1>\n<p><a href=\"\/wp-content\/uploads\/2018\/11\/STEPCONCEPT-doc.TBS_.2018.EN_.pdf\"><\/a><\/p>\n<\/li>\n<\/ul>\n<h2>Looking for a solution<\/h2>\n<h5>that meets the specific needs of your vehicle?<\/h5>\n<h2>Looking for an installer<\/h2>\n<h5>near you ?<\/h5>\n<p>\n    <a href=\"\/en\/contact-us\/\">Contact-us<\/a>\n<\/p>\n<p><!--more--><br \/>\n<!-- {\"name\":\"\",\"type\":\"layout\",\"children\":[{\"name\":\"Hero\",\"type\":\"section\",\"props\":{\"width\":\"default\",\"padding\":\"small\",\"style\":\"secondary\",\"media\":\"images\\\/home-header.jpg\",\"height_viewport\":true,\"header_overlay\":\"light\",\"image\":\"wp-content\\\/uploads\\\/2018\\\/07\\\/HERO-home-03.jpg\",\"media_advanced\":true,\"image_size\":\"cover\",\"media_background\":null,\"media_overlay\":null,\"height\":\"section\",\"image_position\":\"bottom-center\",\"image_fixed\":false,\"overlap\":false,\"padding_remove_bottom\":false,\"image_effect\":\"parallax\",\"image_parallax\":-540,\"padding_remove_top\":false,\"image_parallax_bgy_start\":-60,\"image_parallax_bgy_end\":-300,\"vertical_align\":\"middle\",\"title_position\":\"top-left\",\"title_rotation\":\"left\",\"title_breakpoint\":\"xl\",\"header_transparent_noplaceholder\":false,\"media_visibility\":\"m\"},\"children\":[{\"name\":\"\",\"type\":\"row\",\"props\":{\"layout\":\"large,expand\",\"margin\":\"large\",\"vertical_align\":false,\"match\":false,\"width\":\"expand\",\"divider\":false,\"column_gap\":\"small\",\"row_gap\":\"small\"},\"children\":[{\"name\":\"\",\"type\":\"column\",\"props\":{\"image_position\":\"center-center\",\"image\":\"\",\"image_size\":\"cover\",\"media_overlay_gradient\":\"\",\"width_medium\":\"large\",\"position_sticky_breakpoint\":\"m\"},\"children\":[{\"name\":\"\",\"type\":\"headline\",\"props\":{\"title_element\":\"h1\",\"content\":\"Brochures\",\"title_style\":\"heading-medium\",\"text_align\":\"left\",\"animation\":\"parallax\",\"margin\":\"remove-vertical\",\"margin_remove_top\":false,\"margin_remove_bottom\":false,\"parallax_target\":false,\"parallax_y\":\"\",\"parallax_x\":\"\",\"parallax_opacity\":\"\",\"parallax_scale\":\"\",\"parallax_velocity\":\"\"}},{\"name\":\"\",\"type\":\"text\",\"props\":{\"column_breakpoint\":\"m\",\"margin\":\"default\",\"content\":\"\n\n<p>PDF brochures<\\\/p>\",\"text_style\":\"lead\",\"text_align\":\"left\",\"maxwidth\":\"large\",\"animation\":\"parallax\",\"parallax_y\":\"\",\"parallax_velocity\":\"\",\"parallax_opacity\":\"\",\"margin_remove_top\":true}}]},{\"name\":\"\",\"type\":\"column\",\"props\":{\"image_position\":\"center-center\",\"media_overlay_gradient\":\"\",\"width_medium\":\"expand\",\"position_sticky_breakpoint\":\"m\"}}]}]},{\"name\":\"brochures marchepieds\",\"type\":\"section\",\"props\":{\"style\":\"default\",\"width\":\"default\",\"vertical_align\":\"middle\",\"title_position\":\"top-left\",\"title_rotation\":\"left\",\"title_breakpoint\":\"xl\",\"image_position\":\"center-center\",\"id\":\"b-marchepieds\"},\"children\":[{\"name\":\"\",\"type\":\"row\",\"children\":[{\"name\":\"\",\"type\":\"column\",\"props\":{\"image_position\":\"center-center\",\"media_overlay_gradient\":\"\",\"width_medium\":\"1-1\",\"position_sticky_breakpoint\":\"m\"},\"children\":[{\"type\":\"breadcrumbs\",\"props\":{\"show_home\":true,\"show_current\":true}}]}]},{\"name\":\"\",\"type\":\"row\",\"children\":[{\"name\":\"\",\"type\":\"column\",\"props\":{\"image_position\":\"center-center\",\"media_overlay_gradient\":\"\",\"width_medium\":\"1-1\",\"position_sticky_breakpoint\":\"m\"},\"children\":[{\"name\":\"\",\"type\":\"grid\",\"props\":{\"show_title\":true,\"show_meta\":true,\"show_content\":true,\"show_image\":true,\"show_link\":true,\"grid_default\":\"1\",\"grid_medium\":\"3\",\"filter_style\":\"tab\",\"filter_all\":true,\"filter_position\":\"top\",\"filter_align\":\"left\",\"filter_grid_width\":\"auto\",\"title_element\":\"h1\",\"meta_style\":\"meta\",\"meta_align\":\"below-title\",\"image_align\":\"top\",\"image_grid_width\":\"1-2\",\"link_text\":\"\",\"link_style\":\"default\",\"margin\":\"default\",\"filter_margin\":\"medium\",\"panel_style\":\"card-secondary\",\"title_style\":\"h6\",\"title_color\":\"danger\",\"link_size\":\"small\",\"text_align\":\"center\",\"item_animation\":true,\"filter\":true,\"filter_all_label\":\"All\",\"link_target\":true,\"class\":\"uk-text-uppercase\",\"image_svg_color\":\"emphasis\",\"title_hover_style\":\"reset\",\"title_align\":\"top\",\"title_grid_width\":\"1-2\",\"filter_grid_breakpoint\":\"m\",\"title_grid_breakpoint\":\"m\",\"image_grid_breakpoint\":\"m\",\"panel_link\":true,\"icon_width\":80,\"meta_element\":\"div\",\"content_column_breakpoint\":\"m\",\"panel_padding\":\"small\"},\"children\":[{\"name\":\"\",\"type\":\"grid_item\",\"props\":{\"image\":\"wp-content\\\/uploads\\\/2020\\\/10\\\/STEPCONCEPT-doc.TLS-TLM.2020.EN_.jpg\",\"link\":\"wp-content\\\/uploads\\\/2022\\\/02\\\/Catalogue-marchepieds-2022-TLS-TLM-EN.pdf\",\"tags\":\"Step\",\"title\":\"TLS TLM electric step\"}},{\"name\":\"\",\"type\":\"grid_item\",\"props\":{\"image\":\"wp-content\\\/uploads\\\/2020\\\/12\\\/STEPCONCEPT-doc.ROT_.2020.EN_.jpg\",\"link\":\"wp-content\\\/uploads\\\/2020\\\/12\\\/STEPCONCEPT-doc.ROT_.2020.EN_-1.pdf\",\"title\":\"ROT swivel electric step\",\"tags\":\"Step\",\"image_alt\":\"Electric swivel step\"}},{\"name\":\"\",\"type\":\"grid_item\",\"props\":{\"title\":\"Aluminium ramp\",\"image\":\"wp-content\\\/uploads\\\/2020\\\/12\\\/STEPCONCEPT-doc.RAMPE_.2020-EN.jpg\",\"link\":\"wp-content\\\/uploads\\\/2020\\\/12\\\/STEPCONCEPT-doc.RAMPE_.2020.EN_.pdf\",\"tags\":\"Ramp\",\"image_alt\":\"Aluminium ramp\"}},{\"name\":\"\",\"type\":\"grid_item\",\"props\":{\"title\":\"handle\",\"image\":\"wp-content\\\/uploads\\\/2020\\\/10\\\/STEPCONCEPT-doc.POIGNEE.2020.EN_-2.jpg\",\"link\":\"wp-content\\\/uploads\\\/2020\\\/10\\\/STEPCONCEPT-doc.POIGNEE.2020.EN_-1.pdf\",\"image_alt\":\"handle\",\"tags\":\"Accessories\"}},{\"name\":\"\",\"type\":\"grid_item\",\"props\":{\"title\":\"TBS non slip coating\",\"image\":\"wp-content\\\/uploads\\\/2018\\\/11\\\/STEPCONCEPT-doc.TBS_.2018.EN_Page_1.jpg\",\"link\":\"wp-content\\\/uploads\\\/2018\\\/11\\\/STEPCONCEPT-doc.TBS_.2018.EN_.pdf\",\"tags\":\"Accessories\"}}]}]}]}]},{\"name\":\"pub solutions\",\"type\":\"section\",\"props\":{\"style\":\"muted\",\"width\":\"default\",\"vertical_align\":\"middle\",\"title_position\":\"top-left\",\"title_rotation\":\"left\",\"title_breakpoint\":\"xl\",\"image_position\":\"center-center\",\"padding\":\"xsmall\",\"padding_remove_top\":true},\"children\":[{\"name\":\"\",\"type\":\"row\",\"props\":{\"layout\":\"1-2,1-2\",\"vertical_align\":true,\"column_gap\":\"small\",\"row_gap\":\"small\"},\"children\":[{\"name\":\"\",\"type\":\"column\",\"props\":{\"image_position\":\"center-center\",\"style\":\"secondary\",\"padding\":\"xsmall\",\"vertical_align\":\"middle\",\"media_overlay_gradient\":\"\",\"width_medium\":\"1-2\",\"position_sticky_breakpoint\":\"m\"},\"children\":[{\"name\":\"\",\"type\":\"headline\",\"props\":{\"title_element\":\"h2\",\"content\":\"Looking for a solution\",\"margin\":\"remove-vertical\"}},{\"name\":\"\",\"type\":\"headline\",\"props\":{\"title_element\":\"h5\",\"content\":\"that meets the specific needs of your vehicle?\",\"margin\":\"remove-vertical\"}}]},{\"name\":\"\",\"type\":\"column\",\"props\":{\"image_position\":\"center-center\",\"style\":\"secondary\",\"padding\":\"xsmall\",\"vertical_align\":\"middle\",\"media_overlay_gradient\":\"\",\"width_medium\":\"1-2\",\"position_sticky_breakpoint\":\"m\"},\"children\":[{\"name\":\"\",\"type\":\"headline\",\"props\":{\"title_element\":\"h2\",\"content\":\"Looking for an installer\",\"margin\":\"remove-vertical\"}},{\"name\":\"\",\"type\":\"headline\",\"props\":{\"title_element\":\"h5\",\"content\":\"near you ?\",\"margin\":\"remove-vertical\"}}]}]},{\"name\":\"\",\"type\":\"row\",\"children\":[{\"name\":\"\",\"type\":\"column\",\"props\":{\"image_position\":\"center-center\",\"media_overlay_gradient\":\"\",\"width_medium\":\"1-1\",\"position_sticky_breakpoint\":\"m\"},\"children\":[{\"name\":\"\",\"type\":\"button\",\"props\":{\"margin\":\"default\",\"text_align\":\"center\",\"grid_column_gap\":\"small\",\"grid_row_gap\":\"small\"},\"children\":[{\"name\":\"\",\"type\":\"button_item\",\"props\":{\"button_style\":\"secondary\",\"icon_align\":\"left\",\"content\":\"Contact-us\",\"link\":\"en\\\/contact-us\\\/\",\"icon\":\"mail\",\"link_title\":\"Contacter-nous\"}}]}]}]}]}],\"version\":\"2.7.16\"} --><\/p>\n","protected":false},"excerpt":{"rendered":"<p>Brochures PDF brochures TLS TLM electric step ROT swivel electric step Aluminium ramp handle TBS non slip coating Looking for a solution that meets the specific needs of your vehicle? Looking for an installer near you ? Contact-us<\/p>\n","protected":false},"author":1,"featured_media":0,"parent":0,"menu_order":12,"comment_status":"closed","ping_status":"closed","template":"","meta":{"_acf_changed":false,"footnotes":""},"class_list":["post-2516","page","type-page","status-publish","hentry"],"acf":[],"yoast_head":"<!-- This site is optimized with the Yoast SEO plugin v26.5 - https:\/\/yoast.com\/wordpress\/plugins\/seo\/ -->\n<title>Brochures - STEPCONCEPT<\/title>\n<meta name=\"robots\" content=\"index, follow, max-snippet:-1, max-image-preview:large, max-video-preview:-1\" \/>\n<link rel=\"canonical\" href=\"https:\/\/www.stepconcept.com\/en\/brochures\/\" \/>\n<meta property=\"og:locale\" content=\"en_US\" \/>\n<meta property=\"og:type\" content=\"article\" \/>\n<meta property=\"og:title\" content=\"Brochures - STEPCONCEPT\" \/>\n<meta property=\"og:description\" content=\"Brochures PDF brochures TLS TLM electric step ROT swivel electric step Aluminium ramp handle TBS non slip coating Looking for a solution that meets the specific needs of your vehicle? Looking for an installer near you ? Contact-us\" \/>\n<meta property=\"og:url\" content=\"https:\/\/www.stepconcept.com\/en\/brochures\/\" \/>\n<meta property=\"og:site_name\" content=\"STEPCONCEPT\" \/>\n<meta property=\"article:publisher\" content=\"https:\/\/www.facebook.com\/stepconcept53\/\" \/>\n<meta property=\"article:modified_time\" content=\"2022-02-15T09:13:29+00:00\" \/>\n<meta property=\"og:image\" content=\"https:\/\/www.stepconcept.com\/wp-content\/uploads\/2020\/10\/STEPCONCEPT-doc.TLS-TLM.2020.EN_.jpg\" \/>\n<meta name=\"twitter:card\" content=\"summary_large_image\" \/>\n<script type=\"application\/ld+json\" class=\"yoast-schema-graph\">{\"@context\":\"https:\/\/schema.org\",\"@graph\":[{\"@type\":\"WebPage\",\"@id\":\"https:\/\/www.stepconcept.com\/en\/brochures\/\",\"url\":\"https:\/\/www.stepconcept.com\/en\/brochures\/\",\"name\":\"Brochures - STEPCONCEPT\",\"isPartOf\":{\"@id\":\"https:\/\/www.stepconcept.com\/en\/#website\"},\"datePublished\":\"2018-08-30T07:41:16+00:00\",\"dateModified\":\"2022-02-15T09:13:29+00:00\",\"breadcrumb\":{\"@id\":\"https:\/\/www.stepconcept.com\/en\/brochures\/#breadcrumb\"},\"inLanguage\":\"en-US\",\"potentialAction\":[{\"@type\":\"ReadAction\",\"target\":[\"https:\/\/www.stepconcept.com\/en\/brochures\/\"]}]},{\"@type\":\"BreadcrumbList\",\"@id\":\"https:\/\/www.stepconcept.com\/en\/brochures\/#breadcrumb\",\"itemListElement\":[{\"@type\":\"ListItem\",\"position\":1,\"name\":\"Accueil\",\"item\":\"https:\/\/www.stepconcept.com\/en\/\"},{\"@type\":\"ListItem\",\"position\":2,\"name\":\"Brochures\"}]},{\"@type\":\"WebSite\",\"@id\":\"https:\/\/www.stepconcept.com\/en\/#website\",\"url\":\"https:\/\/www.stepconcept.com\/en\/\",\"name\":\"Step Concept\",\"description\":\"Syst\u00e8me d&#039;acc\u00e8s pour v\u00e9hicule\",\"publisher\":{\"@id\":\"https:\/\/www.stepconcept.com\/en\/#organization\"},\"potentialAction\":[{\"@type\":\"SearchAction\",\"target\":{\"@type\":\"EntryPoint\",\"urlTemplate\":\"https:\/\/www.stepconcept.com\/en\/?s={search_term_string}\"},\"query-input\":{\"@type\":\"PropertyValueSpecification\",\"valueRequired\":true,\"valueName\":\"search_term_string\"}}],\"inLanguage\":\"en-US\"},{\"@type\":\"Organization\",\"@id\":\"https:\/\/www.stepconcept.com\/en\/#organization\",\"name\":\"Stepconcept\",\"url\":\"https:\/\/www.stepconcept.com\/en\/\",\"logo\":{\"@type\":\"ImageObject\",\"inLanguage\":\"en-US\",\"@id\":\"https:\/\/www.stepconcept.com\/en\/#\/schema\/logo\/image\/\",\"url\":\"https:\/\/www.stepconcept.com\/wp-content\/uploads\/2018\/09\/Logo-STEPCONCEPT-03.png\",\"contentUrl\":\"https:\/\/www.stepconcept.com\/wp-content\/uploads\/2018\/09\/Logo-STEPCONCEPT-03.png\",\"width\":568,\"height\":151,\"caption\":\"Stepconcept\"},\"image\":{\"@id\":\"https:\/\/www.stepconcept.com\/en\/#\/schema\/logo\/image\/\"},\"sameAs\":[\"https:\/\/www.facebook.com\/stepconcept53\/\"]}]}<\/script>\n<!-- \/ Yoast SEO plugin. -->","yoast_head_json":{"title":"Brochures - STEPCONCEPT","robots":{"index":"index","follow":"follow","max-snippet":"max-snippet:-1","max-image-preview":"max-image-preview:large","max-video-preview":"max-video-preview:-1"},"canonical":"https:\/\/www.stepconcept.com\/en\/brochures\/","og_locale":"en_US","og_type":"article","og_title":"Brochures - STEPCONCEPT","og_description":"Brochures PDF brochures TLS TLM electric step ROT swivel electric step Aluminium ramp handle TBS non slip coating Looking for a solution that meets the specific needs of your vehicle? Looking for an installer near you ? Contact-us","og_url":"https:\/\/www.stepconcept.com\/en\/brochures\/","og_site_name":"STEPCONCEPT","article_publisher":"https:\/\/www.facebook.com\/stepconcept53\/","article_modified_time":"2022-02-15T09:13:29+00:00","og_image":[{"url":"https:\/\/www.stepconcept.com\/wp-content\/uploads\/2020\/10\/STEPCONCEPT-doc.TLS-TLM.2020.EN_.jpg","type":"","width":"","height":""}],"twitter_card":"summary_large_image","schema":{"@context":"https:\/\/schema.org","@graph":[{"@type":"WebPage","@id":"https:\/\/www.stepconcept.com\/en\/brochures\/","url":"https:\/\/www.stepconcept.com\/en\/brochures\/","name":"Brochures - STEPCONCEPT","isPartOf":{"@id":"https:\/\/www.stepconcept.com\/en\/#website"},"datePublished":"2018-08-30T07:41:16+00:00","dateModified":"2022-02-15T09:13:29+00:00","breadcrumb":{"@id":"https:\/\/www.stepconcept.com\/en\/brochures\/#breadcrumb"},"inLanguage":"en-US","potentialAction":[{"@type":"ReadAction","target":["https:\/\/www.stepconcept.com\/en\/brochures\/"]}]},{"@type":"BreadcrumbList","@id":"https:\/\/www.stepconcept.com\/en\/brochures\/#breadcrumb","itemListElement":[{"@type":"ListItem","position":1,"name":"Accueil","item":"https:\/\/www.stepconcept.com\/en\/"},{"@type":"ListItem","position":2,"name":"Brochures"}]},{"@type":"WebSite","@id":"https:\/\/www.stepconcept.com\/en\/#website","url":"https:\/\/www.stepconcept.com\/en\/","name":"Step Concept","description":"Syst\u00e8me d&#039;acc\u00e8s pour v\u00e9hicule","publisher":{"@id":"https:\/\/www.stepconcept.com\/en\/#organization"},"potentialAction":[{"@type":"SearchAction","target":{"@type":"EntryPoint","urlTemplate":"https:\/\/www.stepconcept.com\/en\/?s={search_term_string}"},"query-input":{"@type":"PropertyValueSpecification","valueRequired":true,"valueName":"search_term_string"}}],"inLanguage":"en-US"},{"@type":"Organization","@id":"https:\/\/www.stepconcept.com\/en\/#organization","name":"Stepconcept","url":"https:\/\/www.stepconcept.com\/en\/","logo":{"@type":"ImageObject","inLanguage":"en-US","@id":"https:\/\/www.stepconcept.com\/en\/#\/schema\/logo\/image\/","url":"https:\/\/www.stepconcept.com\/wp-content\/uploads\/2018\/09\/Logo-STEPCONCEPT-03.png","contentUrl":"https:\/\/www.stepconcept.com\/wp-content\/uploads\/2018\/09\/Logo-STEPCONCEPT-03.png","width":568,"height":151,"caption":"Stepconcept"},"image":{"@id":"https:\/\/www.stepconcept.com\/en\/#\/schema\/logo\/image\/"},"sameAs":["https:\/\/www.facebook.com\/stepconcept53\/"]}]}},"_links":{"self":[{"href":"https:\/\/www.stepconcept.com\/en\/wp-json\/wp\/v2\/pages\/2516","targetHints":{"allow":["GET"]}}],"collection":[{"href":"https:\/\/www.stepconcept.com\/en\/wp-json\/wp\/v2\/pages"}],"about":[{"href":"https:\/\/www.stepconcept.com\/en\/wp-json\/wp\/v2\/types\/page"}],"author":[{"embeddable":true,"href":"https:\/\/www.stepconcept.com\/en\/wp-json\/wp\/v2\/users\/1"}],"replies":[{"embeddable":true,"href":"https:\/\/www.stepconcept.com\/en\/wp-json\/wp\/v2\/comments?post=2516"}],"version-history":[{"count":39,"href":"https:\/\/www.stepconcept.com\/en\/wp-json\/wp\/v2\/pages\/2516\/revisions"}],"predecessor-version":[{"id":5233,"href":"https:\/\/www.stepconcept.com\/en\/wp-json\/wp\/v2\/pages\/2516\/revisions\/5233"}],"wp:attachment":[{"href":"https:\/\/www.stepconcept.com\/en\/wp-json\/wp\/v2\/media?parent=2516"}],"curies":[{"name":"wp","href":"https:\/\/api.w.org\/{rel}","templated":true}]}}