{"id":2522,"date":"2018-08-30T09:34:39","date_gmt":"2018-08-30T07:34:39","guid":{"rendered":"https:\/\/www.stepconcept.com\/V2\/produits\/accessoires\/"},"modified":"2019-06-28T09:38:42","modified_gmt":"2019-06-28T07:38:42","slug":"accessories","status":"publish","type":"page","link":"https:\/\/www.stepconcept.com\/en\/products\/accessories\/","title":{"rendered":"Accessories"},"content":{"rendered":"<p><!-- Builder # --><\/p>\n<ul>\n<li>\n<p>        <img decoding=\"async\" src=\"wp-content\/uploads\/2018\/07\/marchepied-telescopique.jpg\" alt=\"\"><\/p>\n<h3>Accessories<\/h3>\n<p>A wide range of accessories<\/p>\n<\/li>\n<li>\n<p>        <img decoding=\"async\" src=\"wp-content\/uploads\/2018\/10\/HERO-PRODUCT-poignee-montoire-1.jpg\" alt=\"\"><\/p>\n<h3>Accessories<\/h3>\n<p>A wide range of accessories<\/p>\n<\/li>\n<li>\n<p>        <img decoding=\"async\" src=\"wp-content\/uploads\/2018\/10\/HERO-PRODUCT-tbs.jpg\" alt=\"\"><\/p>\n<h3>Accessories<\/h3>\n<p>A wide range of accessories<\/p>\n<\/li>\n<\/ul>\n<h4>Discover our accessories<\/h4>\n<p><a href=\"en\/products\/accessories\/tbs-non-slip-coating\/\"><img decoding=\"async\" src=\"wp-content\/uploads\/2018\/10\/TBS-02.jpg\" alt=\"\"><\/a><\/p>\n<p>\n    <a href=\"en\/products\/accessories\/tbs-non-slip-coating\/\">TBS non-slip coating<\/a>\n<\/p>\n<p><a href=\"en\/products\/accessories\/handles\/\"><img decoding=\"async\" src=\"wp-content\/uploads\/2018\/10\/poignee-montoire.jpg\" alt=\"\"><\/a><\/p>\n<p>\n    <a href=\"en\/products\/accessories\/handles\/\">Handles<\/a>\n<\/p>\n<p><!-- {\"name\":\"marchepied\",\"type\":\"layout\",\"children\":[{\"name\":\"Hero products\",\"type\":\"section\",\"props\":{\"width\":\"\",\"padding\":\"none\",\"style\":\"secondary\",\"text_color\":\"\",\"media\":\"images\\\/home-header.jpg\",\"height_viewport\":true,\"header_overlay\":\"light\",\"image\":\"\",\"media_advanced\":true,\"image_size\":\"cover\",\"media_background\":null,\"media_overlay\":null,\"height\":\"\",\"animation\":\"\",\"header_transparent\":\"light\",\"image_position\":\"bottom-right\",\"image_width\":\"1920\",\"image_height\":\"\",\"image_fixed\":false,\"media_blend_mode\":\"\",\"overlap\":false,\"padding_remove_bottom\":false,\"image_visibility\":\"m\",\"image_effect\":\"parallax\",\"image_parallax\":-540,\"padding_remove_top\":false,\"image_parallax_bgx_start\":\"\",\"image_parallax_bgy_start\":\"\",\"image_parallax_bgy_end\":\"100\",\"vertical_align\":\"\",\"title_position\":\"top-left\",\"title_rotation\":\"left\",\"title_breakpoint\":\"xl\",\"header_transparent_noplaceholder\":false},\"children\":[{\"name\":\"\",\"type\":\"row\",\"props\":{\"layout\":\"1-1\",\"breakpoint\":\"m\",\"fixed_width\":\"large\",\"margin\":\"\",\"vertical_align\":false,\"match\":false,\"width\":\"\",\"gutter\":\"collapse\",\"divider\":false},\"children\":[{\"name\":\"\",\"type\":\"column\",\"props\":{\"image_position\":\"center-center\",\"widths\":[\"1-1\"],\"style\":\"\",\"image\":\"\",\"image_size\":\"cover\",\"media_overlay_gradient\":\"\"},\"children\":[{\"name\":\"Slideshow products category\",\"type\":\"slideshow\",\"props\":{\"show_title\":true,\"show_meta\":true,\"show_content\":true,\"show_link\":true,\"show_thumbnail\":true,\"slideshow_min_height\":300,\"slideshow_autoplay_pause\":false,\"nav\":\"dotnav\",\"nav_position\":\"bottom-center\",\"nav_position_margin\":\"medium\",\"nav_align\":\"center\",\"nav_breakpoint\":\"s\",\"thumbnav_width\":\"100\",\"thumbnav_height\":\"75\",\"slidenav\":\"\",\"slidenav_margin\":\"medium\",\"slidenav_breakpoint\":\"s\",\"slidenav_outside_breakpoint\":\"xl\",\"overlay_position\":\"center-left\",\"overlay_animation\":\"parallax\",\"title_element\":\"h3\",\"meta_style\":\"h4\",\"meta_align\":\"below-title\",\"link_text\":\"Read more\",\"link_style\":\"default\",\"margin\":\"default\",\"slideshow_animation\":\"fade\",\"slideshow_autoplay\":true,\"overlay_container\":\"default\",\"title_style\":\"heading-medium\",\"meta_margin\":\"small\",\"overlay_container_padding\":\"large\",\"slideshow_height\":\"section\",\"content_style\":\"\",\"slideshow_autoplay_interval\":10,\"slideshow_kenburns\":\"alternate\",\"text_color\":\"\",\"slideshow_box_shadow\":\"\",\"nav_color\":\"\",\"slidenav_outside_color\":\"\",\"overlay_margin\":\"\",\"overlay_style\":\"\",\"overlay_padding\":\"\",\"overlay_width\":\"\",\"title_decoration\":\"\",\"title_color\":\"\",\"link_size\":\"\",\"text_align\":\"\",\"text_align_breakpoint\":\"\",\"text_align_fallback\":\"\",\"maxwidth\":\"\",\"maxwidth_breakpoint\":\"\",\"animation\":\"\",\"visibility\":\"\",\"thumbnav_svg_color\":\"emphasis\",\"slideshow_box_decoration\":\"\",\"nav_margin\":\"\",\"title_margin\":\"\",\"meta_color\":\"\",\"content_margin\":\"\",\"link_margin\":\"\",\"block_align\":\"\"},\"children\":[{\"name\":\"\",\"type\":\"slideshow_item\",\"props\":{\"image\":\"wp-content\\\/uploads\\\/2018\\\/07\\\/marchepied-telescopique.jpg\",\"title\":\"Accessories\",\"meta\":\"A wide range of accessories\",\"content\":\"\",\"text_color\":\"\"}},{\"name\":\"\",\"type\":\"slideshow_item\",\"props\":{\"image\":\"wp-content\\\/uploads\\\/2018\\\/10\\\/HERO-PRODUCT-poignee-montoire-1.jpg\",\"title\":\"Accessories\",\"meta\":\"A wide range of accessories\",\"content\":\"\",\"text_color\":\"\"}},{\"name\":\"\",\"type\":\"slideshow_item\",\"props\":{\"image\":\"wp-content\\\/uploads\\\/2018\\\/10\\\/HERO-PRODUCT-tbs.jpg\",\"title\":\"Accessories\",\"meta\":\"A wide range of accessories\",\"content\":\"\",\"text_color\":\"\"}}]}]}]}]},{\"name\":\"Produits\",\"type\":\"section\",\"props\":{\"style\":\"default\",\"width\":\"default\",\"vertical_align\":\"middle\",\"title_position\":\"top-left\",\"title_rotation\":\"left\",\"title_breakpoint\":\"xl\",\"image_position\":\"center-center\",\"padding\":\"\",\"animation_delay\":true,\"animation\":\"fade\",\"image_effect\":\"\"},\"children\":[{\"name\":\"\",\"type\":\"row\",\"props\":{\"fixed_width\":\"large\",\"breakpoint\":\"m\",\"layout\":\"1-1\"},\"children\":[{\"name\":\"\",\"type\":\"column\",\"props\":{\"widths\":[\"1-1\"],\"image_position\":\"center-center\",\"media_overlay_gradient\":\"\"},\"children\":[{\"name\":\"\",\"type\":\"wordpress_widget\",\"props\":{\"menu_style\":\"nav\",\"widget\":\"breadcrumbs-2\",\"type\":\"breadcrumbs\",\"class\":\"breadcrumb\",\"style\":\"\",\"title_style\":\"\",\"title_decoration\":\"\",\"title_color\":\"\",\"list_style\":\"\",\"link_style\":\"\",\"text_align\":\"\",\"text_align_breakpoint\":\"\",\"text_align_fallback\":\"\",\"maxwidth\":\"\",\"maxwidth_breakpoint\":\"\",\"margin\":\"\",\"animation\":\"\",\"visibility\":\"\",\"block_align\":\"\",\"position\":\"\",\"position_z_index\":\"\",\"block_align_breakpoint\":\"\",\"block_align_fallback\":\"\"}}]}]},{\"name\":\"\",\"type\":\"row\",\"props\":{\"fixed_width\":\"large\",\"breakpoint\":\"m\",\"layout\":\"1-1\"},\"children\":[{\"name\":\"\",\"type\":\"column\",\"props\":{\"widths\":[\"1-1\"],\"image_position\":\"center-center\",\"media_overlay_gradient\":\"\"},\"children\":[{\"name\":\"\",\"type\":\"headline\",\"props\":{\"title_element\":\"h4\",\"content\":\"Discover our accessories\",\"title_color\":\"\",\"title_decoration\":\"bullet\",\"maxwidth\":\"\",\"text_align\":\"justify\",\"animation\":\"slide-top-medium\",\"title_style\":\"\",\"text_align_breakpoint\":\"\",\"text_align_fallback\":\"\",\"maxwidth_breakpoint\":\"\",\"margin\":\"\",\"visibility\":\"\",\"block_align\":\"center\"}}]}]},{\"name\":\"\",\"type\":\"row\",\"props\":{\"fixed_width\":\"large\",\"breakpoint\":\"m\",\"layout\":\",\",\"gutter\":\"\",\"width\":\"small\",\"margin\":\"\"},\"children\":[{\"name\":\"\",\"type\":\"column\",\"props\":{\"widths\":[\"\"],\"image_position\":\"center-center\",\"style\":\"secondary\",\"padding\":\"xsmall\",\"media_overlay_gradient\":\"\"},\"children\":[{\"name\":\"\",\"type\":\"image\",\"props\":{\"margin\":\"default\",\"image\":\"wp-content\\\/uploads\\\/2018\\\/10\\\/TBS-02.jpg\",\"link\":\"en\\\/products\\\/accessories\\\/tbs-non-slip-coating\\\/\",\"link_target\":\"\",\"image_border\":\"\",\"image_box_shadow\":\"\",\"image_hover_box_shadow\":\"\",\"text_align\":\"\",\"text_align_breakpoint\":\"\",\"text_align_fallback\":\"\",\"maxwidth\":\"\",\"maxwidth_breakpoint\":\"\",\"animation\":\"\",\"visibility\":\"\",\"image_width\":\"500\",\"image_height\":\"250\",\"image_svg_color\":\"emphasis\",\"image_box_decoration\":\"\",\"block_align\":\"\"}},{\"name\":\"\",\"type\":\"button\",\"props\":{\"gutter\":\"small\",\"margin\":\"default\",\"button_size\":\"small\",\"text_align\":\"center\",\"fullwidth\":false,\"text_align_breakpoint\":\"\",\"text_align_fallback\":\"\",\"maxwidth\":\"\",\"maxwidth_breakpoint\":\"\",\"animation\":\"\",\"visibility\":\"\",\"block_align\":\"\"},\"children\":[{\"name\":\"\",\"type\":\"button_item\",\"props\":{\"button_style\":\"secondary\",\"icon_align\":\"left\",\"content\":\"TBS non-slip coating\",\"link\":\"en\\\/products\\\/accessories\\\/tbs-non-slip-coating\\\/\",\"link_title\":\"TBS non-slip coating\",\"link_target\":\"\"}}]}]},{\"name\":\"\",\"type\":\"column\",\"props\":{\"widths\":[\"\"],\"image_position\":\"center-center\",\"style\":\"secondary\",\"padding\":\"xsmall\",\"media_overlay_gradient\":\"\"},\"children\":[{\"name\":\"\",\"type\":\"image\",\"props\":{\"margin\":\"default\",\"image\":\"wp-content\\\/uploads\\\/2018\\\/10\\\/poignee-montoire.jpg\",\"link\":\"en\\\/products\\\/accessories\\\/handles\\\/\",\"image_hover_box_shadow\":\"\",\"link_target\":\"\",\"image_border\":\"\",\"image_box_shadow\":\"\",\"text_align\":\"\",\"text_align_breakpoint\":\"\",\"text_align_fallback\":\"\",\"maxwidth\":\"\",\"maxwidth_breakpoint\":\"\",\"animation\":\"\",\"visibility\":\"\",\"image_width\":\"500\",\"image_height\":\"250\",\"image_svg_color\":\"emphasis\",\"image_box_decoration\":\"\",\"block_align\":\"\"}},{\"name\":\"\",\"type\":\"button\",\"props\":{\"gutter\":\"small\",\"margin\":\"default\",\"button_size\":\"small\",\"text_align\":\"center\",\"fullwidth\":false,\"text_align_breakpoint\":\"\",\"text_align_fallback\":\"\",\"maxwidth\":\"\",\"maxwidth_breakpoint\":\"\",\"animation\":\"\",\"visibility\":\"\",\"block_align\":\"\"},\"children\":[{\"name\":\"\",\"type\":\"button_item\",\"props\":{\"button_style\":\"secondary\",\"icon_align\":\"left\",\"content\":\"Handles\",\"link\":\"en\\\/products\\\/accessories\\\/handles\\\/\",\"link_title\":\"Handles\",\"link_target\":\"\"}}]}]}]}]}],\"props\":[],\"version\":\"1.20.6\"} --><\/p>\n","protected":false},"excerpt":{"rendered":"<p>Accessories A wide range of accessories Accessories A wide range of accessories Accessories A wide range of accessories Discover our accessories TBS non-slip coating Handles<\/p>\n","protected":false},"author":1,"featured_media":0,"parent":2520,"menu_order":0,"comment_status":"closed","ping_status":"closed","template":"","meta":{"_acf_changed":false,"footnotes":""},"class_list":["post-2522","page","type-page","status-publish","hentry"],"acf":[],"yoast_head":"<!-- This site is optimized with the Yoast SEO plugin v26.5 - https:\/\/yoast.com\/wordpress\/plugins\/seo\/ -->\n<title>Accessories - STEPCONCEPT<\/title>\n<meta name=\"robots\" content=\"index, follow, max-snippet:-1, max-image-preview:large, max-video-preview:-1\" \/>\n<link rel=\"canonical\" href=\"https:\/\/www.stepconcept.com\/en\/products\/accessories\/\" \/>\n<meta property=\"og:locale\" content=\"en_US\" \/>\n<meta property=\"og:type\" content=\"article\" \/>\n<meta property=\"og:title\" content=\"Accessories - STEPCONCEPT\" \/>\n<meta property=\"og:description\" content=\"Accessories A wide range of accessories Accessories A wide range of accessories Accessories A wide range of accessories Discover our accessories TBS non-slip coating Handles\" \/>\n<meta property=\"og:url\" content=\"https:\/\/www.stepconcept.com\/en\/products\/accessories\/\" \/>\n<meta property=\"og:site_name\" content=\"STEPCONCEPT\" \/>\n<meta property=\"article:publisher\" content=\"https:\/\/www.facebook.com\/stepconcept53\/\" \/>\n<meta property=\"article:modified_time\" content=\"2019-06-28T07:38:42+00:00\" \/>\n<meta property=\"og:image\" content=\"http:\/\/wp-content\/uploads\/2018\/07\/marchepied-telescopique.jpg\" \/>\n<meta name=\"twitter:card\" content=\"summary_large_image\" \/>\n<script type=\"application\/ld+json\" class=\"yoast-schema-graph\">{\"@context\":\"https:\/\/schema.org\",\"@graph\":[{\"@type\":\"WebPage\",\"@id\":\"https:\/\/www.stepconcept.com\/en\/products\/accessories\/\",\"url\":\"https:\/\/www.stepconcept.com\/en\/products\/accessories\/\",\"name\":\"Accessories - STEPCONCEPT\",\"isPartOf\":{\"@id\":\"https:\/\/www.stepconcept.com\/en\/#website\"},\"datePublished\":\"2018-08-30T07:34:39+00:00\",\"dateModified\":\"2019-06-28T07:38:42+00:00\",\"breadcrumb\":{\"@id\":\"https:\/\/www.stepconcept.com\/en\/products\/accessories\/#breadcrumb\"},\"inLanguage\":\"en-US\",\"potentialAction\":[{\"@type\":\"ReadAction\",\"target\":[\"https:\/\/www.stepconcept.com\/en\/products\/accessories\/\"]}]},{\"@type\":\"BreadcrumbList\",\"@id\":\"https:\/\/www.stepconcept.com\/en\/products\/accessories\/#breadcrumb\",\"itemListElement\":[{\"@type\":\"ListItem\",\"position\":1,\"name\":\"Accueil\",\"item\":\"https:\/\/www.stepconcept.com\/en\/\"},{\"@type\":\"ListItem\",\"position\":2,\"name\":\"Products\",\"item\":\"https:\/\/www.stepconcept.com\/en\/produits\/\"},{\"@type\":\"ListItem\",\"position\":3,\"name\":\"Accessories\"}]},{\"@type\":\"WebSite\",\"@id\":\"https:\/\/www.stepconcept.com\/en\/#website\",\"url\":\"https:\/\/www.stepconcept.com\/en\/\",\"name\":\"Step Concept\",\"description\":\"Syst\u00e8me d&#039;acc\u00e8s pour v\u00e9hicule\",\"publisher\":{\"@id\":\"https:\/\/www.stepconcept.com\/en\/#organization\"},\"potentialAction\":[{\"@type\":\"SearchAction\",\"target\":{\"@type\":\"EntryPoint\",\"urlTemplate\":\"https:\/\/www.stepconcept.com\/en\/?s={search_term_string}\"},\"query-input\":{\"@type\":\"PropertyValueSpecification\",\"valueRequired\":true,\"valueName\":\"search_term_string\"}}],\"inLanguage\":\"en-US\"},{\"@type\":\"Organization\",\"@id\":\"https:\/\/www.stepconcept.com\/en\/#organization\",\"name\":\"Stepconcept\",\"url\":\"https:\/\/www.stepconcept.com\/en\/\",\"logo\":{\"@type\":\"ImageObject\",\"inLanguage\":\"en-US\",\"@id\":\"https:\/\/www.stepconcept.com\/en\/#\/schema\/logo\/image\/\",\"url\":\"https:\/\/www.stepconcept.com\/wp-content\/uploads\/2018\/09\/Logo-STEPCONCEPT-03.png\",\"contentUrl\":\"https:\/\/www.stepconcept.com\/wp-content\/uploads\/2018\/09\/Logo-STEPCONCEPT-03.png\",\"width\":568,\"height\":151,\"caption\":\"Stepconcept\"},\"image\":{\"@id\":\"https:\/\/www.stepconcept.com\/en\/#\/schema\/logo\/image\/\"},\"sameAs\":[\"https:\/\/www.facebook.com\/stepconcept53\/\"]}]}<\/script>\n<!-- \/ Yoast SEO plugin. -->","yoast_head_json":{"title":"Accessories - STEPCONCEPT","robots":{"index":"index","follow":"follow","max-snippet":"max-snippet:-1","max-image-preview":"max-image-preview:large","max-video-preview":"max-video-preview:-1"},"canonical":"https:\/\/www.stepconcept.com\/en\/products\/accessories\/","og_locale":"en_US","og_type":"article","og_title":"Accessories - STEPCONCEPT","og_description":"Accessories A wide range of accessories Accessories A wide range of accessories Accessories A wide range of accessories Discover our accessories TBS non-slip coating Handles","og_url":"https:\/\/www.stepconcept.com\/en\/products\/accessories\/","og_site_name":"STEPCONCEPT","article_publisher":"https:\/\/www.facebook.com\/stepconcept53\/","article_modified_time":"2019-06-28T07:38:42+00:00","og_image":[{"url":"wp-content\/uploads\/2018\/07\/marchepied-telescopique.jpg","type":"","width":"","height":""}],"twitter_card":"summary_large_image","schema":{"@context":"https:\/\/schema.org","@graph":[{"@type":"WebPage","@id":"https:\/\/www.stepconcept.com\/en\/products\/accessories\/","url":"https:\/\/www.stepconcept.com\/en\/products\/accessories\/","name":"Accessories - STEPCONCEPT","isPartOf":{"@id":"https:\/\/www.stepconcept.com\/en\/#website"},"datePublished":"2018-08-30T07:34:39+00:00","dateModified":"2019-06-28T07:38:42+00:00","breadcrumb":{"@id":"https:\/\/www.stepconcept.com\/en\/products\/accessories\/#breadcrumb"},"inLanguage":"en-US","potentialAction":[{"@type":"ReadAction","target":["https:\/\/www.stepconcept.com\/en\/products\/accessories\/"]}]},{"@type":"BreadcrumbList","@id":"https:\/\/www.stepconcept.com\/en\/products\/accessories\/#breadcrumb","itemListElement":[{"@type":"ListItem","position":1,"name":"Accueil","item":"https:\/\/www.stepconcept.com\/en\/"},{"@type":"ListItem","position":2,"name":"Products","item":"https:\/\/www.stepconcept.com\/en\/produits\/"},{"@type":"ListItem","position":3,"name":"Accessories"}]},{"@type":"WebSite","@id":"https:\/\/www.stepconcept.com\/en\/#website","url":"https:\/\/www.stepconcept.com\/en\/","name":"Step Concept","description":"Syst\u00e8me d&#039;acc\u00e8s pour v\u00e9hicule","publisher":{"@id":"https:\/\/www.stepconcept.com\/en\/#organization"},"potentialAction":[{"@type":"SearchAction","target":{"@type":"EntryPoint","urlTemplate":"https:\/\/www.stepconcept.com\/en\/?s={search_term_string}"},"query-input":{"@type":"PropertyValueSpecification","valueRequired":true,"valueName":"search_term_string"}}],"inLanguage":"en-US"},{"@type":"Organization","@id":"https:\/\/www.stepconcept.com\/en\/#organization","name":"Stepconcept","url":"https:\/\/www.stepconcept.com\/en\/","logo":{"@type":"ImageObject","inLanguage":"en-US","@id":"https:\/\/www.stepconcept.com\/en\/#\/schema\/logo\/image\/","url":"https:\/\/www.stepconcept.com\/wp-content\/uploads\/2018\/09\/Logo-STEPCONCEPT-03.png","contentUrl":"https:\/\/www.stepconcept.com\/wp-content\/uploads\/2018\/09\/Logo-STEPCONCEPT-03.png","width":568,"height":151,"caption":"Stepconcept"},"image":{"@id":"https:\/\/www.stepconcept.com\/en\/#\/schema\/logo\/image\/"},"sameAs":["https:\/\/www.facebook.com\/stepconcept53\/"]}]}},"_links":{"self":[{"href":"https:\/\/www.stepconcept.com\/en\/wp-json\/wp\/v2\/pages\/2522","targetHints":{"allow":["GET"]}}],"collection":[{"href":"https:\/\/www.stepconcept.com\/en\/wp-json\/wp\/v2\/pages"}],"about":[{"href":"https:\/\/www.stepconcept.com\/en\/wp-json\/wp\/v2\/types\/page"}],"author":[{"embeddable":true,"href":"https:\/\/www.stepconcept.com\/en\/wp-json\/wp\/v2\/users\/1"}],"replies":[{"embeddable":true,"href":"https:\/\/www.stepconcept.com\/en\/wp-json\/wp\/v2\/comments?post=2522"}],"version-history":[{"count":7,"href":"https:\/\/www.stepconcept.com\/en\/wp-json\/wp\/v2\/pages\/2522\/revisions"}],"predecessor-version":[{"id":3472,"href":"https:\/\/www.stepconcept.com\/en\/wp-json\/wp\/v2\/pages\/2522\/revisions\/3472"}],"up":[{"embeddable":true,"href":"https:\/\/www.stepconcept.com\/en\/wp-json\/wp\/v2\/pages\/2520"}],"wp:attachment":[{"href":"https:\/\/www.stepconcept.com\/en\/wp-json\/wp\/v2\/media?parent=2522"}],"curies":[{"name":"wp","href":"https:\/\/api.w.org\/{rel}","templated":true}]}}