{"id":2523,"date":"2018-09-06T17:21:42","date_gmt":"2018-09-06T15:21:42","guid":{"rendered":"https:\/\/www.stepconcept.com\/V2\/produits\/accessoires\/poignee-montoire\/"},"modified":"2020-10-27T09:46:55","modified_gmt":"2020-10-27T08:46:55","slug":"handles","status":"publish","type":"page","link":"https:\/\/www.stepconcept.com\/en\/products\/accessories\/handles\/","title":{"rendered":"Handles"},"content":{"rendered":"<div>\n<p>    <img decoding=\"async\" src=\"\/wp-content\/uploads\/2018\/10\/HERO-PRODUCT-poignee-montoire-1.jpg\" alt=\"Straight &#038; offset handles\"><\/p>\n<div>\n<h1 class=\"uk-margin-remove-vertical uk-text-left uk-heading-hero\">Accessories<br \/><span style=\"color: #ff0000;\"><small>Straight &#038; offset handles<\/small><\/span><\/h1>\n<\/div>\n<\/div>\n<h1>handles<\/h1>\n<h2>Straight <strong>handles<\/strong><\/h2>\n<ul>\n<li>\n<h3>Material<\/h3>\n<p>Polyurethane<\/p>\n<\/li>\n<li>\n<h3>Density<\/h3>\n<p>350 Kg\/m3<\/p>\n<\/li>\n<li>\n<h3>Hardness<\/h3>\n<p>50 Shore A<\/p>\n<\/li>\n<li>\n<h3>Reinforcing strip<\/h3>\n<p>Steel blade SAE 1010<\/p>\n<\/li>\n<\/ul>\n<h3><strong>Grey <\/strong>yellow strip<\/h3>\n<p><img decoding=\"async\" src=\"\/wp-content\/uploads\/2020\/10\/poignee-montoir-gris-bande-jaune.jpg\" alt=\"Poign\u00e9e montoir gris bande jaune\"><\/p>\n<h3><strong>Yellow<\/strong><\/h3>\n<p><img decoding=\"async\" src=\"\/wp-content\/uploads\/2020\/10\/poignee-montoir-jaune.jpg\" alt=\"poign\u00e9e montoir jaune\"><\/p>\n<h1>Dimensions<\/h1>\n<div>\n<table class=\"uk-table uk-table-striped alignleft\">\n<thead>\n<tr>\n<th colspan=\"1\">GREY<\/th>\n<th colspan=\"1\">YELLOW<\/th>\n<th colspan=\"1\">L1<\/th>\n<th colspan=\"1\">L2<\/th>\n<th colspan=\"1\">L3<\/th>\n<th colspan=\"1\">L4<\/th>\n<\/tr>\n<\/thead>\n<tbody>\n<tr>\n<td><strong>20104<\/strong><\/td>\n<td><strong>20144<\/strong><\/td>\n<td>181<\/td>\n<td>310<\/td>\n<td>260<\/td>\n<td>165<\/td>\n<\/tr>\n<tr>\n<td><strong>20105<\/strong><\/td>\n<td><strong>20145<\/strong><\/td>\n<td>462<\/td>\n<td>590<\/td>\n<td>530<\/td>\n<td>315<\/td>\n<\/tr>\n<tr>\n<td><strong>20106<\/strong><\/td>\n<td><strong>20146<\/strong><\/td>\n<td>622<\/td>\n<td>750<\/td>\n<td>690<\/td>\n<td>475<\/td>\n<\/tr>\n<\/tbody>\n<\/table>\n<p><strong>Colors :<\/strong> Grey RAL 7042 | Yellow<\/p>\n<\/div>\n<p><a href=\"\/wp-content\/uploads\/2018\/10\/dimension-poignee-gris-jaune.jpg\"><img decoding=\"async\" src=\"\/wp-content\/uploads\/2018\/10\/dimension-poignee-gris-jaune.jpg\" alt=\"\"><\/a><\/p>\n<hr>\n<h2>S\u00c9RIE <strong>d\u00e9port\u00e9e<\/strong><\/h2>\n<ul>\n<li>\n<h3>Material<\/h3>\n<p>Polyurethane<\/p>\n<\/li>\n<li>\n<h3>Density<\/h3>\n<p>350 Kg\/m3<\/p>\n<\/li>\n<li>\n<h3>Hardness<\/h3>\n<p>80 +\/- 10% Shore A<\/p>\n<\/li>\n<li>\n<h3>Insert<\/h3>\n<p>Steel blade SAE 1010<\/p>\n<\/li>\n<\/ul>\n<p><img decoding=\"async\" src=\"\/wp-content\/uploads\/2020\/10\/poignee-montoir-deportee.jpg\" alt=\"\"><\/p>\n<h1>Dimensions<\/h1>\n<div>\n<table class=\"uk-table uk-table-striped alignleft\">\n<thead>\n<tr>\n<th colspan=\"1\">GREY<\/th>\n<th colspan=\"1\">YELLOW<\/th>\n<th colspan=\"1\">L1<\/th>\n<th colspan=\"1\">L2<\/th>\n<th colspan=\"1\">L3<\/th>\n<\/tr>\n<\/thead>\n<tbody>\n<tr>\n<td><strong>20102<\/strong><\/td>\n<td><strong>20142<\/strong><\/td>\n<td>220<\/td>\n<td>260<\/td>\n<td>120<\/td>\n<\/tr>\n<tr>\n<td><strong>20103<\/strong><\/td>\n<td><strong>20143<\/strong><\/td>\n<td>340<\/td>\n<td>380<\/td>\n<td>240<\/td>\n<\/tr>\n<\/tbody>\n<\/table>\n<\/div>\n<p><a href=\"\/wp-content\/uploads\/2018\/10\/dimension-poignee-deportee-gris-bande-jaune.jpg\"><img decoding=\"async\" src=\"\/wp-content\/uploads\/2018\/10\/dimension-poignee-deportee-gris-bande-jaune.jpg\" alt=\"Poign\u00e9e montoire\"><\/a><\/p>\n<p><!-- {\"name\":\"\",\"type\":\"layout\",\"children\":[{\"name\":\"Hero slider\",\"type\":\"section\",\"props\":{\"style\":\"secondary\",\"width\":\"\",\"vertical_align\":\"middle\",\"title_position\":\"top-left\",\"title_rotation\":\"left\",\"title_breakpoint\":\"xl\",\"image_position\":\"center-center\",\"header_transparent\":\"light\",\"header_transparent_noplaceholder\":false,\"overlap\":false,\"padding_remove_bottom\":true,\"padding_remove_top\":true,\"animation_delay\":true,\"animation\":\"fade\"},\"children\":[{\"name\":\"\",\"type\":\"row\",\"children\":[{\"name\":\"\",\"type\":\"column\",\"props\":{\"image_position\":\"center-center\",\"media_overlay_gradient\":\"\",\"width_medium\":\"1-1\"},\"children\":[{\"name\":\"\",\"type\":\"slideshow\",\"props\":{\"show_title\":true,\"show_meta\":true,\"show_content\":true,\"show_link\":true,\"show_thumbnail\":true,\"slideshow_min_height\":\"300\",\"slideshow_autoplay_pause\":false,\"nav\":\"dotnav\",\"nav_position\":\"bottom-center\",\"nav_position_margin\":\"medium\",\"nav_align\":\"center\",\"nav_breakpoint\":\"s\",\"thumbnav_width\":\"100\",\"thumbnav_height\":\"75\",\"slidenav\":\"\",\"slidenav_margin\":\"medium\",\"slidenav_breakpoint\":\"s\",\"slidenav_outside_breakpoint\":\"xl\",\"overlay_position\":\"center-left\",\"overlay_animation\":\"parallax\",\"title_element\":\"h2\",\"meta_style\":\"h4\",\"meta_align\":\"below-title\",\"link_text\":\"Read more\",\"link_style\":\"default\",\"margin\":\"default\",\"slideshow_height\":\"section\",\"slideshow_animation\":\"fade\",\"slideshow_autoplay\":true,\"slideshow_kenburns\":\"alternate\",\"slideshow_autoplay_interval\":10,\"slideshow_kenburns_duration\":25,\"title_style\":\"heading-medium\",\"overlay_padding\":\"large\",\"overlay_width\":\"xlarge\",\"meta_margin\":\"remove\",\"overlay_container\":\"default\",\"slideshow_box_shadow\":\"\",\"nav_color\":\"\",\"slidenav_outside_color\":\"\",\"overlay_container_padding\":\"\",\"thumbnav_svg_color\":\"emphasis\",\"slideshow_box_decoration\":\"\",\"nav_margin\":\"\",\"meta_element\":\"div\"},\"children\":[{\"name\":\"\",\"type\":\"slideshow_item\",\"props\":{\"image\":\"wp-content\\\/uploads\\\/2018\\\/10\\\/HERO-PRODUCT-poignee-montoire-1.jpg\",\"title\":\"\",\"meta\":\"\",\"content\":\"\n\n<h1 class=\\\"uk-margin-remove-vertical uk-text-left uk-heading-hero\\\">Accessories<br \\\/><span style=\\\"color: #ff0000;\\\"><small>Straight & offset handles<\\\/small><\\\/span><\\\/h1>\",\"image_alt\":\"Straight & offset handles\"}}]}]}]}]},{\"name\":\"\",\"type\":\"section\",\"props\":{\"style\":\"default\",\"width\":\"default\",\"vertical_align\":\"middle\",\"title_position\":\"top-left\",\"title_rotation\":\"left\",\"title_breakpoint\":\"xl\",\"image_position\":\"center-center\"},\"children\":[{\"name\":\"\",\"type\":\"row\",\"children\":[{\"name\":\"\",\"type\":\"column\",\"props\":{\"image_position\":\"center-center\",\"media_overlay_gradient\":\"\",\"width_medium\":\"1-1\"},\"children\":[{\"type\":\"breadcrumbs\",\"props\":{\"show_home\":true,\"show_current\":true}}]}]},{\"name\":\"\",\"type\":\"row\",\"children\":[{\"name\":\"\",\"type\":\"column\",\"props\":{\"image_position\":\"center-center\",\"media_overlay_gradient\":\"\",\"width_medium\":\"1-1\"},\"children\":[{\"type\":\"headline\",\"props\":{\"title_element\":\"h1\",\"title_style\":\"h5\",\"content\":\"handles\",\"margin_remove_bottom\":true}},{\"name\":\"\",\"type\":\"headline\",\"props\":{\"title_element\":\"h2\",\"title_style\":\"heading-medium\",\"title_decoration\":\"line\",\"content\":\"Straight <strong>handles<\\\/strong>\",\"margin_remove_top\":true}}]}]},{\"name\":\"\",\"type\":\"row\",\"props\":{\"layout\":\"1-2,1-2\",\"divider\":true},\"children\":[{\"name\":\"\",\"type\":\"column\",\"props\":{\"image_position\":\"center-center\",\"media_overlay_gradient\":\"\",\"width_medium\":\"1-2\"},\"children\":[{\"name\":\"\",\"type\":\"description_list\",\"props\":{\"show_title\":true,\"show_meta\":true,\"show_content\":true,\"show_link\":true,\"layout\":\"grid-2-m\",\"meta_style\":\"meta\",\"meta_align\":\"below-content\",\"list_size\":\"\",\"title_grid_column_gap\":\"small\",\"title_grid_row_gap\":\"small\",\"title_grid_breakpoint\":\"\",\"title_grid_width\":\"expand\",\"title_leader\":true,\"list_element\":\"ul\",\"column_breakpoint\":\"m\",\"title_element\":\"div\"},\"children\":[{\"name\":\"\",\"type\":\"description_list_item\",\"props\":{\"title\":\"Material\",\"meta\":\"Polyurethane\"}},{\"name\":\"\",\"type\":\"description_list_item\",\"props\":{\"title\":\"Density\",\"meta\":\"350 Kg\\\/m3\"}},{\"name\":\"\",\"type\":\"description_list_item\",\"props\":{\"title\":\"Hardness\",\"meta\":\"50 Shore A\"}},{\"name\":\"\",\"type\":\"description_list_item\",\"props\":{\"title\":\"Reinforcing strip\",\"meta\":\"Steel blade SAE 1010\"}}]},{\"name\":\"\",\"type\":\"headline\",\"props\":{\"title_element\":\"h3\",\"title_decoration\":\"bullet\",\"content\":\"<strong>Grey <\\\/strong>yellow strip\"}},{\"name\":\"\",\"type\":\"image\",\"props\":{\"margin\":\"default\",\"image\":\"wp-content\\\/uploads\\\/2020\\\/10\\\/poignee-montoir-gris-bande-jaune.jpg\",\"image_svg_color\":\"emphasis\",\"image_alt\":\"Poign\\u00e9e montoir gris bande jaune\"}},{\"name\":\"\",\"type\":\"headline\",\"props\":{\"title_element\":\"h3\",\"title_decoration\":\"bullet\",\"content\":\"<strong>Yellow<\\\/strong>\"}},{\"name\":\"\",\"type\":\"image\",\"props\":{\"margin\":\"default\",\"image\":\"wp-content\\\/uploads\\\/2020\\\/10\\\/poignee-montoir-jaune.jpg\",\"image_svg_color\":\"emphasis\",\"image_width\":\"600\",\"image_height\":\"200\",\"image_alt\":\"poign\\u00e9e montoir jaune\"}}]},{\"name\":\"\",\"type\":\"column\",\"props\":{\"image_position\":\"center-center\",\"media_overlay_gradient\":\"\",\"width_medium\":\"1-2\"},\"children\":[{\"name\":\"\",\"type\":\"headline\",\"props\":{\"title_element\":\"h1\",\"title_style\":\"h3\",\"title_decoration\":\"line\",\"content\":\"Dimensions\"}},{\"name\":\"\",\"type\":\"text\",\"props\":{\"margin\":\"default\",\"column_breakpoint\":\"m\",\"content\":\"\n\n<table class=\\\"uk-table uk-table-striped alignleft\\\">\\n\n\n<thead>\\n\n\n<tr>\\n\n\n<th colspan=\\\"1\\\">GREY<\\\/th>\\n\n\n<th colspan=\\\"1\\\">YELLOW<\\\/th>\\n\n\n<th colspan=\\\"1\\\">L1<\\\/th>\\n\n\n<th colspan=\\\"1\\\">L2<\\\/th>\\n\n\n<th colspan=\\\"1\\\">L3<\\\/th>\\n\n\n<th colspan=\\\"1\\\">L4<\\\/th>\\n<\\\/tr>\\n<\\\/thead>\\n\n\n<tbody>\\n\n\n<tr>\\n\n\n<td><strong>20104<\\\/strong><\\\/td>\\n\n\n<td><strong>20144<\\\/strong><\\\/td>\\n\n\n<td>181<\\\/td>\\n\n\n<td>310<\\\/td>\\n\n\n<td>260<\\\/td>\\n\n\n<td>165<\\\/td>\\n<\\\/tr>\\n\n\n<tr>\\n\n\n<td><strong>20105<\\\/strong><\\\/td>\\n\n\n<td><strong>20145<\\\/strong><\\\/td>\\n\n\n<td>462<\\\/td>\\n\n\n<td>590<\\\/td>\\n\n\n<td>530<\\\/td>\\n\n\n<td>315<\\\/td>\\n<\\\/tr>\\n\n\n<tr>\\n\n\n<td><strong>20106<\\\/strong><\\\/td>\\n\n\n<td><strong>20146<\\\/strong><\\\/td>\\n\n\n<td>622<\\\/td>\\n\n\n<td>750<\\\/td>\\n\n\n<td>690<\\\/td>\\n\n\n<td>475<\\\/td>\\n<\\\/tr>\\n<\\\/tbody>\\n<\\\/table>\\n\n\n<p><strong>Colors :<\\\/strong> Grey RAL 7042 | Yellow<\\\/p>\"}},{\"name\":\"\",\"type\":\"image\",\"props\":{\"margin\":\"default\",\"link_target\":\"modal\",\"image_hover_box_shadow\":\"medium\",\"image\":\"wp-content\\\/uploads\\\/2018\\\/10\\\/dimension-poignee-gris-jaune.jpg\",\"link\":\"wp-content\\\/uploads\\\/2018\\\/10\\\/dimension-poignee-gris-jaune.jpg\",\"image_svg_color\":\"emphasis\"}}]}]},{\"name\":\"\",\"type\":\"row\",\"children\":[{\"name\":\"\",\"type\":\"column\",\"props\":{\"image_position\":\"center-center\",\"media_overlay_gradient\":\"\",\"width_medium\":\"1-1\"},\"children\":[{\"name\":\"\",\"type\":\"divider\",\"props\":{\"divider_element\":\"hr\",\"divider_style\":\"icon\",\"divider_align\":\"\",\"divider_align_breakpoint\":\"\",\"divider_align_fallback\":\"\"}}]}]},{\"name\":\"\",\"type\":\"row\",\"children\":[{\"name\":\"\",\"type\":\"column\",\"props\":{\"image_position\":\"center-center\",\"media_overlay_gradient\":\"\",\"width_medium\":\"1-1\"},\"children\":[{\"name\":\"\",\"type\":\"headline\",\"props\":{\"title_element\":\"h2\",\"title_style\":\"heading-medium\",\"title_decoration\":\"line\",\"content\":\"S\\u00c9RIE <strong>d\\u00e9port\\u00e9e<\\\/strong>\"}}]}]},{\"name\":\"\",\"type\":\"row\",\"props\":{\"layout\":\"1-2,1-2\"},\"children\":[{\"name\":\"\",\"type\":\"column\",\"props\":{\"image_position\":\"center-center\",\"media_overlay_gradient\":\"\",\"width_medium\":\"1-2\"},\"children\":[{\"name\":\"\",\"type\":\"description_list\",\"props\":{\"show_title\":true,\"show_meta\":true,\"show_content\":true,\"show_link\":true,\"layout\":\"grid-2-m\",\"meta_style\":\"meta\",\"meta_align\":\"below-content\",\"list_size\":\"\",\"title_grid_column_gap\":\"small\",\"title_grid_row_gap\":\"small\",\"title_grid_breakpoint\":\"\",\"title_grid_width\":\"expand\",\"title_leader\":true,\"list_element\":\"ul\",\"column_breakpoint\":\"m\",\"title_element\":\"div\"},\"children\":[{\"name\":\"\",\"type\":\"description_list_item\",\"props\":{\"title\":\"Material\",\"meta\":\"Polyurethane\"}},{\"name\":\"\",\"type\":\"description_list_item\",\"props\":{\"title\":\"Density\",\"meta\":\"350 Kg\\\/m3\"}},{\"name\":\"\",\"type\":\"description_list_item\",\"props\":{\"title\":\"Hardness\",\"meta\":\"80 +\\\/- 10% Shore A\"}},{\"name\":\"\",\"type\":\"description_list_item\",\"props\":{\"title\":\"Insert\",\"meta\":\"Steel blade SAE 1010\"}}]},{\"name\":\"\",\"type\":\"image\",\"props\":{\"margin\":\"default\",\"image\":\"wp-content\\\/uploads\\\/2020\\\/10\\\/poignee-montoir-deportee.jpg\",\"image_svg_color\":\"emphasis\"}}]},{\"name\":\"\",\"type\":\"column\",\"props\":{\"image_position\":\"center-center\",\"media_overlay_gradient\":\"\",\"width_medium\":\"1-2\"},\"children\":[{\"name\":\"\",\"type\":\"headline\",\"props\":{\"title_element\":\"h1\",\"title_style\":\"h3\",\"title_decoration\":\"line\",\"content\":\"Dimensions\"}},{\"name\":\"\",\"type\":\"text\",\"props\":{\"margin\":\"default\",\"column_breakpoint\":\"m\",\"content\":\"\n\n<table class=\\\"uk-table uk-table-striped alignleft\\\">\\n\n\n<thead>\\n\n\n<tr>\\n\n\n<th colspan=\\\"1\\\">GREY<\\\/th>\\n\n\n<th colspan=\\\"1\\\">YELLOW<\\\/th>    \\n\n\n<th colspan=\\\"1\\\">L1<\\\/th>\\n\n\n<th colspan=\\\"1\\\">L2<\\\/th>\\n\n\n<th colspan=\\\"1\\\">L3<\\\/th>\\n<\\\/tr>\\n<\\\/thead>\\n\n\n<tbody>\\n\n\n<tr>\\n\n\n<td><strong>20102<\\\/strong><\\\/td>\\n\n\n<td><strong>20142<\\\/strong><\\\/td>    \\n\n\n<td>220<\\\/td>\\n\n\n<td>260<\\\/td>\\n\n\n<td>120<\\\/td>\\n<\\\/tr>\\n\n\n<tr>\\n\n\n<td><strong>20103<\\\/strong><\\\/td>\\n\n\n<td><strong>20143<\\\/strong><\\\/td>     \\n\n\n<td>340<\\\/td>\\n\n\n<td>380<\\\/td>\\n\n\n<td>240<\\\/td>\\n<\\\/tr>\\n<\\\/tbody>\\n<\\\/table>\"}},{\"name\":\"\",\"type\":\"image\",\"props\":{\"margin\":\"default\",\"link_target\":\"modal\",\"image_hover_box_shadow\":\"medium\",\"image\":\"wp-content\\\/uploads\\\/2018\\\/10\\\/dimension-poignee-deportee-gris-bande-jaune.jpg\",\"link\":\"wp-content\\\/uploads\\\/2018\\\/10\\\/dimension-poignee-deportee-gris-bande-jaune.jpg\",\"image_alt\":\"Poign\\u00e9e montoire\",\"image_box_shadow_bottom\":false,\"image_svg_color\":\"emphasis\"}}]}]}]}],\"version\":\"2.2.5\"} --><\/p>\n","protected":false},"excerpt":{"rendered":"<p>AccessoriesStraight &#038; offset handles handles Straight handles Material Polyurethane Density 350 Kg\/m3 Hardness 50 Shore A Reinforcing strip Steel blade SAE 1010 Grey yellow strip Yellow Dimensions GREY YELLOW L1 L2 L3 L4 20104 20144 181 310 260 165 20105 20145 462 590 530 315 20106 20146 622 750 690 475 Colors : Grey RAL [&hellip;]<\/p>\n","protected":false},"author":1,"featured_media":0,"parent":2522,"menu_order":0,"comment_status":"closed","ping_status":"closed","template":"","meta":{"_acf_changed":false,"footnotes":""},"class_list":["post-2523","page","type-page","status-publish","hentry"],"acf":[],"yoast_head":"<!-- This site is optimized with the Yoast SEO plugin v26.5 - https:\/\/yoast.com\/wordpress\/plugins\/seo\/ -->\n<title>Handles - STEPCONCEPT<\/title>\n<meta name=\"robots\" content=\"index, follow, max-snippet:-1, max-image-preview:large, max-video-preview:-1\" \/>\n<link rel=\"canonical\" href=\"https:\/\/www.stepconcept.com\/en\/products\/accessories\/handles\/\" \/>\n<meta property=\"og:locale\" content=\"en_US\" \/>\n<meta property=\"og:type\" content=\"article\" \/>\n<meta property=\"og:title\" content=\"Handles - STEPCONCEPT\" \/>\n<meta property=\"og:description\" content=\"AccessoriesStraight &#038; offset handles handles Straight handles Material Polyurethane Density 350 Kg\/m3 Hardness 50 Shore A Reinforcing strip Steel blade SAE 1010 Grey yellow strip Yellow Dimensions GREY YELLOW L1 L2 L3 L4 20104 20144 181 310 260 165 20105 20145 462 590 530 315 20106 20146 622 750 690 475 Colors : Grey RAL [&hellip;]\" \/>\n<meta property=\"og:url\" content=\"https:\/\/www.stepconcept.com\/en\/products\/accessories\/handles\/\" \/>\n<meta property=\"og:site_name\" content=\"STEPCONCEPT\" \/>\n<meta property=\"article:publisher\" content=\"https:\/\/www.facebook.com\/stepconcept53\/\" \/>\n<meta property=\"article:modified_time\" content=\"2020-10-27T08:46:55+00:00\" \/>\n<meta property=\"og:image\" content=\"https:\/\/www.stepconcept.com\/wp-content\/uploads\/2018\/10\/HERO-PRODUCT-poignee-montoire-1.jpg\" \/>\n<meta name=\"twitter:card\" content=\"summary_large_image\" \/>\n<script type=\"application\/ld+json\" class=\"yoast-schema-graph\">{\"@context\":\"https:\/\/schema.org\",\"@graph\":[{\"@type\":\"WebPage\",\"@id\":\"https:\/\/www.stepconcept.com\/en\/products\/accessories\/handles\/\",\"url\":\"https:\/\/www.stepconcept.com\/en\/products\/accessories\/handles\/\",\"name\":\"Handles - STEPCONCEPT\",\"isPartOf\":{\"@id\":\"https:\/\/www.stepconcept.com\/en\/#website\"},\"datePublished\":\"2018-09-06T15:21:42+00:00\",\"dateModified\":\"2020-10-27T08:46:55+00:00\",\"breadcrumb\":{\"@id\":\"https:\/\/www.stepconcept.com\/en\/products\/accessories\/handles\/#breadcrumb\"},\"inLanguage\":\"en-US\",\"potentialAction\":[{\"@type\":\"ReadAction\",\"target\":[\"https:\/\/www.stepconcept.com\/en\/products\/accessories\/handles\/\"]}]},{\"@type\":\"BreadcrumbList\",\"@id\":\"https:\/\/www.stepconcept.com\/en\/products\/accessories\/handles\/#breadcrumb\",\"itemListElement\":[{\"@type\":\"ListItem\",\"position\":1,\"name\":\"Accueil\",\"item\":\"https:\/\/www.stepconcept.com\/en\/\"},{\"@type\":\"ListItem\",\"position\":2,\"name\":\"Products\",\"item\":\"https:\/\/www.stepconcept.com\/en\/produits\/\"},{\"@type\":\"ListItem\",\"position\":3,\"name\":\"Accessories\",\"item\":\"https:\/\/www.stepconcept.com\/en\/produits\/accessoires\/\"},{\"@type\":\"ListItem\",\"position\":4,\"name\":\"Handles\"}]},{\"@type\":\"WebSite\",\"@id\":\"https:\/\/www.stepconcept.com\/en\/#website\",\"url\":\"https:\/\/www.stepconcept.com\/en\/\",\"name\":\"Step Concept\",\"description\":\"Syst\u00e8me d&#039;acc\u00e8s pour v\u00e9hicule\",\"publisher\":{\"@id\":\"https:\/\/www.stepconcept.com\/en\/#organization\"},\"potentialAction\":[{\"@type\":\"SearchAction\",\"target\":{\"@type\":\"EntryPoint\",\"urlTemplate\":\"https:\/\/www.stepconcept.com\/en\/?s={search_term_string}\"},\"query-input\":{\"@type\":\"PropertyValueSpecification\",\"valueRequired\":true,\"valueName\":\"search_term_string\"}}],\"inLanguage\":\"en-US\"},{\"@type\":\"Organization\",\"@id\":\"https:\/\/www.stepconcept.com\/en\/#organization\",\"name\":\"Stepconcept\",\"url\":\"https:\/\/www.stepconcept.com\/en\/\",\"logo\":{\"@type\":\"ImageObject\",\"inLanguage\":\"en-US\",\"@id\":\"https:\/\/www.stepconcept.com\/en\/#\/schema\/logo\/image\/\",\"url\":\"https:\/\/www.stepconcept.com\/wp-content\/uploads\/2018\/09\/Logo-STEPCONCEPT-03.png\",\"contentUrl\":\"https:\/\/www.stepconcept.com\/wp-content\/uploads\/2018\/09\/Logo-STEPCONCEPT-03.png\",\"width\":568,\"height\":151,\"caption\":\"Stepconcept\"},\"image\":{\"@id\":\"https:\/\/www.stepconcept.com\/en\/#\/schema\/logo\/image\/\"},\"sameAs\":[\"https:\/\/www.facebook.com\/stepconcept53\/\"]}]}<\/script>\n<!-- \/ Yoast SEO plugin. -->","yoast_head_json":{"title":"Handles - STEPCONCEPT","robots":{"index":"index","follow":"follow","max-snippet":"max-snippet:-1","max-image-preview":"max-image-preview:large","max-video-preview":"max-video-preview:-1"},"canonical":"https:\/\/www.stepconcept.com\/en\/products\/accessories\/handles\/","og_locale":"en_US","og_type":"article","og_title":"Handles - STEPCONCEPT","og_description":"AccessoriesStraight &#038; offset handles handles Straight handles Material Polyurethane Density 350 Kg\/m3 Hardness 50 Shore A Reinforcing strip Steel blade SAE 1010 Grey yellow strip Yellow Dimensions GREY YELLOW L1 L2 L3 L4 20104 20144 181 310 260 165 20105 20145 462 590 530 315 20106 20146 622 750 690 475 Colors : Grey RAL [&hellip;]","og_url":"https:\/\/www.stepconcept.com\/en\/products\/accessories\/handles\/","og_site_name":"STEPCONCEPT","article_publisher":"https:\/\/www.facebook.com\/stepconcept53\/","article_modified_time":"2020-10-27T08:46:55+00:00","og_image":[{"url":"https:\/\/www.stepconcept.com\/wp-content\/uploads\/2018\/10\/HERO-PRODUCT-poignee-montoire-1.jpg","type":"","width":"","height":""}],"twitter_card":"summary_large_image","schema":{"@context":"https:\/\/schema.org","@graph":[{"@type":"WebPage","@id":"https:\/\/www.stepconcept.com\/en\/products\/accessories\/handles\/","url":"https:\/\/www.stepconcept.com\/en\/products\/accessories\/handles\/","name":"Handles - STEPCONCEPT","isPartOf":{"@id":"https:\/\/www.stepconcept.com\/en\/#website"},"datePublished":"2018-09-06T15:21:42+00:00","dateModified":"2020-10-27T08:46:55+00:00","breadcrumb":{"@id":"https:\/\/www.stepconcept.com\/en\/products\/accessories\/handles\/#breadcrumb"},"inLanguage":"en-US","potentialAction":[{"@type":"ReadAction","target":["https:\/\/www.stepconcept.com\/en\/products\/accessories\/handles\/"]}]},{"@type":"BreadcrumbList","@id":"https:\/\/www.stepconcept.com\/en\/products\/accessories\/handles\/#breadcrumb","itemListElement":[{"@type":"ListItem","position":1,"name":"Accueil","item":"https:\/\/www.stepconcept.com\/en\/"},{"@type":"ListItem","position":2,"name":"Products","item":"https:\/\/www.stepconcept.com\/en\/produits\/"},{"@type":"ListItem","position":3,"name":"Accessories","item":"https:\/\/www.stepconcept.com\/en\/produits\/accessoires\/"},{"@type":"ListItem","position":4,"name":"Handles"}]},{"@type":"WebSite","@id":"https:\/\/www.stepconcept.com\/en\/#website","url":"https:\/\/www.stepconcept.com\/en\/","name":"Step Concept","description":"Syst\u00e8me d&#039;acc\u00e8s pour v\u00e9hicule","publisher":{"@id":"https:\/\/www.stepconcept.com\/en\/#organization"},"potentialAction":[{"@type":"SearchAction","target":{"@type":"EntryPoint","urlTemplate":"https:\/\/www.stepconcept.com\/en\/?s={search_term_string}"},"query-input":{"@type":"PropertyValueSpecification","valueRequired":true,"valueName":"search_term_string"}}],"inLanguage":"en-US"},{"@type":"Organization","@id":"https:\/\/www.stepconcept.com\/en\/#organization","name":"Stepconcept","url":"https:\/\/www.stepconcept.com\/en\/","logo":{"@type":"ImageObject","inLanguage":"en-US","@id":"https:\/\/www.stepconcept.com\/en\/#\/schema\/logo\/image\/","url":"https:\/\/www.stepconcept.com\/wp-content\/uploads\/2018\/09\/Logo-STEPCONCEPT-03.png","contentUrl":"https:\/\/www.stepconcept.com\/wp-content\/uploads\/2018\/09\/Logo-STEPCONCEPT-03.png","width":568,"height":151,"caption":"Stepconcept"},"image":{"@id":"https:\/\/www.stepconcept.com\/en\/#\/schema\/logo\/image\/"},"sameAs":["https:\/\/www.facebook.com\/stepconcept53\/"]}]}},"_links":{"self":[{"href":"https:\/\/www.stepconcept.com\/en\/wp-json\/wp\/v2\/pages\/2523","targetHints":{"allow":["GET"]}}],"collection":[{"href":"https:\/\/www.stepconcept.com\/en\/wp-json\/wp\/v2\/pages"}],"about":[{"href":"https:\/\/www.stepconcept.com\/en\/wp-json\/wp\/v2\/types\/page"}],"author":[{"embeddable":true,"href":"https:\/\/www.stepconcept.com\/en\/wp-json\/wp\/v2\/users\/1"}],"replies":[{"embeddable":true,"href":"https:\/\/www.stepconcept.com\/en\/wp-json\/wp\/v2\/comments?post=2523"}],"version-history":[{"count":8,"href":"https:\/\/www.stepconcept.com\/en\/wp-json\/wp\/v2\/pages\/2523\/revisions"}],"predecessor-version":[{"id":4631,"href":"https:\/\/www.stepconcept.com\/en\/wp-json\/wp\/v2\/pages\/2523\/revisions\/4631"}],"up":[{"embeddable":true,"href":"https:\/\/www.stepconcept.com\/en\/wp-json\/wp\/v2\/pages\/2522"}],"wp:attachment":[{"href":"https:\/\/www.stepconcept.com\/en\/wp-json\/wp\/v2\/media?parent=2523"}],"curies":[{"name":"wp","href":"https:\/\/api.w.org\/{rel}","templated":true}]}}