{"id":2525,"date":"2018-03-15T15:12:41","date_gmt":"2018-03-15T14:12:41","guid":{"rendered":"https:\/\/www.stepconcept.com\/V2\/produits\/marchepied\/"},"modified":"2020-10-30T15:00:06","modified_gmt":"2020-10-30T14:00:06","slug":"steps","status":"publish","type":"page","link":"https:\/\/www.stepconcept.com\/en\/products\/steps\/","title":{"rendered":"Steps"},"content":{"rendered":"<ul>\n<li>\n<p>        <img decoding=\"async\" src=\"\/wp-content\/uploads\/2018\/07\/marchepied-telescopique.jpg\" alt=\"\"><\/p>\n<h3>Steps<\/h3>\n<p>Wide range <br \/>of manual and electric steps<\/p>\n<\/li>\n<li>\n<p>        <img decoding=\"async\" src=\"\/wp-content\/uploads\/2018\/07\/marchepied-tiroir.jpg\" alt=\"\"><\/p>\n<h3>Steps<\/h3>\n<p>Wide range <br \/>of manual and electric swivel steps<\/p>\n<\/li>\n<li>\n<p>        <img decoding=\"async\" src=\"\/wp-content\/uploads\/2018\/07\/marchepied-rotatif.jpg\" alt=\"\"><\/p>\n<h3>Steps<\/h3>\n<p>Wide range <br \/>of manual and electric steps<\/p>\n<\/li>\n<\/ul>\n<h2>European leader for more than 25 years<\/h2>\n<h5><b>Wide product range developed to suit all types of vehicles.<\/b><\/h5>\n<div>\n<div><strong>Our products are approved for the Transport of Persons with Reduced Mobility. <\/strong><\/div>\n<div>Can be installed under the driver, passenger, side or rear doors. Our steps make it easier and safer to get in and out of vehicles.<\/div>\n<\/div>\n<div>\n<p>        <img decoding=\"async\" src=\"\/wp-content\/uploads\/2018\/07\/TLS900-D.png\" alt=\"Marchepied\"><\/p>\n<p>        <img decoding=\"async\" src=\"\/wp-content\/uploads\/2018\/07\/TLS900-C.png\" alt=\"\"><\/p>\n<\/div>\n<h2>Vehicles fitting kits<\/h2>\n<div>\n<p>TLS &amp; TLM series<\/p>\n<\/div>\n<div>\n<p><strong>Kits especially designed for each vehicle.<\/strong><\/p>\n<p>Delivered with all specific support screws and bolts.<\/p>\n<\/div>\n<p>\n    <a href=\"\/en\/products\/steps\/tls-tlm-manual-and-electric\/vehicles-fitting-kits\">Find your fitting kits<\/a>\n<\/p>\n<h4>Steps series<\/h4>\n<ul>\n<li>\n<p>        <img decoding=\"async\" src=\"\/wp-content\/uploads\/2020\/09\/marchepied-TLM-01.jpeg\" alt=\"Step TLS TLM manual &#038; electric\"><\/p>\n<h3>TLS TLM &#8211; manual &#038; electric<\/h3>\n<p><a href=\"\/en\/products\/steps\/tls-tlm-manual-and-electric\"><\/a><\/p>\n<\/li>\n<li>\n<p>        <img decoding=\"async\" src=\"\/wp-content\/uploads\/2018\/07\/marchepied-ROT-01.jpg\" alt=\"ROT - Electric swivel step\"><\/p>\n<h3>ROT &#8211; Electric swivel<\/h3>\n<p><a href=\"\/en\/products\/steps\/rot-electric-swivel\"><\/a><\/p>\n<\/li>\n<\/ul>\n<p><!-- {\"name\":\"\",\"type\":\"layout\",\"children\":[{\"name\":\"Hero products\",\"type\":\"section\",\"props\":{\"width\":\"\",\"padding\":\"none\",\"style\":\"secondary\",\"media\":\"images\\\/home-header.jpg\",\"height_viewport\":true,\"header_overlay\":\"light\",\"image\":\"\",\"media_advanced\":true,\"image_size\":\"cover\",\"media_background\":null,\"media_overlay\":null,\"header_transparent\":\"light\",\"image_position\":\"bottom-right\",\"image_width\":\"1920\",\"image_fixed\":false,\"overlap\":false,\"padding_remove_bottom\":false,\"image_visibility\":\"m\",\"image_effect\":\"parallax\",\"image_parallax\":-540,\"padding_remove_top\":false,\"image_parallax_bgy_end\":\"100\",\"vertical_align\":\"\",\"title_position\":\"top-left\",\"title_rotation\":\"left\",\"title_breakpoint\":\"xl\",\"header_transparent_noplaceholder\":false},\"children\":[{\"name\":\"\",\"type\":\"row\",\"props\":{\"vertical_align\":false,\"match\":false,\"divider\":false,\"column_gap\":\"collapse\",\"row_gap\":\"collapse\"},\"children\":[{\"name\":\"\",\"type\":\"column\",\"props\":{\"image_position\":\"center-center\",\"image\":\"\",\"image_size\":\"cover\",\"media_overlay_gradient\":\"\",\"width_medium\":\"1-1\"},\"children\":[{\"name\":\"Slideshow products category\",\"type\":\"slideshow\",\"props\":{\"show_title\":true,\"show_meta\":true,\"show_content\":true,\"show_link\":true,\"show_thumbnail\":true,\"slideshow_min_height\":300,\"slideshow_autoplay_pause\":false,\"nav\":\"dotnav\",\"nav_position\":\"bottom-center\",\"nav_position_margin\":\"medium\",\"nav_align\":\"center\",\"nav_breakpoint\":\"s\",\"thumbnav_width\":\"100\",\"thumbnav_height\":\"75\",\"slidenav\":\"\",\"slidenav_margin\":\"medium\",\"slidenav_breakpoint\":\"s\",\"slidenav_outside_breakpoint\":\"xl\",\"overlay_position\":\"center-left\",\"overlay_animation\":\"parallax\",\"title_element\":\"h3\",\"meta_style\":\"h4\",\"meta_align\":\"below-title\",\"link_text\":\"Read more\",\"link_style\":\"default\",\"margin\":\"default\",\"slideshow_animation\":\"fade\",\"slideshow_autoplay\":true,\"overlay_container\":\"default\",\"title_style\":\"heading-medium\",\"meta_margin\":\"small\",\"overlay_container_padding\":\"large\",\"slideshow_height\":\"section\",\"slideshow_autoplay_interval\":10,\"slideshow_kenburns\":\"alternate\",\"slideshow_box_shadow\":\"\",\"nav_color\":\"\",\"slidenav_outside_color\":\"\",\"overlay_width\":\"\",\"thumbnav_svg_color\":\"emphasis\",\"meta_element\":\"div\"},\"children\":[{\"name\":\"\",\"type\":\"slideshow_item\",\"props\":{\"image\":\"wp-content\\\/uploads\\\/2018\\\/07\\\/marchepied-telescopique.jpg\",\"title\":\"Steps\",\"meta\":\"Wide range <br \\\/>of manual and electric steps\",\"content\":\"\"}},{\"name\":\"\",\"type\":\"slideshow_item\",\"props\":{\"image\":\"wp-content\\\/uploads\\\/2018\\\/07\\\/marchepied-tiroir.jpg\",\"title\":\"Steps\",\"meta\":\"Wide range <br \\\/>of manual and electric swivel steps\",\"content\":\"\"}},{\"name\":\"\",\"type\":\"slideshow_item\",\"props\":{\"image\":\"wp-content\\\/uploads\\\/2018\\\/07\\\/marchepied-rotatif.jpg\",\"title\":\"Steps\",\"meta\":\"Wide range <br \\\/>of manual and electric steps\",\"content\":\"\"}}]}]}]}]},{\"name\":\"Produits\",\"type\":\"section\",\"props\":{\"style\":\"default\",\"width\":\"default\",\"vertical_align\":\"middle\",\"title_position\":\"top-left\",\"title_rotation\":\"left\",\"title_breakpoint\":\"xl\",\"image_position\":\"center-center\",\"animation_delay\":true,\"animation\":\"fade\"},\"children\":[{\"name\":\"\",\"type\":\"row\",\"children\":[{\"name\":\"\",\"type\":\"column\",\"props\":{\"image_position\":\"center-center\",\"media_overlay_gradient\":\"\",\"width_medium\":\"1-1\"},\"children\":[{\"name\":\"\",\"type\":\"wordpress_widget\",\"props\":{\"menu_style\":\"nav\",\"widget\":\"breadcrumbs-2\",\"type\":\"breadcrumbs\",\"class\":\"breadcrumb\"}},{\"name\":\"\",\"type\":\"headline\",\"props\":{\"title_element\":\"h2\",\"content\":\"European leader for more than 25 years\",\"title_decoration\":\"bullet\",\"text_align\":\"justify\",\"animation\":\"slide-top-medium\",\"block_align\":\"center\"}}]}]},{\"name\":\"\",\"type\":\"row\",\"props\":{\"layout\":\"large,expand\"},\"children\":[{\"name\":\"\",\"type\":\"column\",\"props\":{\"image_position\":\"center-center\",\"media_overlay_gradient\":\"\",\"width_medium\":\"large\"},\"children\":[{\"name\":\"\",\"type\":\"headline\",\"props\":{\"title_element\":\"h5\",\"content\":\"<b>Wide product range developed to suit all types of vehicles.<\\\/b>\",\"title_color\":\"primary\",\"text_align\":\"justify\",\"animation\":\"slide-top-medium\",\"block_align\":\"center\"}},{\"name\":\"\",\"type\":\"text\",\"props\":{\"margin\":\"default\",\"column_breakpoint\":\"m\",\"content\":\"\n\n<div><strong>Our products are approved for the Transport of Persons with Reduced Mobility. <\\\/strong><\\\/div>\\n\n\n<div>Can be installed under the driver, passenger, side or rear doors. Our steps make it easier and safer to get in and out of vehicles.<\\\/div>\",\"text_align\":\"justify\"}}]},{\"name\":\"\",\"type\":\"column\",\"props\":{\"image_position\":\"center-center\",\"padding\":\"xsmall\",\"media_overlay_gradient\":\"\",\"width_medium\":\"expand\"},\"children\":[{\"name\":\"\",\"type\":\"overlay\",\"props\":{\"overlay_mode\":\"cover\",\"overlay_hover\":true,\"overlay_style\":\"\",\"text_color\":\"light\",\"overlay_position\":\"center\",\"overlay_transition\":\"fade\",\"title_element\":\"h5\",\"meta_style\":\"meta\",\"meta_align\":\"below-title\",\"text_align\":\"center\",\"margin\":\"default\",\"image\":\"wp-content\\\/uploads\\\/2018\\\/07\\\/TLS900-D.png\",\"hover_image\":\"wp-content\\\/uploads\\\/2018\\\/07\\\/TLS900-C.png\",\"title\":\"\",\"title_color\":\"background\",\"image_alt\":\"Marchepied\",\"image_width\":\"550\",\"overlay_image\":null,\"link_text\":\"\",\"link_style\":\"default\",\"overlay_link\":true,\"title_hover_style\":\"reset\",\"meta_element\":\"div\"}}]}]},{\"name\":\"\",\"type\":\"row\",\"children\":[{\"name\":\"\",\"type\":\"column\",\"props\":{\"image_position\":\"center-center\",\"media_overlay_gradient\":\"\",\"width_medium\":\"1-3\",\"style\":\"secondary\",\"padding\":\"xsmall\"},\"children\":[{\"name\":\"\",\"type\":\"headline\",\"props\":{\"title_element\":\"h2\",\"content\":\"Vehicles fitting kits\",\"title_decoration\":\"line\",\"text_align\":\"justify\",\"animation\":\"slide-top-medium\",\"block_align\":\"center\",\"margin_remove_bottom\":true,\"title_style\":\"h3\"}},{\"type\":\"headline\",\"props\":{\"title_element\":\"div\",\"content\":\"\n\n<p>TLS &amp; TLM series<\\\/p>\",\"title_style\":\"h4\",\"margin_remove_top\":true}},{\"type\":\"text\",\"props\":{\"margin\":\"default\",\"column_breakpoint\":\"m\",\"content\":\"\n\n<p><strong>Kits especially designed for each vehicle.<\\\/strong><\\\/p>\\n\n\n<p>Delivered with all specific support screws and bolts.<\\\/p>\"}},{\"type\":\"button\",\"props\":{\"grid_column_gap\":\"small\",\"grid_row_gap\":\"small\",\"margin\":\"default\",\"fullwidth\":true},\"children\":[{\"type\":\"button_item\",\"props\":{\"button_style\":\"danger\",\"icon_align\":\"left\",\"content\":\"Find your fitting kits\",\"link_title\":\"Find your fitting kits\",\"icon\":\"search\",\"link\":\"en\\\/products\\\/steps\\\/tls-tlm-manual-and-electric\\\/vehicles-fitting-kits\\\/\"}}]}]},{\"type\":\"column\",\"props\":{\"image_position\":\"center-center\",\"media_overlay_gradient\":\"\",\"width_medium\":\"2-3\",\"padding\":\"xsmall\"},\"children\":[{\"name\":\"\",\"type\":\"headline\",\"props\":{\"title_element\":\"h4\",\"content\":\"Steps series\",\"title_decoration\":\"line\",\"text_align\":\"justify\",\"animation\":\"slide-top-medium\",\"block_align\":\"center\"}},{\"type\":\"grid\",\"props\":{\"show_title\":true,\"show_meta\":true,\"show_content\":true,\"show_image\":true,\"show_link\":true,\"grid_default\":\"1\",\"grid_medium\":\"2\",\"filter_style\":\"tab\",\"filter_all\":true,\"filter_position\":\"top\",\"filter_align\":\"left\",\"filter_grid_width\":\"auto\",\"filter_grid_breakpoint\":\"m\",\"title_hover_style\":\"reset\",\"title_element\":\"h3\",\"title_align\":\"top\",\"title_grid_width\":\"1-2\",\"title_grid_breakpoint\":\"m\",\"meta_style\":\"meta\",\"meta_align\":\"below-title\",\"meta_element\":\"div\",\"content_column_breakpoint\":\"m\",\"icon_width\":80,\"image_align\":\"top\",\"image_grid_width\":\"1-2\",\"image_grid_breakpoint\":\"m\",\"image_svg_color\":\"emphasis\",\"link_text\":\"\",\"link_style\":\"default\",\"margin\":\"default\",\"item_animation\":\"\",\"image_width\":\"800\",\"image_height\":\"500\",\"panel_link\":true,\"panel_style\":\"card-secondary\",\"panel_size\":\"small\",\"panel_card_image\":true,\"text_align\":\"center\",\"title_style\":\"h4\",\"block_align\":\"center\",\"image_transition\":\"scale-up\"},\"children\":[{\"type\":\"grid_item\",\"props\":{\"title\":\"TLS TLM - manual & electric\",\"image\":\"wp-content\\\/uploads\\\/2020\\\/09\\\/marchepied-TLM-01.jpeg\",\"image_alt\":\"Step TLS TLM manual & electric\",\"link\":\"en\\\/products\\\/steps\\\/tls-tlm-manual-and-electric\\\/\"}},{\"type\":\"grid_item\",\"props\":{\"title\":\"ROT - Electric swivel\",\"image\":\"wp-content\\\/uploads\\\/2018\\\/07\\\/marchepied-ROT-01.jpg\",\"link\":\"en\\\/products\\\/steps\\\/rot-electric-swivel\\\/\",\"image_alt\":\"ROT - Electric swivel step\"}}]}]}],\"props\":{\"layout\":\"1-3,2-3\"}}]}],\"version\":\"2.2.5\"} --><\/p>\n","protected":false},"excerpt":{"rendered":"<p>Steps Wide range of manual and electric steps Steps Wide range of manual and electric swivel steps Steps Wide range of manual and electric steps European leader for more than 25 years Wide product range developed to suit all types of vehicles. Our products are approved for the Transport of Persons with Reduced Mobility. Can [&hellip;]<\/p>\n","protected":false},"author":1,"featured_media":0,"parent":2520,"menu_order":0,"comment_status":"closed","ping_status":"closed","template":"","meta":{"_acf_changed":false,"footnotes":""},"class_list":["post-2525","page","type-page","status-publish","hentry"],"acf":[],"yoast_head":"<!-- This site is optimized with the Yoast SEO plugin v26.5 - https:\/\/yoast.com\/wordpress\/plugins\/seo\/ -->\n<title>Steps - STEPCONCEPT<\/title>\n<meta name=\"robots\" content=\"index, follow, max-snippet:-1, max-image-preview:large, max-video-preview:-1\" \/>\n<link rel=\"canonical\" href=\"https:\/\/www.stepconcept.com\/en\/products\/steps\/\" \/>\n<meta property=\"og:locale\" content=\"en_US\" \/>\n<meta property=\"og:type\" content=\"article\" \/>\n<meta property=\"og:title\" content=\"Steps - STEPCONCEPT\" \/>\n<meta property=\"og:description\" content=\"Steps Wide range of manual and electric steps Steps Wide range of manual and electric swivel steps Steps Wide range of manual and electric steps European leader for more than 25 years Wide product range developed to suit all types of vehicles. Our products are approved for the Transport of Persons with Reduced Mobility. Can [&hellip;]\" \/>\n<meta property=\"og:url\" content=\"https:\/\/www.stepconcept.com\/en\/products\/steps\/\" \/>\n<meta property=\"og:site_name\" content=\"STEPCONCEPT\" \/>\n<meta property=\"article:publisher\" content=\"https:\/\/www.facebook.com\/stepconcept53\/\" \/>\n<meta property=\"article:modified_time\" content=\"2020-10-30T14:00:06+00:00\" \/>\n<meta property=\"og:image\" content=\"https:\/\/www.stepconcept.com\/wp-content\/uploads\/2018\/07\/marchepied-telescopique.jpg\" \/>\n<meta name=\"twitter:card\" content=\"summary_large_image\" \/>\n<meta name=\"twitter:label1\" content=\"Est. reading time\" \/>\n\t<meta name=\"twitter:data1\" content=\"1 minute\" \/>\n<script type=\"application\/ld+json\" class=\"yoast-schema-graph\">{\"@context\":\"https:\/\/schema.org\",\"@graph\":[{\"@type\":\"WebPage\",\"@id\":\"https:\/\/www.stepconcept.com\/en\/products\/steps\/\",\"url\":\"https:\/\/www.stepconcept.com\/en\/products\/steps\/\",\"name\":\"Steps - STEPCONCEPT\",\"isPartOf\":{\"@id\":\"https:\/\/www.stepconcept.com\/en\/#website\"},\"datePublished\":\"2018-03-15T14:12:41+00:00\",\"dateModified\":\"2020-10-30T14:00:06+00:00\",\"breadcrumb\":{\"@id\":\"https:\/\/www.stepconcept.com\/en\/products\/steps\/#breadcrumb\"},\"inLanguage\":\"en-US\",\"potentialAction\":[{\"@type\":\"ReadAction\",\"target\":[\"https:\/\/www.stepconcept.com\/en\/products\/steps\/\"]}]},{\"@type\":\"BreadcrumbList\",\"@id\":\"https:\/\/www.stepconcept.com\/en\/products\/steps\/#breadcrumb\",\"itemListElement\":[{\"@type\":\"ListItem\",\"position\":1,\"name\":\"Accueil\",\"item\":\"https:\/\/www.stepconcept.com\/en\/\"},{\"@type\":\"ListItem\",\"position\":2,\"name\":\"Products\",\"item\":\"https:\/\/www.stepconcept.com\/en\/produits\/\"},{\"@type\":\"ListItem\",\"position\":3,\"name\":\"Steps\"}]},{\"@type\":\"WebSite\",\"@id\":\"https:\/\/www.stepconcept.com\/en\/#website\",\"url\":\"https:\/\/www.stepconcept.com\/en\/\",\"name\":\"Step Concept\",\"description\":\"Syst\u00e8me d&#039;acc\u00e8s pour v\u00e9hicule\",\"publisher\":{\"@id\":\"https:\/\/www.stepconcept.com\/en\/#organization\"},\"potentialAction\":[{\"@type\":\"SearchAction\",\"target\":{\"@type\":\"EntryPoint\",\"urlTemplate\":\"https:\/\/www.stepconcept.com\/en\/?s={search_term_string}\"},\"query-input\":{\"@type\":\"PropertyValueSpecification\",\"valueRequired\":true,\"valueName\":\"search_term_string\"}}],\"inLanguage\":\"en-US\"},{\"@type\":\"Organization\",\"@id\":\"https:\/\/www.stepconcept.com\/en\/#organization\",\"name\":\"Stepconcept\",\"url\":\"https:\/\/www.stepconcept.com\/en\/\",\"logo\":{\"@type\":\"ImageObject\",\"inLanguage\":\"en-US\",\"@id\":\"https:\/\/www.stepconcept.com\/en\/#\/schema\/logo\/image\/\",\"url\":\"https:\/\/www.stepconcept.com\/wp-content\/uploads\/2018\/09\/Logo-STEPCONCEPT-03.png\",\"contentUrl\":\"https:\/\/www.stepconcept.com\/wp-content\/uploads\/2018\/09\/Logo-STEPCONCEPT-03.png\",\"width\":568,\"height\":151,\"caption\":\"Stepconcept\"},\"image\":{\"@id\":\"https:\/\/www.stepconcept.com\/en\/#\/schema\/logo\/image\/\"},\"sameAs\":[\"https:\/\/www.facebook.com\/stepconcept53\/\"]}]}<\/script>\n<!-- \/ Yoast SEO plugin. -->","yoast_head_json":{"title":"Steps - STEPCONCEPT","robots":{"index":"index","follow":"follow","max-snippet":"max-snippet:-1","max-image-preview":"max-image-preview:large","max-video-preview":"max-video-preview:-1"},"canonical":"https:\/\/www.stepconcept.com\/en\/products\/steps\/","og_locale":"en_US","og_type":"article","og_title":"Steps - STEPCONCEPT","og_description":"Steps Wide range of manual and electric steps Steps Wide range of manual and electric swivel steps Steps Wide range of manual and electric steps European leader for more than 25 years Wide product range developed to suit all types of vehicles. Our products are approved for the Transport of Persons with Reduced Mobility. Can [&hellip;]","og_url":"https:\/\/www.stepconcept.com\/en\/products\/steps\/","og_site_name":"STEPCONCEPT","article_publisher":"https:\/\/www.facebook.com\/stepconcept53\/","article_modified_time":"2020-10-30T14:00:06+00:00","og_image":[{"url":"https:\/\/www.stepconcept.com\/wp-content\/uploads\/2018\/07\/marchepied-telescopique.jpg","type":"","width":"","height":""}],"twitter_card":"summary_large_image","twitter_misc":{"Est. reading time":"1 minute"},"schema":{"@context":"https:\/\/schema.org","@graph":[{"@type":"WebPage","@id":"https:\/\/www.stepconcept.com\/en\/products\/steps\/","url":"https:\/\/www.stepconcept.com\/en\/products\/steps\/","name":"Steps - STEPCONCEPT","isPartOf":{"@id":"https:\/\/www.stepconcept.com\/en\/#website"},"datePublished":"2018-03-15T14:12:41+00:00","dateModified":"2020-10-30T14:00:06+00:00","breadcrumb":{"@id":"https:\/\/www.stepconcept.com\/en\/products\/steps\/#breadcrumb"},"inLanguage":"en-US","potentialAction":[{"@type":"ReadAction","target":["https:\/\/www.stepconcept.com\/en\/products\/steps\/"]}]},{"@type":"BreadcrumbList","@id":"https:\/\/www.stepconcept.com\/en\/products\/steps\/#breadcrumb","itemListElement":[{"@type":"ListItem","position":1,"name":"Accueil","item":"https:\/\/www.stepconcept.com\/en\/"},{"@type":"ListItem","position":2,"name":"Products","item":"https:\/\/www.stepconcept.com\/en\/produits\/"},{"@type":"ListItem","position":3,"name":"Steps"}]},{"@type":"WebSite","@id":"https:\/\/www.stepconcept.com\/en\/#website","url":"https:\/\/www.stepconcept.com\/en\/","name":"Step Concept","description":"Syst\u00e8me d&#039;acc\u00e8s pour v\u00e9hicule","publisher":{"@id":"https:\/\/www.stepconcept.com\/en\/#organization"},"potentialAction":[{"@type":"SearchAction","target":{"@type":"EntryPoint","urlTemplate":"https:\/\/www.stepconcept.com\/en\/?s={search_term_string}"},"query-input":{"@type":"PropertyValueSpecification","valueRequired":true,"valueName":"search_term_string"}}],"inLanguage":"en-US"},{"@type":"Organization","@id":"https:\/\/www.stepconcept.com\/en\/#organization","name":"Stepconcept","url":"https:\/\/www.stepconcept.com\/en\/","logo":{"@type":"ImageObject","inLanguage":"en-US","@id":"https:\/\/www.stepconcept.com\/en\/#\/schema\/logo\/image\/","url":"https:\/\/www.stepconcept.com\/wp-content\/uploads\/2018\/09\/Logo-STEPCONCEPT-03.png","contentUrl":"https:\/\/www.stepconcept.com\/wp-content\/uploads\/2018\/09\/Logo-STEPCONCEPT-03.png","width":568,"height":151,"caption":"Stepconcept"},"image":{"@id":"https:\/\/www.stepconcept.com\/en\/#\/schema\/logo\/image\/"},"sameAs":["https:\/\/www.facebook.com\/stepconcept53\/"]}]}},"_links":{"self":[{"href":"https:\/\/www.stepconcept.com\/en\/wp-json\/wp\/v2\/pages\/2525","targetHints":{"allow":["GET"]}}],"collection":[{"href":"https:\/\/www.stepconcept.com\/en\/wp-json\/wp\/v2\/pages"}],"about":[{"href":"https:\/\/www.stepconcept.com\/en\/wp-json\/wp\/v2\/types\/page"}],"author":[{"embeddable":true,"href":"https:\/\/www.stepconcept.com\/en\/wp-json\/wp\/v2\/users\/1"}],"replies":[{"embeddable":true,"href":"https:\/\/www.stepconcept.com\/en\/wp-json\/wp\/v2\/comments?post=2525"}],"version-history":[{"count":17,"href":"https:\/\/www.stepconcept.com\/en\/wp-json\/wp\/v2\/pages\/2525\/revisions"}],"predecessor-version":[{"id":4774,"href":"https:\/\/www.stepconcept.com\/en\/wp-json\/wp\/v2\/pages\/2525\/revisions\/4774"}],"up":[{"embeddable":true,"href":"https:\/\/www.stepconcept.com\/en\/wp-json\/wp\/v2\/pages\/2520"}],"wp:attachment":[{"href":"https:\/\/www.stepconcept.com\/en\/wp-json\/wp\/v2\/media?parent=2525"}],"curies":[{"name":"wp","href":"https:\/\/api.w.org\/{rel}","templated":true}]}}