{"id":2529,"date":"2018-03-15T15:22:55","date_gmt":"2018-03-15T14:22:55","guid":{"rendered":"https:\/\/www.stepconcept.com\/V2\/produits\/rampe-d-acces\/"},"modified":"2020-10-23T10:00:01","modified_gmt":"2020-10-23T08:00:01","slug":"access-ramps","status":"publish","type":"page","link":"https:\/\/www.stepconcept.com\/en\/products\/access-ramps\/","title":{"rendered":"Access ramps"},"content":{"rendered":"<div>\n<p>    <img decoding=\"async\" src=\"\/wp-content\/uploads\/2018\/07\/HERO-PRODUCTS-rampe-01.jpg\" alt=\"\"><\/p>\n<h3>Access ramps<\/h3>\n<p>The leading French manufacturer <\/br>&#8211; Wheelchair series<\/br>&#8211; Professional series<\/p>\n<\/div>\n<ul>\n<li>\n<p>        <img decoding=\"async\" src=\"\/wp-content\/uploads\/2018\/07\/rampe-3-volets-4.jpg\" alt=\"\"><\/p>\n<\/li>\n<li>\n<p>        <img decoding=\"async\" src=\"\/wp-content\/uploads\/2018\/07\/revetement-TBS.jpg\" alt=\"\"><\/p>\n<\/li>\n<\/ul>\n<h4>Designed for all types of loads and weights.<br \/>\nThe surface coating is adapted to perfectly suit<br \/>\nthe required use:<\/h4>\n<ul>\n<li>\n<div>Aluminium ramp<\/div>\n<\/li>\n<li>\n<div>1, 2 OR 3-part ramps<\/div>\n<\/li>\n<li>\n<div>Gas spring counterbalancing mechanism<\/div>\n<\/li>\n<li>\n<div>Ramp foot wheels<\/div>\n<\/li>\n<li>\n<div>Load capacity: 350 to 400 kg (550 kg with optional central feet)<\/div>\n<\/li>\n<li>\n<div>Anodised finish<\/div>\n<\/li>\n<li>\n<div>Easy, effortless handling<\/div>\n<\/li>\n<\/ul>\n<ul>\n<li>\n<p>        <img decoding=\"async\" src=\"\/wp-content\/uploads\/2018\/07\/rampe-2-vantaux-02.jpg\" alt=\"\"><\/p>\n<h5>2 parts ramp<\/h5>\n<p><a href=\"\/en\/products\/access-ramps\/2-parts-ramp\"><\/a><\/p>\n<\/li>\n<li>\n<p>        <img decoding=\"async\" src=\"\/wp-content\/uploads\/2018\/07\/rampe-3-vantaux-03.jpg\" alt=\"\"><\/p>\n<h5>3 parts ramp<\/h5>\n<p><a href=\"\/en\/products\/access-ramps\/3-parts-ramp\"><\/a><\/p>\n<\/li>\n<li>\n<p>        <img decoding=\"async\" src=\"\/wp-content\/uploads\/2018\/07\/rampe-electrique-01.jpg\" alt=\"\"><\/p>\n<h5>Electric ramp<\/h5>\n<p><a href=\"\/en\/products\/access-ramps\/electric-ramp\"><\/a><\/p>\n<\/li>\n<li>\n<p>        <img decoding=\"async\" src=\"\/wp-content\/uploads\/2018\/07\/rampe-mixte-2-volets.jpg\" alt=\"\"><\/p>\n<h5>Custom ramp<\/h5>\n<p><a href=\"\/en\/products\/access-ramps\/custom-ramp\"><\/a><\/p>\n<\/li>\n<\/ul>\n<p>\n    <a href=\"\/en\/contact-us\">Other models available on request<\/a>\n<\/p>\n<p><!-- {\"name\":\"\",\"type\":\"layout\",\"children\":[{\"name\":\"Hero slider\",\"type\":\"section\",\"props\":{\"style\":\"secondary\",\"width\":\"\",\"vertical_align\":\"middle\",\"title_position\":\"top-left\",\"title_rotation\":\"left\",\"title_breakpoint\":\"xl\",\"image_position\":\"center-center\",\"height\":\"section\",\"padding_remove_top\":true,\"header_transparent\":\"light\",\"padding_remove_bottom\":true,\"animation_delay\":true,\"animation\":\"fade\"},\"children\":[{\"name\":\"\",\"type\":\"row\",\"children\":[{\"name\":\"\",\"type\":\"column\",\"props\":{\"image_position\":\"center-center\",\"media_overlay_gradient\":\"\",\"width_medium\":\"1-1\"},\"children\":[{\"name\":\"\",\"type\":\"slideshow\",\"props\":{\"show_title\":true,\"show_meta\":true,\"show_content\":true,\"show_link\":true,\"show_thumbnail\":true,\"slideshow_min_height\":300,\"slideshow_autoplay_pause\":false,\"nav\":\"dotnav\",\"nav_position\":\"bottom-center\",\"nav_position_margin\":\"medium\",\"nav_align\":\"center\",\"nav_breakpoint\":\"s\",\"thumbnav_width\":\"100\",\"thumbnav_height\":\"75\",\"slidenav\":\"\",\"slidenav_margin\":\"medium\",\"slidenav_breakpoint\":\"s\",\"slidenav_outside_breakpoint\":\"xl\",\"overlay_position\":\"left\",\"overlay_animation\":\"parallax\",\"title_element\":\"h3\",\"meta_style\":\"h4\",\"meta_align\":\"below-title\",\"link_text\":\"Read more\",\"link_style\":\"default\",\"margin\":\"default\",\"slideshow_animation\":\"fade\",\"slideshow_height\":\"section\",\"overlay_width\":\"xlarge\",\"title_style\":\"heading-medium\",\"meta_margin\":\"small\",\"slideshow_autoplay\":true,\"slideshow_autoplay_interval\":10,\"slideshow_kenburns\":\"alternate\",\"overlay_container\":\"default\",\"thumbnav_svg_color\":\"emphasis\",\"slideshow_box_shadow\":\"\",\"slideshow_box_decoration\":\"\",\"nav_margin\":\"\",\"nav_color\":\"\",\"slidenav_outside_color\":\"\",\"overlay_container_padding\":\"\",\"meta_element\":\"div\"},\"children\":[{\"name\":\"\",\"type\":\"slideshow_item\",\"props\":{\"image\":\"wp-content\\\/uploads\\\/2018\\\/07\\\/HERO-PRODUCTS-rampe-01.jpg\",\"title\":\"Access ramps\",\"meta\":\"The leading French manufacturer <\\\/br>- Wheelchair series<\\\/br>- Professional series\",\"content\":\"\"}}]}]}]}]},{\"name\":\"intro\",\"type\":\"section\",\"props\":{\"style\":\"default\",\"width\":\"default\",\"vertical_align\":\"middle\",\"title_position\":\"top-left\",\"title_rotation\":\"left\",\"title_breakpoint\":\"xl\",\"image_position\":\"center-center\",\"padding_remove_bottom\":false,\"animation_delay\":true,\"animation\":\"fade\"},\"children\":[{\"name\":\"\",\"type\":\"row\",\"children\":[{\"name\":\"\",\"type\":\"column\",\"props\":{\"image_position\":\"center-center\",\"media_overlay_gradient\":\"\",\"width_medium\":\"1-1\"},\"children\":[{\"name\":\"\",\"type\":\"wordpress_widget\",\"props\":{\"menu_style\":\"nav\",\"widget\":\"breadcrumbs-2\",\"type\":\"breadcrumbs\",\"class\":\"breadcrumb\"}}]}]},{\"name\":\"\",\"type\":\"row\",\"props\":{\"layout\":\"2-3,1-3\"},\"children\":[{\"name\":\"\",\"type\":\"column\",\"props\":{\"image_position\":\"center-center\",\"media_overlay_gradient\":\"\",\"width_medium\":\"2-3\"},\"children\":[{\"name\":\"\",\"type\":\"slideshow\",\"props\":{\"show_title\":true,\"show_meta\":true,\"show_content\":true,\"show_link\":true,\"show_thumbnail\":true,\"slideshow_min_height\":300,\"slideshow_autoplay_pause\":true,\"nav\":\"dotnav\",\"nav_position\":\"bottom-center\",\"nav_position_margin\":\"medium\",\"nav_align\":\"center\",\"nav_breakpoint\":\"s\",\"thumbnav_width\":\"100\",\"thumbnav_height\":\"75\",\"slidenav\":\"default\",\"slidenav_margin\":\"medium\",\"slidenav_breakpoint\":\"s\",\"slidenav_outside_breakpoint\":\"xl\",\"overlay_position\":\"center-left\",\"overlay_animation\":\"parallax\",\"title_element\":\"h3\",\"meta_style\":\"meta\",\"meta_align\":\"below-title\",\"link_text\":\"Read more\",\"link_style\":\"default\",\"margin\":\"default\",\"overlay_container\":\"\",\"overlay_container_padding\":\"xlarge\",\"overlay_style\":\"overlay-default\",\"image_width\":\"1920\",\"slideshow_animation\":\"fade\",\"slideshow_autoplay\":true,\"overlay_padding\":\"large\",\"slideshow_height\":\"\",\"text_color\":\"light\",\"slideshow_box_shadow\":\"\",\"slideshow_kenburns\":\"\",\"nav_color\":\"\",\"slidenav_outside_color\":\"\",\"overlay_width\":\"\",\"thumbnav_svg_color\":\"emphasis\",\"meta_element\":\"div\"},\"children\":[{\"name\":\"\",\"type\":\"slideshow_item\",\"props\":{\"title\":\"\",\"content\":\"\",\"image\":\"wp-content\\\/uploads\\\/2018\\\/07\\\/rampe-3-volets-4.jpg\"}},{\"name\":\"\",\"type\":\"slideshow_item\",\"props\":{\"title\":\"\",\"content\":\"\",\"image\":\"wp-content\\\/uploads\\\/2018\\\/07\\\/revetement-TBS.jpg\"}}]}]},{\"name\":\"\",\"type\":\"column\",\"props\":{\"image_position\":\"center-center\",\"media_overlay_gradient\":\"\",\"width_medium\":\"1-3\"},\"children\":[{\"name\":\"\",\"type\":\"headline\",\"props\":{\"title_element\":\"h4\",\"content\":\"Designed for all types of loads and weights.\\nThe surface coating is adapted to perfectly suit\\nthe required use:\",\"maxwidth\":\"2xlarge\"}},{\"name\":\"\",\"type\":\"list\",\"props\":{\"show_image\":true,\"show_link\":true,\"image_align\":\"left\",\"content_style\":\"h5\",\"image_svg_color\":\"emphasis\",\"image_vertical_align\":true,\"list_marker\":\"bullet\",\"list_size\":\"\",\"list_element\":\"ul\",\"column_breakpoint\":\"m\"},\"children\":[{\"name\":\"\",\"type\":\"list_item\",\"props\":{\"content\":\"Aluminium ramp\"}},{\"name\":\"\",\"type\":\"list_item\",\"props\":{\"content\":\"1, 2 OR 3-part ramps\"}},{\"name\":\"\",\"type\":\"list_item\",\"props\":{\"content\":\"Gas spring counterbalancing mechanism\"}},{\"name\":\"\",\"type\":\"list_item\",\"props\":{\"content\":\"Ramp foot wheels\"}},{\"name\":\"\",\"type\":\"list_item\",\"props\":{\"content\":\"Load capacity: 350 to 400 kg (550 kg with optional central feet)\"}},{\"name\":\"\",\"type\":\"list_item\",\"props\":{\"content\":\"Anodised finish\"}},{\"type\":\"list_item\",\"props\":{\"content\":\"Easy, effortless handling\"}}]}]}]},{\"name\":\"\",\"type\":\"row\",\"children\":[{\"name\":\"\",\"type\":\"column\",\"props\":{\"image_position\":\"center-center\",\"media_overlay_gradient\":\"\",\"width_medium\":\"1-1\"},\"children\":[{\"name\":\"\",\"type\":\"grid\",\"props\":{\"show_title\":true,\"show_meta\":true,\"show_content\":true,\"show_image\":true,\"show_link\":true,\"grid_default\":\"1\",\"grid_medium\":\"4\",\"filter_style\":\"tab\",\"filter_all\":true,\"filter_position\":\"top\",\"filter_align\":\"left\",\"filter_grid_width\":\"auto\",\"title_element\":\"h5\",\"meta_style\":\"meta\",\"meta_align\":\"below-title\",\"image_align\":\"top\",\"image_grid_width\":\"1-2\",\"link_text\":\"\",\"link_style\":\"default\",\"margin\":\"default\",\"text_align\":\"center\",\"panel_style\":\"card-secondary\",\"panel_size\":\"small\",\"title_style\":\"h5\",\"item_animation\":\"slide-bottom-small\",\"image_svg_color\":\"emphasis\",\"title_hover_style\":\"reset\",\"title_align\":\"top\",\"title_grid_width\":\"1-2\",\"filter_grid_breakpoint\":\"m\",\"title_grid_breakpoint\":\"m\",\"image_grid_breakpoint\":\"m\",\"panel_link\":true,\"icon_width\":80,\"meta_element\":\"div\",\"content_column_breakpoint\":\"m\",\"panel_card_image\":true,\"image_transition\":\"scale-up\"},\"children\":[{\"name\":\"\",\"type\":\"grid_item\",\"props\":{\"title\":\"2 parts ramp\",\"link\":\"en\\\/products\\\/access-ramps\\\/2-parts-ramp\\\/\",\"image\":\"wp-content\\\/uploads\\\/2018\\\/07\\\/rampe-2-vantaux-02.jpg\"}},{\"name\":\"\",\"type\":\"grid_item\",\"props\":{\"title\":\"3 parts ramp\",\"image\":\"wp-content\\\/uploads\\\/2018\\\/07\\\/rampe-3-vantaux-03.jpg\",\"link\":\"en\\\/products\\\/access-ramps\\\/3-parts-ramp\\\/\"}},{\"type\":\"grid_item\",\"props\":{\"title\":\"Electric ramp\",\"link\":\"en\\\/products\\\/access-ramps\\\/electric-ramp\\\/\",\"image\":\"wp-content\\\/uploads\\\/2018\\\/07\\\/rampe-electrique-01.jpg\"}},{\"name\":\"\",\"type\":\"grid_item\",\"props\":{\"title\":\"Custom ramp\",\"link\":\"en\\\/products\\\/access-ramps\\\/custom-ramp\\\/\",\"image\":\"wp-content\\\/uploads\\\/2018\\\/07\\\/rampe-mixte-2-volets.jpg\"}}]}]}]}]},{\"name\":\"Contact\",\"type\":\"section\",\"props\":{\"style\":\"secondary\",\"width\":\"default\",\"vertical_align\":\"middle\",\"title_position\":\"top-left\",\"title_rotation\":\"left\",\"title_breakpoint\":\"xl\",\"image_position\":\"center-center\",\"padding\":\"small\"},\"children\":[{\"name\":\"\",\"type\":\"row\",\"children\":[{\"name\":\"\",\"type\":\"column\",\"props\":{\"image_position\":\"center-center\",\"media_overlay_gradient\":\"\",\"width_medium\":\"1-1\"},\"children\":[{\"name\":\"\",\"type\":\"button\",\"props\":{\"margin\":\"default\",\"button_size\":\"small\",\"text_align\":\"center\",\"grid_column_gap\":\"small\",\"grid_row_gap\":\"small\"},\"children\":[{\"name\":\"\",\"type\":\"button_item\",\"props\":{\"button_style\":\"default\",\"icon_align\":\"left\",\"content\":\"Other models available on request\",\"link\":\"en\\\/contact-us\\\/\",\"icon\":\"mail\"}}]}]}]}]}],\"version\":\"2.2.5\"} --><\/p>\n","protected":false},"excerpt":{"rendered":"<p>Access ramps The leading French manufacturer &#8211; Wheelchair series&#8211; Professional series Designed for all types of loads and weights. The surface coating is adapted to perfectly suit the required use: Aluminium ramp 1, 2 OR 3-part ramps Gas spring counterbalancing mechanism Ramp foot wheels Load capacity: 350 to 400 kg (550 kg with optional central [&hellip;]<\/p>\n","protected":false},"author":1,"featured_media":0,"parent":2520,"menu_order":0,"comment_status":"closed","ping_status":"closed","template":"","meta":{"_acf_changed":false,"footnotes":""},"class_list":["post-2529","page","type-page","status-publish","hentry"],"acf":[],"yoast_head":"<!-- This site is optimized with the Yoast SEO plugin v26.5 - https:\/\/yoast.com\/wordpress\/plugins\/seo\/ -->\n<title>Access ramps - STEPCONCEPT<\/title>\n<meta name=\"robots\" content=\"index, follow, max-snippet:-1, max-image-preview:large, max-video-preview:-1\" \/>\n<link rel=\"canonical\" href=\"https:\/\/www.stepconcept.com\/en\/products\/access-ramps\/\" \/>\n<meta property=\"og:locale\" content=\"en_US\" \/>\n<meta property=\"og:type\" content=\"article\" \/>\n<meta property=\"og:title\" content=\"Access ramps - STEPCONCEPT\" \/>\n<meta property=\"og:description\" content=\"Access ramps The leading French manufacturer &#8211; Wheelchair series&#8211; Professional series Designed for all types of loads and weights. The surface coating is adapted to perfectly suit the required use: Aluminium ramp 1, 2 OR 3-part ramps Gas spring counterbalancing mechanism Ramp foot wheels Load capacity: 350 to 400 kg (550 kg with optional central [&hellip;]\" \/>\n<meta property=\"og:url\" content=\"https:\/\/www.stepconcept.com\/en\/products\/access-ramps\/\" \/>\n<meta property=\"og:site_name\" content=\"STEPCONCEPT\" \/>\n<meta property=\"article:publisher\" content=\"https:\/\/www.facebook.com\/stepconcept53\/\" \/>\n<meta property=\"article:modified_time\" content=\"2020-10-23T08:00:01+00:00\" \/>\n<meta property=\"og:image\" content=\"https:\/\/www.stepconcept.com\/wp-content\/uploads\/2018\/07\/HERO-PRODUCTS-rampe-01.jpg\" \/>\n<meta name=\"twitter:card\" content=\"summary_large_image\" \/>\n<script type=\"application\/ld+json\" class=\"yoast-schema-graph\">{\"@context\":\"https:\/\/schema.org\",\"@graph\":[{\"@type\":\"WebPage\",\"@id\":\"https:\/\/www.stepconcept.com\/en\/products\/access-ramps\/\",\"url\":\"https:\/\/www.stepconcept.com\/en\/products\/access-ramps\/\",\"name\":\"Access ramps - STEPCONCEPT\",\"isPartOf\":{\"@id\":\"https:\/\/www.stepconcept.com\/en\/#website\"},\"datePublished\":\"2018-03-15T14:22:55+00:00\",\"dateModified\":\"2020-10-23T08:00:01+00:00\",\"breadcrumb\":{\"@id\":\"https:\/\/www.stepconcept.com\/en\/products\/access-ramps\/#breadcrumb\"},\"inLanguage\":\"en-US\",\"potentialAction\":[{\"@type\":\"ReadAction\",\"target\":[\"https:\/\/www.stepconcept.com\/en\/products\/access-ramps\/\"]}]},{\"@type\":\"BreadcrumbList\",\"@id\":\"https:\/\/www.stepconcept.com\/en\/products\/access-ramps\/#breadcrumb\",\"itemListElement\":[{\"@type\":\"ListItem\",\"position\":1,\"name\":\"Accueil\",\"item\":\"https:\/\/www.stepconcept.com\/en\/\"},{\"@type\":\"ListItem\",\"position\":2,\"name\":\"Products\",\"item\":\"https:\/\/www.stepconcept.com\/en\/produits\/\"},{\"@type\":\"ListItem\",\"position\":3,\"name\":\"Access ramps\"}]},{\"@type\":\"WebSite\",\"@id\":\"https:\/\/www.stepconcept.com\/en\/#website\",\"url\":\"https:\/\/www.stepconcept.com\/en\/\",\"name\":\"Step Concept\",\"description\":\"Syst\u00e8me d&#039;acc\u00e8s pour v\u00e9hicule\",\"publisher\":{\"@id\":\"https:\/\/www.stepconcept.com\/en\/#organization\"},\"potentialAction\":[{\"@type\":\"SearchAction\",\"target\":{\"@type\":\"EntryPoint\",\"urlTemplate\":\"https:\/\/www.stepconcept.com\/en\/?s={search_term_string}\"},\"query-input\":{\"@type\":\"PropertyValueSpecification\",\"valueRequired\":true,\"valueName\":\"search_term_string\"}}],\"inLanguage\":\"en-US\"},{\"@type\":\"Organization\",\"@id\":\"https:\/\/www.stepconcept.com\/en\/#organization\",\"name\":\"Stepconcept\",\"url\":\"https:\/\/www.stepconcept.com\/en\/\",\"logo\":{\"@type\":\"ImageObject\",\"inLanguage\":\"en-US\",\"@id\":\"https:\/\/www.stepconcept.com\/en\/#\/schema\/logo\/image\/\",\"url\":\"https:\/\/www.stepconcept.com\/wp-content\/uploads\/2018\/09\/Logo-STEPCONCEPT-03.png\",\"contentUrl\":\"https:\/\/www.stepconcept.com\/wp-content\/uploads\/2018\/09\/Logo-STEPCONCEPT-03.png\",\"width\":568,\"height\":151,\"caption\":\"Stepconcept\"},\"image\":{\"@id\":\"https:\/\/www.stepconcept.com\/en\/#\/schema\/logo\/image\/\"},\"sameAs\":[\"https:\/\/www.facebook.com\/stepconcept53\/\"]}]}<\/script>\n<!-- \/ Yoast SEO plugin. -->","yoast_head_json":{"title":"Access ramps - STEPCONCEPT","robots":{"index":"index","follow":"follow","max-snippet":"max-snippet:-1","max-image-preview":"max-image-preview:large","max-video-preview":"max-video-preview:-1"},"canonical":"https:\/\/www.stepconcept.com\/en\/products\/access-ramps\/","og_locale":"en_US","og_type":"article","og_title":"Access ramps - STEPCONCEPT","og_description":"Access ramps The leading French manufacturer &#8211; Wheelchair series&#8211; Professional series Designed for all types of loads and weights. The surface coating is adapted to perfectly suit the required use: Aluminium ramp 1, 2 OR 3-part ramps Gas spring counterbalancing mechanism Ramp foot wheels Load capacity: 350 to 400 kg (550 kg with optional central [&hellip;]","og_url":"https:\/\/www.stepconcept.com\/en\/products\/access-ramps\/","og_site_name":"STEPCONCEPT","article_publisher":"https:\/\/www.facebook.com\/stepconcept53\/","article_modified_time":"2020-10-23T08:00:01+00:00","og_image":[{"url":"https:\/\/www.stepconcept.com\/wp-content\/uploads\/2018\/07\/HERO-PRODUCTS-rampe-01.jpg","type":"","width":"","height":""}],"twitter_card":"summary_large_image","schema":{"@context":"https:\/\/schema.org","@graph":[{"@type":"WebPage","@id":"https:\/\/www.stepconcept.com\/en\/products\/access-ramps\/","url":"https:\/\/www.stepconcept.com\/en\/products\/access-ramps\/","name":"Access ramps - STEPCONCEPT","isPartOf":{"@id":"https:\/\/www.stepconcept.com\/en\/#website"},"datePublished":"2018-03-15T14:22:55+00:00","dateModified":"2020-10-23T08:00:01+00:00","breadcrumb":{"@id":"https:\/\/www.stepconcept.com\/en\/products\/access-ramps\/#breadcrumb"},"inLanguage":"en-US","potentialAction":[{"@type":"ReadAction","target":["https:\/\/www.stepconcept.com\/en\/products\/access-ramps\/"]}]},{"@type":"BreadcrumbList","@id":"https:\/\/www.stepconcept.com\/en\/products\/access-ramps\/#breadcrumb","itemListElement":[{"@type":"ListItem","position":1,"name":"Accueil","item":"https:\/\/www.stepconcept.com\/en\/"},{"@type":"ListItem","position":2,"name":"Products","item":"https:\/\/www.stepconcept.com\/en\/produits\/"},{"@type":"ListItem","position":3,"name":"Access ramps"}]},{"@type":"WebSite","@id":"https:\/\/www.stepconcept.com\/en\/#website","url":"https:\/\/www.stepconcept.com\/en\/","name":"Step Concept","description":"Syst\u00e8me d&#039;acc\u00e8s pour v\u00e9hicule","publisher":{"@id":"https:\/\/www.stepconcept.com\/en\/#organization"},"potentialAction":[{"@type":"SearchAction","target":{"@type":"EntryPoint","urlTemplate":"https:\/\/www.stepconcept.com\/en\/?s={search_term_string}"},"query-input":{"@type":"PropertyValueSpecification","valueRequired":true,"valueName":"search_term_string"}}],"inLanguage":"en-US"},{"@type":"Organization","@id":"https:\/\/www.stepconcept.com\/en\/#organization","name":"Stepconcept","url":"https:\/\/www.stepconcept.com\/en\/","logo":{"@type":"ImageObject","inLanguage":"en-US","@id":"https:\/\/www.stepconcept.com\/en\/#\/schema\/logo\/image\/","url":"https:\/\/www.stepconcept.com\/wp-content\/uploads\/2018\/09\/Logo-STEPCONCEPT-03.png","contentUrl":"https:\/\/www.stepconcept.com\/wp-content\/uploads\/2018\/09\/Logo-STEPCONCEPT-03.png","width":568,"height":151,"caption":"Stepconcept"},"image":{"@id":"https:\/\/www.stepconcept.com\/en\/#\/schema\/logo\/image\/"},"sameAs":["https:\/\/www.facebook.com\/stepconcept53\/"]}]}},"_links":{"self":[{"href":"https:\/\/www.stepconcept.com\/en\/wp-json\/wp\/v2\/pages\/2529","targetHints":{"allow":["GET"]}}],"collection":[{"href":"https:\/\/www.stepconcept.com\/en\/wp-json\/wp\/v2\/pages"}],"about":[{"href":"https:\/\/www.stepconcept.com\/en\/wp-json\/wp\/v2\/types\/page"}],"author":[{"embeddable":true,"href":"https:\/\/www.stepconcept.com\/en\/wp-json\/wp\/v2\/users\/1"}],"replies":[{"embeddable":true,"href":"https:\/\/www.stepconcept.com\/en\/wp-json\/wp\/v2\/comments?post=2529"}],"version-history":[{"count":15,"href":"https:\/\/www.stepconcept.com\/en\/wp-json\/wp\/v2\/pages\/2529\/revisions"}],"predecessor-version":[{"id":4592,"href":"https:\/\/www.stepconcept.com\/en\/wp-json\/wp\/v2\/pages\/2529\/revisions\/4592"}],"up":[{"embeddable":true,"href":"https:\/\/www.stepconcept.com\/en\/wp-json\/wp\/v2\/pages\/2520"}],"wp:attachment":[{"href":"https:\/\/www.stepconcept.com\/en\/wp-json\/wp\/v2\/media?parent=2529"}],"curies":[{"name":"wp","href":"https:\/\/api.w.org\/{rel}","templated":true}]}}