{"id":3370,"date":"2018-03-15T11:32:22","date_gmt":"2018-03-15T10:32:22","guid":{"rendered":"https:\/\/www.stepconcept.com\/contact\/"},"modified":"2021-11-16T11:15:11","modified_gmt":"2021-11-16T10:15:11","slug":"contact-us","status":"publish","type":"page","link":"https:\/\/www.stepconcept.com\/en\/contact-us\/","title":{"rendered":"Contact us"},"content":{"rendered":"<p><!-- Builder # --><\/p>\n<h1>Contact us<\/h1>\n<h1>\n<p class=\"el-title uk-margin\">Contact form<\/p>\n<\/h1>\n<div>\n<div class=\"wpcf7 no-js\" id=\"wpcf7-f2803-o1\" lang=\"fr-FR\" dir=\"ltr\" data-wpcf7-id=\"2803\">\n<div class=\"screen-reader-response\"><p role=\"status\" aria-live=\"polite\" aria-atomic=\"true\"><\/p> <ul><\/ul><\/div>\n<form action=\"\/en\/wp-json\/wp\/v2\/pages\/3370#wpcf7-f2803-o1\" method=\"post\" class=\"wpcf7-form init\" aria-label=\"Formulaire de contact\" novalidate=\"novalidate\" data-status=\"init\">\n<fieldset class=\"hidden-fields-container\"><input type=\"hidden\" name=\"_wpcf7\" value=\"2803\" \/><input type=\"hidden\" name=\"_wpcf7_version\" value=\"6.1.4\" \/><input type=\"hidden\" name=\"_wpcf7_locale\" value=\"fr_FR\" \/><input type=\"hidden\" name=\"_wpcf7_unit_tag\" value=\"wpcf7-f2803-o1\" \/><input type=\"hidden\" name=\"_wpcf7_container_post\" value=\"0\" \/><input type=\"hidden\" name=\"_wpcf7_posted_data_hash\" value=\"\" \/>\n<\/fieldset>\n<div class=\"wpcf7-turnstile cf-turnstile\" data-sitekey=\"0x4AAAAAAB5ZPn-HpUMlK5r3\" data-response-field-name=\"_wpcf7_turnstile_response\"><\/div>\n\n<p><label> Your name (*)<br \/>\n<span class=\"wpcf7-form-control-wrap\" data-name=\"your-name\"><input size=\"40\" maxlength=\"400\" class=\"wpcf7-form-control wpcf7-text wpcf7-validates-as-required uk-input\" aria-required=\"true\" aria-invalid=\"false\" value=\"\" type=\"text\" name=\"your-name\" \/><\/span> <\/label>\n<\/p>\n<p><label> Your email (*)<br \/>\n<span class=\"wpcf7-form-control-wrap\" data-name=\"your-email\"><input size=\"40\" maxlength=\"400\" class=\"wpcf7-form-control wpcf7-email wpcf7-validates-as-required wpcf7-text wpcf7-validates-as-email uk-input\" aria-required=\"true\" aria-invalid=\"false\" value=\"\" type=\"email\" name=\"your-email\" \/><\/span> <\/label>\n<\/p>\n<p><label> Subject (*)<br \/>\n<span class=\"wpcf7-form-control-wrap\" data-name=\"your-subject\"><input size=\"40\" maxlength=\"400\" class=\"wpcf7-form-control wpcf7-text wpcf7-validates-as-required uk-input\" aria-required=\"true\" aria-invalid=\"false\" value=\"\" type=\"text\" name=\"your-subject\" \/><\/span> <\/label>\n<\/p>\n<p><label> Your message (*)<br \/>\n<span class=\"wpcf7-form-control-wrap\" data-name=\"your-message\"><textarea cols=\"40\" rows=\"10\" maxlength=\"2000\" class=\"wpcf7-form-control wpcf7-textarea wpcf7-validates-as-required uk-textarea\" aria-required=\"true\" aria-invalid=\"false\" name=\"your-message\"><\/textarea><\/span> <\/label>\n<\/p>\n<p><span class=\"wpcf7-form-control-wrap\" data-name=\"acceptance-rgpd\"><span class=\"wpcf7-form-control wpcf7-acceptance\"><span class=\"wpcf7-list-item\"><label><input type=\"checkbox\" name=\"acceptance-rgpd\" value=\"1\" aria-invalid=\"false\" \/><span class=\"wpcf7-list-item-label\">I have read and accept <a href=\"\/en\/legal-notice\/\" target=_blank>the privacy policy<\/a><\/span><\/label><\/span><\/span><\/span>\n<\/p>\n<p><input class=\"wpcf7-form-control wpcf7-submit has-spinner uk-button uk-button-primary\" type=\"submit\" value=\"Envoyer\" \/>\n<\/p>\n<p><small><i>(*) Champ obligatoire<\/i><\/small>\n<\/p><div class=\"wpcf7-response-output\" aria-hidden=\"true\"><\/div>\n<\/form>\n<\/div>\n<\/div>\n<p><img decoding=\"async\" src=\"wp-content\/uploads\/2018\/09\/Logo-STEPCONCEPT-03.png\" alt=\"\"><\/p>\n<div>\n<p>ZA la vall\u00e9e verte <br \/>53940 Le Genest Saint Isle<\/p>\n<\/div>\n<ul>\n<li>\n<div>+33 (0)2 43 26 14 72<\/div>\n<\/li>\n<li>\n<div>Monday to Friday from 8:00 to 17:00<\/div>\n<\/li>\n<\/ul>\n<p>\n    <a href=\"https:\/\/www.google.com\/maps\/place\/Step+Concept\/@48.0958556,-0.8937117,17z\/data=!3m1!4b1!4m5!3m4!1s0x48091d981156340b:0x13544eeea26dc2bc!8m2!3d48.095852!4d-0.891523\">Enlarge map<\/a>\n<\/p>\n<div>\n<h3>STEPCONCEPT<\/h3>\n<p>48.0962,-0.8917<\/p>\n<\/div>\n<hr>\n<p>\n    <a href=\"mailto:info@stepconcept.com\">Contact-us<\/a>\n<\/p>\n<ul>\n<li>\n<p>        <img decoding=\"async\" src=\"wp-content\/uploads\/2018\/09\/Logo-STEPCONCEPT-03.png\" alt=\"\"><\/p>\n<p>Contact<\/p>\n<p><a href=\"mailto:contact@stepconcept.com\">Read more<\/a><\/p>\n<\/li>\n<li>\n<p>        <img decoding=\"async\" src=\"wp-content\/uploads\/2018\/10\/Alpha-Dynamik-AD-Logo_neu.png\" alt=\"\"><\/p>\n<p>https:\/\/www.alphadynamik.de\/<\/p>\n<p><a href=\"https:\/\/www.alphadynamik.de\/\">Read more<\/a><\/p>\n<\/li>\n<li>\n<p>        <img decoding=\"async\" src=\"wp-content\/uploads\/2018\/10\/Logo_WAG.jpg\" alt=\"\"><\/p>\n<p>https:\/\/waldspurger.ch\/fr\/<\/p>\n<p><a href=\"https:\/\/waldspurger.ch\/fr\/\">Read more<\/a><\/p>\n<\/li>\n<\/ul>\n<p><!-- {\"name\":\"\",\"type\":\"layout\",\"children\":[{\"name\":\"Hero\",\"type\":\"section\",\"props\":{\"width\":\"default\",\"padding\":\"large\",\"style\":\"secondary\",\"text_color\":\"\",\"media\":\"images\\\/home-header.jpg\",\"height_viewport\":true,\"header_overlay\":\"light\",\"image\":\"wp-content\\\/uploads\\\/2018\\\/07\\\/HERO-home-03.jpg\",\"media_advanced\":true,\"image_size\":\"cover\",\"media_background\":null,\"media_overlay\":null,\"height\":\"section\",\"animation\":\"\",\"header_transparent\":\"\",\"image_position\":\"bottom-center\",\"image_width\":\"\",\"image_height\":\"\",\"image_fixed\":false,\"media_blend_mode\":\"\",\"overlap\":true,\"padding_remove_bottom\":false,\"image_visibility\":\"m\",\"image_effect\":\"parallax\",\"image_parallax\":-540,\"padding_remove_top\":false,\"image_parallax_bgx_start\":\"\",\"image_parallax_bgy_start\":-60,\"image_parallax_bgy_end\":-300,\"vertical_align\":\"middle\",\"title_position\":\"top-left\",\"title_rotation\":\"left\",\"title_breakpoint\":\"xl\",\"header_transparent_noplaceholder\":false},\"children\":[{\"name\":\"\",\"type\":\"row\",\"props\":{\"layout\":\"fixed,\",\"breakpoint\":\"m\",\"fixed_width\":\"large\",\"margin\":\"large\",\"vertical_align\":false,\"match\":false,\"width\":\"expand\",\"gutter\":\"small\",\"divider\":false,\"height\":\"\"},\"children\":[{\"name\":\"\",\"type\":\"column\",\"props\":{\"image_position\":\"center-center\",\"widths\":[\"fixed\"],\"style\":\"\",\"image\":\"\",\"image_size\":\"cover\",\"vertical_align\":\"\",\"text_color\":\"\",\"padding\":\"\",\"media_overlay_gradient\":\"\"},\"children\":[{\"name\":\"\",\"type\":\"headline\",\"props\":{\"title_element\":\"h1\",\"content\":\"Contact us\",\"title_style\":\"heading-medium\",\"text_align\":\"left\",\"text_align_fallback\":\"\",\"maxwidth\":\"\",\"animation\":\"parallax\",\"text_align_breakpoint\":\"\",\"margin\":\"\",\"margin_remove_top\":false,\"margin_remove_bottom\":false,\"title_color\":\"\",\"parallax_target\":false,\"parallax_y\":\"\",\"parallax_viewport\":\"\",\"parallax_x\":\"\",\"parallax_opacity\":\"\",\"parallax_scale\":\"\",\"parallax_velocity\":\"\",\"title_decoration\":\"\",\"maxwidth_breakpoint\":\"\",\"visibility\":\"\",\"block_align\":\"\"}}]},{\"name\":\"\",\"type\":\"column\",\"props\":{\"image_position\":\"center-center\",\"widths\":[\"\"],\"vertical_align\":\"\",\"style\":\"\",\"text_color\":\"\",\"padding\":\"\",\"media_overlay_gradient\":\"\"}}]}]},{\"name\":\"Formulaire\",\"type\":\"section\",\"props\":{\"width\":\"default\",\"padding\":\"small\",\"style\":\"default\",\"text_color\":\"\",\"media\":\"images\\\/home-header.jpg\",\"height_viewport\":true,\"header_overlay\":\"light\",\"image\":\"\",\"media_advanced\":true,\"image_size\":\"contain\",\"media_background\":null,\"media_overlay\":null,\"height\":\"\",\"animation\":\"\",\"header_transparent\":\"\",\"image_position\":\"center-center\",\"image_width\":\"\",\"image_height\":\"\",\"image_fixed\":false,\"media_blend_mode\":\"\",\"overlap\":false,\"padding_remove_bottom\":false,\"padding_remove_top\":false,\"image_effect\":\"parallax\",\"image_parallax\":-450,\"image_parallax_bgx_start\":\"\",\"image_parallax_bgy_start\":\"50\",\"image_parallax_bgy_end\":\"-20\",\"image_visibility\":\"s\",\"image_parallax_breakpoint\":\"m\",\"vertical_align\":\"middle\",\"title_position\":\"top-left\",\"title_rotation\":\"left\",\"title_breakpoint\":\"xl\"},\"children\":[{\"name\":\"\",\"type\":\"row\",\"props\":{\"fixed_width\":\"large\",\"breakpoint\":\"m\",\"layout\":\"1-1\"},\"children\":[{\"name\":\"\",\"type\":\"column\",\"props\":{\"widths\":[\"1-1\"],\"image_position\":\"center-center\",\"media_overlay_gradient\":\"\"},\"children\":[{\"name\":\"\",\"type\":\"wordpress_widget\",\"props\":{\"menu_style\":\"nav\",\"widget\":\"breadcrumbs-2\",\"type\":\"breadcrumbs\",\"class\":\"breadcrumb\",\"style\":\"\",\"title_style\":\"\",\"title_decoration\":\"\",\"title_color\":\"\",\"list_style\":\"\",\"link_style\":\"\",\"position\":\"\",\"position_z_index\":\"\",\"margin\":\"\",\"maxwidth\":\"\",\"maxwidth_breakpoint\":\"\",\"block_align\":\"\",\"block_align_breakpoint\":\"\",\"block_align_fallback\":\"\",\"text_align\":\"\",\"text_align_breakpoint\":\"\",\"text_align_fallback\":\"\",\"animation\":\"\",\"visibility\":\"\"}}]}]},{\"name\":\"\",\"type\":\"row\",\"props\":{\"layout\":\",\",\"breakpoint\":\"m\",\"fixed_width\":\"large\",\"margin\":\"\",\"vertical_align\":false,\"width\":\"default\",\"gutter\":\"\",\"divider\":true,\"match\":false,\"height\":\"\"},\"children\":[{\"name\":\"\",\"type\":\"column\",\"props\":{\"image_position\":\"center-center\",\"widths\":[\"\"],\"vertical_align\":\"\",\"style\":\"\",\"text_color\":\"\",\"padding\":\"\",\"media_overlay_gradient\":\"\"},\"children\":[{\"name\":\"\",\"type\":\"headline\",\"props\":{\"title_element\":\"h1\",\"content\":\"\n\n<p class=\\\"el-title uk-margin\\\">Contact form<\\\/p>\",\"title_style\":\"\",\"title_decoration\":\"\",\"title_color\":\"\",\"text_align\":\"\",\"text_align_breakpoint\":\"\",\"text_align_fallback\":\"\",\"maxwidth\":\"\",\"maxwidth_breakpoint\":\"\",\"margin\":\"\",\"animation\":\"\",\"visibility\":\"\",\"block_align\":\"\"}},{\"name\":\"\",\"type\":\"text\",\"props\":{\"margin\":\"default\",\"column_breakpoint\":\"m\",\"content\":\"[contact-form-7 id=\\\"2803\\\" title=\\\"Formulaire de contact - english\\\"]\",\"text_style\":\"\",\"text_color\":\"\",\"text_size\":\"\",\"column\":\"\",\"text_align\":\"\",\"text_align_breakpoint\":\"\",\"text_align_fallback\":\"\",\"maxwidth\":\"\",\"maxwidth_breakpoint\":\"\",\"animation\":\"\",\"visibility\":\"\",\"block_align\":\"\"}}]},{\"name\":\"\",\"type\":\"column\",\"props\":{\"widths\":[\"\"],\"image_position\":\"center-center\",\"style\":\"\",\"vertical_align\":\"\",\"text_color\":\"\",\"padding\":\"\",\"media_overlay_gradient\":\"\"},\"children\":[{\"name\":\"\",\"type\":\"image\",\"props\":{\"margin\":\"default\",\"image\":\"wp-content\\\/uploads\\\/2018\\\/09\\\/Logo-STEPCONCEPT-03.png\",\"image_width\":\"300\",\"image_svg_color\":\"emphasis\"}},{\"name\":\"\",\"type\":\"text\",\"props\":{\"margin\":\"default\",\"column_breakpoint\":\"m\",\"content\":\"\n\n<p>ZA la vall\\u00e9e verte <br \\\/>53940 Le Genest Saint Isle<\\\/p>\",\"text_style\":\"\",\"text_color\":\"\",\"text_size\":\"\",\"column\":\"\",\"text_align\":\"\",\"text_align_breakpoint\":\"\",\"text_align_fallback\":\"\",\"maxwidth\":\"\",\"maxwidth_breakpoint\":\"\",\"animation\":\"\",\"visibility\":\"\",\"block_align\":\"\"}},{\"name\":\"\",\"type\":\"list\",\"props\":{\"show_image\":true,\"show_link\":true,\"image_align\":\"left\",\"list_style\":\"\",\"content_style\":\"\",\"image_border\":\"\",\"link_style\":\"\",\"text_align\":\"\",\"text_align_breakpoint\":\"\",\"text_align_fallback\":\"\",\"maxwidth\":\"\",\"maxwidth_breakpoint\":\"\",\"margin\":\"\",\"animation\":\"\",\"visibility\":\"\",\"icon_color\":\"\",\"image_svg_color\":\"emphasis\",\"image_vertical_align\":true,\"block_align\":\"\"},\"children\":[{\"name\":\"\",\"type\":\"list_item\",\"props\":{\"content\":\"+33 (0)2 43 26 14 72\",\"icon\":\"receiver\",\"icon_color\":\"\"}},{\"name\":\"\",\"type\":\"list_item\",\"props\":{\"content\":\"Monday to Friday from 8:00 to 17:00\",\"icon\":\"clock\",\"icon_color\":\"\"}}]},{\"name\":\"\",\"type\":\"button\",\"props\":{\"gutter\":\"small\",\"margin\":\"default\",\"button_size\":\"small\",\"text_align\":\"\",\"text_align_breakpoint\":\"\",\"text_align_fallback\":\"\",\"maxwidth\":\"\",\"maxwidth_breakpoint\":\"\",\"animation\":\"\",\"visibility\":\"\",\"block_align\":\"\"},\"children\":[{\"name\":\"\",\"type\":\"button_item\",\"props\":{\"button_style\":\"primary\",\"icon_align\":\"left\",\"link_target\":\"blank\",\"content\":\"Enlarge map\",\"link\":\"https:\\\/\\\/www.google.com\\\/maps\\\/place\\\/Step+Concept\\\/@48.0958556,-0.8937117,17z\\\/data=!3m1!4b1!4m5!3m4!1s0x48091d981156340b:0x13544eeea26dc2bc!8m2!3d48.095852!4d-0.891523\",\"icon\":\"location\"}}]},{\"name\":\"\",\"type\":\"map\",\"props\":{\"show_title\":true,\"type\":\"roadmap\",\"zoom\":\"10\",\"controls\":true,\"zooming\":false,\"dragging\":true,\"maxwidth\":\"\",\"maxwidth_breakpoint\":\"\",\"margin\":\"\",\"animation\":\"\",\"visibility\":\"\",\"styler_hue\":\"#179ADD\",\"block_align\":\"\"},\"children\":[{\"name\":\"\",\"type\":\"map_marker\",\"props\":{\"title\":\"STEPCONCEPT\",\"location\":\"48.0962,-0.8917\"}}]},{\"name\":\"\",\"type\":\"divider\",\"props\":{\"divider_element\":\"hr\",\"divider_style\":\"icon\"}},{\"type\":\"button\",\"props\":{\"gutter\":\"small\",\"margin\":\"default\",\"button_size\":\"small\",\"text_align\":\"center\",\"text_align_breakpoint\":\"\",\"text_align_fallback\":\"\",\"maxwidth\":\"\",\"maxwidth_breakpoint\":\"\",\"animation\":\"\",\"visibility\":\"\",\"fullwidth\":false,\"block_align\":\"\"},\"children\":[{\"type\":\"button_item\",\"props\":{\"button_style\":\"primary\",\"icon_align\":\"left\",\"link_target\":\"blank\",\"content\":\"Contact-us\",\"link\":\"mailto:info@stepconcept.com\",\"icon\":\"mail\"}}]}]}]}]},{\"name\":\"map\",\"type\":\"section\",\"props\":{\"width\":\"\",\"padding\":\"none\",\"style\":\"secondary\",\"padding_remove_top\":false,\"image_size\":\"\",\"image_position\":\"center-center\",\"height\":\"\",\"id\":\"contact\",\"vertical_align\":\"middle\",\"title_position\":\"top-left\",\"title_rotation\":\"left\",\"title_breakpoint\":\"xl\",\"preserve_color\":true,\"image\":\"wp-content\\\/uploads\\\/2018\\\/10\\\/stepconcept-carte-01-4.jpg\",\"header_transparent\":\"\",\"animation\":\"\",\"image_effect\":\"\",\"image_visibility\":\"\",\"media_blend_mode\":\"\",\"image_height\":\"\"},\"children\":[{\"name\":\"\",\"type\":\"row\",\"props\":{\"fixed_width\":\"large\",\"breakpoint\":\"m\",\"layout\":\"3-4,\",\"gutter\":\"\",\"width\":\"\",\"margin\":\"\",\"height\":\"\"},\"children\":[{\"name\":\"\",\"type\":\"column\",\"props\":{\"widths\":[\"3-4\"],\"image_position\":\"center-center\",\"vertical_align\":\"\",\"style\":\"\",\"text_color\":\"\",\"padding\":\"\",\"media_overlay_gradient\":\"\"}},{\"name\":\"\",\"type\":\"column\",\"props\":{\"widths\":[\"\"],\"image_position\":\"center-center\",\"vertical_align\":\"\",\"style\":\"\",\"text_color\":\"\",\"padding\":\"\",\"media_overlay_gradient\":\"\"},\"children\":[{\"name\":\"\",\"type\":\"grid\",\"props\":{\"show_title\":true,\"show_meta\":true,\"show_content\":true,\"show_image\":true,\"show_link\":true,\"grid_default\":\"1\",\"grid_medium\":\"\",\"filter_style\":\"tab\",\"filter_all\":true,\"filter_position\":\"top\",\"filter_align\":\"left\",\"filter_grid_width\":\"auto\",\"filter_breakpoint\":\"m\",\"title_element\":\"h3\",\"meta_style\":\"meta\",\"meta_align\":\"below-title\",\"icon_ratio\":4,\"image_align\":\"top\",\"image_grid_width\":\"1-2\",\"image_breakpoint\":\"m\",\"link_text\":\"Read more\",\"link_style\":\"default\",\"margin\":\"small\",\"gutter\":\"small\",\"grid_small\":\"\",\"grid_large\":\"\",\"grid_xlarge\":\"\",\"filter_margin\":\"\",\"filter_gutter\":\"\",\"title_display\":\"\",\"content_display\":\"\",\"panel_style\":\"card-default\",\"panel_size\":\"small\",\"title_style\":\"\",\"title_decoration\":\"\",\"title_color\":\"\",\"meta_margin\":\"remove\",\"content_style\":\"\",\"image_border\":\"\",\"image_box_shadow\":\"\",\"image_hover_box_shadow\":\"\",\"icon_color\":\"\",\"image_gutter\":\"\",\"link_size\":\"\",\"text_align\":\"\",\"text_align_breakpoint\":\"\",\"text_align_fallback\":\"\",\"item_maxwidth\":\"\",\"item_animation\":\"\",\"visibility\":\"\",\"image_height\":\"100\",\"image_svg_color\":\"emphasis\",\"link_type\":\"element\",\"panel_card_image\":false,\"title_hover_style\":\"reset\",\"title_align\":\"top\",\"title_grid_width\":\"1-2\",\"title_breakpoint\":\"m\"},\"children\":[{\"name\":\"\",\"type\":\"grid_item\",\"props\":{\"title\":\"\",\"image\":\"wp-content\\\/uploads\\\/2018\\\/09\\\/Logo-STEPCONCEPT-03.png\",\"link\":\"mailto:contact@stepconcept.com\",\"meta\":\"Contact\"}},{\"name\":\"\",\"type\":\"grid_item\",\"props\":{\"image\":\"wp-content\\\/uploads\\\/2018\\\/10\\\/Alpha-Dynamik-AD-Logo_neu.png\",\"title\":\"\",\"link\":\"https:\\\/\\\/www.alphadynamik.de\\\/\",\"meta\":\"https:\\\/\\\/www.alphadynamik.de\\\/\"}},{\"name\":\"\",\"type\":\"grid_item\",\"props\":{\"image\":\"wp-content\\\/uploads\\\/2018\\\/10\\\/Logo_WAG.jpg\",\"title\":\"\",\"link\":\"https:\\\/\\\/waldspurger.ch\\\/fr\\\/\",\"meta\":\"https:\\\/\\\/waldspurger.ch\\\/fr\\\/\"}}]}]}]}]}],\"props\":[],\"version\":\"1.20.6\"} --><\/p>\n","protected":false},"excerpt":{"rendered":"<p>Contact us Contact form ZA la vall\u00e9e verte 53940 Le Genest Saint Isle +33 (0)2 43 26 14 72 Monday to Friday from 8:00 to 17:00 Enlarge map STEPCONCEPT 48.0962,-0.8917 Contact-us Contact Read more https:\/\/www.alphadynamik.de\/ Read more https:\/\/waldspurger.ch\/fr\/ Read more<\/p>\n","protected":false},"author":1,"featured_media":0,"parent":0,"menu_order":18,"comment_status":"closed","ping_status":"closed","template":"","meta":{"_acf_changed":false,"footnotes":""},"class_list":["post-3370","page","type-page","status-publish","hentry"],"acf":[],"yoast_head":"<!-- This site is optimized with the Yoast SEO plugin v26.5 - https:\/\/yoast.com\/wordpress\/plugins\/seo\/ -->\n<title>Contact us - STEPCONCEPT<\/title>\n<meta name=\"robots\" content=\"index, follow, max-snippet:-1, max-image-preview:large, max-video-preview:-1\" \/>\n<link rel=\"canonical\" href=\"https:\/\/www.stepconcept.com\/en\/contact-us\/\" \/>\n<meta property=\"og:locale\" content=\"en_US\" \/>\n<meta property=\"og:type\" content=\"article\" \/>\n<meta property=\"og:title\" content=\"Contact us - STEPCONCEPT\" \/>\n<meta property=\"og:description\" content=\"Contact us Contact form ZA la vall\u00e9e verte 53940 Le Genest Saint Isle +33 (0)2 43 26 14 72 Monday to Friday from 8:00 to 17:00 Enlarge map STEPCONCEPT 48.0962,-0.8917 Contact-us Contact Read more https:\/\/www.alphadynamik.de\/ Read more https:\/\/waldspurger.ch\/fr\/ Read more\" \/>\n<meta property=\"og:url\" content=\"https:\/\/www.stepconcept.com\/en\/contact-us\/\" \/>\n<meta property=\"og:site_name\" content=\"STEPCONCEPT\" \/>\n<meta property=\"article:publisher\" content=\"https:\/\/www.facebook.com\/stepconcept53\/\" \/>\n<meta property=\"article:modified_time\" content=\"2021-11-16T10:15:11+00:00\" \/>\n<meta property=\"og:image\" content=\"http:\/\/wp-content\/uploads\/2018\/09\/Logo-STEPCONCEPT-03.png\" \/>\n<meta name=\"twitter:card\" content=\"summary_large_image\" \/>\n<script type=\"application\/ld+json\" class=\"yoast-schema-graph\">{\"@context\":\"https:\/\/schema.org\",\"@graph\":[{\"@type\":\"WebPage\",\"@id\":\"https:\/\/www.stepconcept.com\/en\/contact-us\/\",\"url\":\"https:\/\/www.stepconcept.com\/en\/contact-us\/\",\"name\":\"Contact us - STEPCONCEPT\",\"isPartOf\":{\"@id\":\"https:\/\/www.stepconcept.com\/en\/#website\"},\"datePublished\":\"2018-03-15T10:32:22+00:00\",\"dateModified\":\"2021-11-16T10:15:11+00:00\",\"breadcrumb\":{\"@id\":\"https:\/\/www.stepconcept.com\/en\/contact-us\/#breadcrumb\"},\"inLanguage\":\"en-US\",\"potentialAction\":[{\"@type\":\"ReadAction\",\"target\":[\"https:\/\/www.stepconcept.com\/en\/contact-us\/\"]}]},{\"@type\":\"BreadcrumbList\",\"@id\":\"https:\/\/www.stepconcept.com\/en\/contact-us\/#breadcrumb\",\"itemListElement\":[{\"@type\":\"ListItem\",\"position\":1,\"name\":\"Accueil\",\"item\":\"https:\/\/www.stepconcept.com\/en\/\"},{\"@type\":\"ListItem\",\"position\":2,\"name\":\"Contact us\"}]},{\"@type\":\"WebSite\",\"@id\":\"https:\/\/www.stepconcept.com\/en\/#website\",\"url\":\"https:\/\/www.stepconcept.com\/en\/\",\"name\":\"Step Concept\",\"description\":\"Syst\u00e8me d&#039;acc\u00e8s pour v\u00e9hicule\",\"publisher\":{\"@id\":\"https:\/\/www.stepconcept.com\/en\/#organization\"},\"potentialAction\":[{\"@type\":\"SearchAction\",\"target\":{\"@type\":\"EntryPoint\",\"urlTemplate\":\"https:\/\/www.stepconcept.com\/en\/?s={search_term_string}\"},\"query-input\":{\"@type\":\"PropertyValueSpecification\",\"valueRequired\":true,\"valueName\":\"search_term_string\"}}],\"inLanguage\":\"en-US\"},{\"@type\":\"Organization\",\"@id\":\"https:\/\/www.stepconcept.com\/en\/#organization\",\"name\":\"Stepconcept\",\"url\":\"https:\/\/www.stepconcept.com\/en\/\",\"logo\":{\"@type\":\"ImageObject\",\"inLanguage\":\"en-US\",\"@id\":\"https:\/\/www.stepconcept.com\/en\/#\/schema\/logo\/image\/\",\"url\":\"https:\/\/www.stepconcept.com\/wp-content\/uploads\/2018\/09\/Logo-STEPCONCEPT-03.png\",\"contentUrl\":\"https:\/\/www.stepconcept.com\/wp-content\/uploads\/2018\/09\/Logo-STEPCONCEPT-03.png\",\"width\":568,\"height\":151,\"caption\":\"Stepconcept\"},\"image\":{\"@id\":\"https:\/\/www.stepconcept.com\/en\/#\/schema\/logo\/image\/\"},\"sameAs\":[\"https:\/\/www.facebook.com\/stepconcept53\/\"]}]}<\/script>\n<!-- \/ Yoast SEO plugin. -->","yoast_head_json":{"title":"Contact us - STEPCONCEPT","robots":{"index":"index","follow":"follow","max-snippet":"max-snippet:-1","max-image-preview":"max-image-preview:large","max-video-preview":"max-video-preview:-1"},"canonical":"https:\/\/www.stepconcept.com\/en\/contact-us\/","og_locale":"en_US","og_type":"article","og_title":"Contact us - STEPCONCEPT","og_description":"Contact us Contact form ZA la vall\u00e9e verte 53940 Le Genest Saint Isle +33 (0)2 43 26 14 72 Monday to Friday from 8:00 to 17:00 Enlarge map STEPCONCEPT 48.0962,-0.8917 Contact-us Contact Read more https:\/\/www.alphadynamik.de\/ Read more https:\/\/waldspurger.ch\/fr\/ Read more","og_url":"https:\/\/www.stepconcept.com\/en\/contact-us\/","og_site_name":"STEPCONCEPT","article_publisher":"https:\/\/www.facebook.com\/stepconcept53\/","article_modified_time":"2021-11-16T10:15:11+00:00","og_image":[{"url":"wp-content\/uploads\/2018\/09\/Logo-STEPCONCEPT-03.png","type":"","width":"","height":""}],"twitter_card":"summary_large_image","schema":{"@context":"https:\/\/schema.org","@graph":[{"@type":"WebPage","@id":"https:\/\/www.stepconcept.com\/en\/contact-us\/","url":"https:\/\/www.stepconcept.com\/en\/contact-us\/","name":"Contact us - STEPCONCEPT","isPartOf":{"@id":"https:\/\/www.stepconcept.com\/en\/#website"},"datePublished":"2018-03-15T10:32:22+00:00","dateModified":"2021-11-16T10:15:11+00:00","breadcrumb":{"@id":"https:\/\/www.stepconcept.com\/en\/contact-us\/#breadcrumb"},"inLanguage":"en-US","potentialAction":[{"@type":"ReadAction","target":["https:\/\/www.stepconcept.com\/en\/contact-us\/"]}]},{"@type":"BreadcrumbList","@id":"https:\/\/www.stepconcept.com\/en\/contact-us\/#breadcrumb","itemListElement":[{"@type":"ListItem","position":1,"name":"Accueil","item":"https:\/\/www.stepconcept.com\/en\/"},{"@type":"ListItem","position":2,"name":"Contact us"}]},{"@type":"WebSite","@id":"https:\/\/www.stepconcept.com\/en\/#website","url":"https:\/\/www.stepconcept.com\/en\/","name":"Step Concept","description":"Syst\u00e8me d&#039;acc\u00e8s pour v\u00e9hicule","publisher":{"@id":"https:\/\/www.stepconcept.com\/en\/#organization"},"potentialAction":[{"@type":"SearchAction","target":{"@type":"EntryPoint","urlTemplate":"https:\/\/www.stepconcept.com\/en\/?s={search_term_string}"},"query-input":{"@type":"PropertyValueSpecification","valueRequired":true,"valueName":"search_term_string"}}],"inLanguage":"en-US"},{"@type":"Organization","@id":"https:\/\/www.stepconcept.com\/en\/#organization","name":"Stepconcept","url":"https:\/\/www.stepconcept.com\/en\/","logo":{"@type":"ImageObject","inLanguage":"en-US","@id":"https:\/\/www.stepconcept.com\/en\/#\/schema\/logo\/image\/","url":"https:\/\/www.stepconcept.com\/wp-content\/uploads\/2018\/09\/Logo-STEPCONCEPT-03.png","contentUrl":"https:\/\/www.stepconcept.com\/wp-content\/uploads\/2018\/09\/Logo-STEPCONCEPT-03.png","width":568,"height":151,"caption":"Stepconcept"},"image":{"@id":"https:\/\/www.stepconcept.com\/en\/#\/schema\/logo\/image\/"},"sameAs":["https:\/\/www.facebook.com\/stepconcept53\/"]}]}},"_links":{"self":[{"href":"https:\/\/www.stepconcept.com\/en\/wp-json\/wp\/v2\/pages\/3370","targetHints":{"allow":["GET"]}}],"collection":[{"href":"https:\/\/www.stepconcept.com\/en\/wp-json\/wp\/v2\/pages"}],"about":[{"href":"https:\/\/www.stepconcept.com\/en\/wp-json\/wp\/v2\/types\/page"}],"author":[{"embeddable":true,"href":"https:\/\/www.stepconcept.com\/en\/wp-json\/wp\/v2\/users\/1"}],"replies":[{"embeddable":true,"href":"https:\/\/www.stepconcept.com\/en\/wp-json\/wp\/v2\/comments?post=3370"}],"version-history":[{"count":4,"href":"https:\/\/www.stepconcept.com\/en\/wp-json\/wp\/v2\/pages\/3370\/revisions"}],"predecessor-version":[{"id":3477,"href":"https:\/\/www.stepconcept.com\/en\/wp-json\/wp\/v2\/pages\/3370\/revisions\/3477"}],"wp:attachment":[{"href":"https:\/\/www.stepconcept.com\/en\/wp-json\/wp\/v2\/media?parent=3370"}],"curies":[{"name":"wp","href":"https:\/\/api.w.org\/{rel}","templated":true}]}}