{"id":5187,"date":"2021-11-16T11:10:27","date_gmt":"2021-11-16T10:10:27","guid":{"rendered":"https:\/\/www.stepconcept.com\/plan-du-site\/"},"modified":"2021-11-16T11:18:00","modified_gmt":"2021-11-16T10:18:00","slug":"site-map","status":"publish","type":"page","link":"https:\/\/www.stepconcept.com\/en\/site-map\/","title":{"rendered":"Site map"},"content":{"rendered":"<div class=\"wsp-container\"><h2 class=\"wsp-pages-title\">Pages<\/h2>\n<ul class=\"wsp-pages-list\">\n<li class=\"page_item page-item-2472\"><a href=\"https:\/\/www.stepconcept.com\/en\/\">Home<\/a><\/li>\n<li class=\"page_item page-item-2513\"><a href=\"https:\/\/www.stepconcept.com\/en\/company\/\">Company<\/a><\/li>\n<li class=\"page_item page-item-2520 page_item_has_children\"><a href=\"https:\/\/www.stepconcept.com\/en\/products\/\">Products<\/a>\n<ul class='children'>\n\t<li class=\"page_item page-item-2529 page_item_has_children\"><a href=\"https:\/\/www.stepconcept.com\/en\/products\/access-ramps\/\">Access ramps<\/a>\n\t<ul class='children'>\n\t\t<li class=\"page_item page-item-2530\"><a href=\"https:\/\/www.stepconcept.com\/en\/products\/access-ramps\/2-parts-ramp\/\">2 parts ramp<\/a><\/li>\n\t\t<li class=\"page_item page-item-2531\"><a href=\"https:\/\/www.stepconcept.com\/en\/products\/access-ramps\/3-parts-ramp\/\">3 parts ramp<\/a><\/li>\n\t\t<li class=\"page_item page-item-4583\"><a href=\"https:\/\/www.stepconcept.com\/en\/products\/access-ramps\/electric-ramp\/\">Electric ramp<\/a><\/li>\n\t\t<li class=\"page_item page-item-2532\"><a href=\"https:\/\/www.stepconcept.com\/en\/products\/access-ramps\/custom-ramp\/\">Custom ramp<\/a><\/li>\n\t<\/ul>\n<\/li>\n\t<li class=\"page_item page-item-2522 page_item_has_children\"><a href=\"https:\/\/www.stepconcept.com\/en\/products\/accessories\/\">Accessories<\/a>\n\t<ul class='children'>\n\t\t<li class=\"page_item page-item-2523\"><a href=\"https:\/\/www.stepconcept.com\/en\/products\/accessories\/handles\/\">Handles<\/a><\/li>\n\t<\/ul>\n<\/li>\n\t<li class=\"page_item page-item-2525 page_item_has_children\"><a href=\"https:\/\/www.stepconcept.com\/en\/products\/steps\/\">Steps<\/a>\n\t<ul class='children'>\n\t\t<li class=\"page_item page-item-2526\"><a href=\"https:\/\/www.stepconcept.com\/en\/products\/steps\/rot-electric-swivel\/\">ROT electric swivel<\/a><\/li>\n\t\t<li class=\"page_item page-item-2527\"><a href=\"https:\/\/www.stepconcept.com\/en\/products\/steps\/tir-manual\/\">TIR manual<\/a><\/li>\n\t\t<li class=\"page_item page-item-2528\"><a href=\"https:\/\/www.stepconcept.com\/en\/products\/steps\/tls-electric\/\">TLS electric<\/a><\/li>\n\t\t<li class=\"page_item page-item-4479 page_item_has_children\"><a href=\"https:\/\/www.stepconcept.com\/en\/products\/steps\/tls-tlm-manual-and-electric\/\">TLS TLM manual and electric<\/a>\n\t\t<ul class='children'>\n\t\t\t<li class=\"page_item page-item-4663\"><a href=\"https:\/\/www.stepconcept.com\/en\/products\/steps\/tls-tlm-manual-and-electric\/vehicles-fitting-kits\/\">Vehicles fitting kits<\/a><\/li>\n\t\t<\/ul>\n<\/li>\n\t<\/ul>\n<\/li>\n<\/ul>\n<\/li>\n<li class=\"page_item page-item-2516\"><a href=\"https:\/\/www.stepconcept.com\/en\/brochures\/\">Brochures<\/a><\/li>\n<li class=\"page_item page-item-3134\"><a href=\"https:\/\/www.stepconcept.com\/en\/technical-infos\/\">Technical infos<\/a><\/li>\n<li class=\"page_item page-item-3370\"><a href=\"https:\/\/www.stepconcept.com\/en\/contact-us\/\">Contact us<\/a><\/li>\n<li class=\"page_item page-item-2470\"><a href=\"https:\/\/www.stepconcept.com\/en\/terms\/\">Terms<\/a><\/li>\n<li class=\"page_item page-item-2479\"><a href=\"https:\/\/www.stepconcept.com\/en\/legal-notice\/\">Legal notice<\/a><\/li>\n<li class=\"page_item page-item-5187\"><a href=\"https:\/\/www.stepconcept.com\/en\/site-map\/\">Site map<\/a><\/li>\n<\/ul>\n<\/div>\n","protected":false},"excerpt":{"rendered":"","protected":false},"author":1,"featured_media":0,"parent":0,"menu_order":25,"comment_status":"closed","ping_status":"closed","template":"","meta":{"_acf_changed":false,"footnotes":""},"class_list":["post-5187","page","type-page","status-publish","hentry"],"acf":[],"yoast_head":"<!-- This site is optimized with the Yoast SEO plugin v26.5 - https:\/\/yoast.com\/wordpress\/plugins\/seo\/ -->\n<title>Site map - STEPCONCEPT<\/title>\n<meta name=\"robots\" content=\"index, follow, max-snippet:-1, max-image-preview:large, max-video-preview:-1\" \/>\n<link rel=\"canonical\" href=\"https:\/\/www.stepconcept.com\/en\/site-map\/\" \/>\n<meta property=\"og:locale\" content=\"en_US\" \/>\n<meta property=\"og:type\" content=\"article\" \/>\n<meta property=\"og:title\" content=\"Site map - STEPCONCEPT\" \/>\n<meta property=\"og:url\" content=\"https:\/\/www.stepconcept.com\/en\/site-map\/\" \/>\n<meta property=\"og:site_name\" content=\"STEPCONCEPT\" \/>\n<meta property=\"article:publisher\" content=\"https:\/\/www.facebook.com\/stepconcept53\/\" \/>\n<meta property=\"article:modified_time\" content=\"2021-11-16T10:18:00+00:00\" \/>\n<meta name=\"twitter:card\" content=\"summary_large_image\" \/>\n<script type=\"application\/ld+json\" class=\"yoast-schema-graph\">{\"@context\":\"https:\/\/schema.org\",\"@graph\":[{\"@type\":\"WebPage\",\"@id\":\"https:\/\/www.stepconcept.com\/en\/site-map\/\",\"url\":\"https:\/\/www.stepconcept.com\/en\/site-map\/\",\"name\":\"Site map - STEPCONCEPT\",\"isPartOf\":{\"@id\":\"https:\/\/www.stepconcept.com\/en\/#website\"},\"datePublished\":\"2021-11-16T10:10:27+00:00\",\"dateModified\":\"2021-11-16T10:18:00+00:00\",\"breadcrumb\":{\"@id\":\"https:\/\/www.stepconcept.com\/en\/site-map\/#breadcrumb\"},\"inLanguage\":\"en-US\",\"potentialAction\":[{\"@type\":\"ReadAction\",\"target\":[\"https:\/\/www.stepconcept.com\/en\/site-map\/\"]}]},{\"@type\":\"BreadcrumbList\",\"@id\":\"https:\/\/www.stepconcept.com\/en\/site-map\/#breadcrumb\",\"itemListElement\":[{\"@type\":\"ListItem\",\"position\":1,\"name\":\"Accueil\",\"item\":\"https:\/\/www.stepconcept.com\/en\/\"},{\"@type\":\"ListItem\",\"position\":2,\"name\":\"Site map\"}]},{\"@type\":\"WebSite\",\"@id\":\"https:\/\/www.stepconcept.com\/en\/#website\",\"url\":\"https:\/\/www.stepconcept.com\/en\/\",\"name\":\"Step Concept\",\"description\":\"Syst\u00e8me d&#039;acc\u00e8s pour v\u00e9hicule\",\"publisher\":{\"@id\":\"https:\/\/www.stepconcept.com\/en\/#organization\"},\"potentialAction\":[{\"@type\":\"SearchAction\",\"target\":{\"@type\":\"EntryPoint\",\"urlTemplate\":\"https:\/\/www.stepconcept.com\/en\/?s={search_term_string}\"},\"query-input\":{\"@type\":\"PropertyValueSpecification\",\"valueRequired\":true,\"valueName\":\"search_term_string\"}}],\"inLanguage\":\"en-US\"},{\"@type\":\"Organization\",\"@id\":\"https:\/\/www.stepconcept.com\/en\/#organization\",\"name\":\"Stepconcept\",\"url\":\"https:\/\/www.stepconcept.com\/en\/\",\"logo\":{\"@type\":\"ImageObject\",\"inLanguage\":\"en-US\",\"@id\":\"https:\/\/www.stepconcept.com\/en\/#\/schema\/logo\/image\/\",\"url\":\"https:\/\/www.stepconcept.com\/wp-content\/uploads\/2018\/09\/Logo-STEPCONCEPT-03.png\",\"contentUrl\":\"https:\/\/www.stepconcept.com\/wp-content\/uploads\/2018\/09\/Logo-STEPCONCEPT-03.png\",\"width\":568,\"height\":151,\"caption\":\"Stepconcept\"},\"image\":{\"@id\":\"https:\/\/www.stepconcept.com\/en\/#\/schema\/logo\/image\/\"},\"sameAs\":[\"https:\/\/www.facebook.com\/stepconcept53\/\"]}]}<\/script>\n<!-- \/ Yoast SEO plugin. -->","yoast_head_json":{"title":"Site map - STEPCONCEPT","robots":{"index":"index","follow":"follow","max-snippet":"max-snippet:-1","max-image-preview":"max-image-preview:large","max-video-preview":"max-video-preview:-1"},"canonical":"https:\/\/www.stepconcept.com\/en\/site-map\/","og_locale":"en_US","og_type":"article","og_title":"Site map - STEPCONCEPT","og_url":"https:\/\/www.stepconcept.com\/en\/site-map\/","og_site_name":"STEPCONCEPT","article_publisher":"https:\/\/www.facebook.com\/stepconcept53\/","article_modified_time":"2021-11-16T10:18:00+00:00","twitter_card":"summary_large_image","schema":{"@context":"https:\/\/schema.org","@graph":[{"@type":"WebPage","@id":"https:\/\/www.stepconcept.com\/en\/site-map\/","url":"https:\/\/www.stepconcept.com\/en\/site-map\/","name":"Site map - STEPCONCEPT","isPartOf":{"@id":"https:\/\/www.stepconcept.com\/en\/#website"},"datePublished":"2021-11-16T10:10:27+00:00","dateModified":"2021-11-16T10:18:00+00:00","breadcrumb":{"@id":"https:\/\/www.stepconcept.com\/en\/site-map\/#breadcrumb"},"inLanguage":"en-US","potentialAction":[{"@type":"ReadAction","target":["https:\/\/www.stepconcept.com\/en\/site-map\/"]}]},{"@type":"BreadcrumbList","@id":"https:\/\/www.stepconcept.com\/en\/site-map\/#breadcrumb","itemListElement":[{"@type":"ListItem","position":1,"name":"Accueil","item":"https:\/\/www.stepconcept.com\/en\/"},{"@type":"ListItem","position":2,"name":"Site map"}]},{"@type":"WebSite","@id":"https:\/\/www.stepconcept.com\/en\/#website","url":"https:\/\/www.stepconcept.com\/en\/","name":"Step Concept","description":"Syst\u00e8me d&#039;acc\u00e8s pour v\u00e9hicule","publisher":{"@id":"https:\/\/www.stepconcept.com\/en\/#organization"},"potentialAction":[{"@type":"SearchAction","target":{"@type":"EntryPoint","urlTemplate":"https:\/\/www.stepconcept.com\/en\/?s={search_term_string}"},"query-input":{"@type":"PropertyValueSpecification","valueRequired":true,"valueName":"search_term_string"}}],"inLanguage":"en-US"},{"@type":"Organization","@id":"https:\/\/www.stepconcept.com\/en\/#organization","name":"Stepconcept","url":"https:\/\/www.stepconcept.com\/en\/","logo":{"@type":"ImageObject","inLanguage":"en-US","@id":"https:\/\/www.stepconcept.com\/en\/#\/schema\/logo\/image\/","url":"https:\/\/www.stepconcept.com\/wp-content\/uploads\/2018\/09\/Logo-STEPCONCEPT-03.png","contentUrl":"https:\/\/www.stepconcept.com\/wp-content\/uploads\/2018\/09\/Logo-STEPCONCEPT-03.png","width":568,"height":151,"caption":"Stepconcept"},"image":{"@id":"https:\/\/www.stepconcept.com\/en\/#\/schema\/logo\/image\/"},"sameAs":["https:\/\/www.facebook.com\/stepconcept53\/"]}]}},"_links":{"self":[{"href":"https:\/\/www.stepconcept.com\/en\/wp-json\/wp\/v2\/pages\/5187","targetHints":{"allow":["GET"]}}],"collection":[{"href":"https:\/\/www.stepconcept.com\/en\/wp-json\/wp\/v2\/pages"}],"about":[{"href":"https:\/\/www.stepconcept.com\/en\/wp-json\/wp\/v2\/types\/page"}],"author":[{"embeddable":true,"href":"https:\/\/www.stepconcept.com\/en\/wp-json\/wp\/v2\/users\/1"}],"replies":[{"embeddable":true,"href":"https:\/\/www.stepconcept.com\/en\/wp-json\/wp\/v2\/comments?post=5187"}],"version-history":[{"count":1,"href":"https:\/\/www.stepconcept.com\/en\/wp-json\/wp\/v2\/pages\/5187\/revisions"}],"predecessor-version":[{"id":5188,"href":"https:\/\/www.stepconcept.com\/en\/wp-json\/wp\/v2\/pages\/5187\/revisions\/5188"}],"wp:attachment":[{"href":"https:\/\/www.stepconcept.com\/en\/wp-json\/wp\/v2\/media?parent=5187"}],"curies":[{"name":"wp","href":"https:\/\/api.w.org\/{rel}","templated":true}]}}