{"id":3520,"date":"2019-07-15T15:49:57","date_gmt":"2019-07-15T13:49:57","guid":{"rendered":"https:\/\/www.stepconcept.com\/catalogos\/"},"modified":"2022-04-22T19:39:31","modified_gmt":"2022-04-22T17:39:31","slug":"catalogos","status":"publish","type":"page","link":"https:\/\/www.stepconcept.com\/es\/catalogos\/","title":{"rendered":"Cat\u00e1logos"},"content":{"rendered":"<h1>Cat\u00e1logos<\/h1>\n<div>\n<p>Todos nuestros cat\u00e1logos en formato PDF<\/p>\n<\/div>\n<ul>\n<li>\n<p>        <img decoding=\"async\" src=\"\/wp-content\/uploads\/2020\/10\/STEPCONCEPT-doc.TLS-TLM.2020.ES_.jpg\" alt=\"Estribo TLS &#038; TLM\"><\/p>\n<h1>Estribo TLS &#038; TLM<\/h1>\n<p>El estribo de referencia<br \/>ENGLISH<\/p>\n<p><a href=\"\/wp-content\/uploads\/2022\/02\/Catalogue-marchepieds-2022-TLS-TLM-EN.pdf\"><\/a><\/p>\n<\/li>\n<li>\n<p>        <img decoding=\"async\" src=\"\/wp-content\/uploads\/2022\/04\/Catalogue-marchepieds-2022.ES_Page_1.jpg\" alt=\"ESTRIBO EL\u00c9CTRICO Y MANUAL 2022.ES\"><\/p>\n<h1>ESTRIBO EL\u00c9CTRICO Y MANUAL<\/h1>\n<p><a href=\"\/wp-content\/uploads\/2022\/04\/Catalogue-marchepieds-2022.ES_.pdf\"><\/a><\/p>\n<\/li>\n<li>\n<p>        <img decoding=\"async\" src=\"\/wp-content\/uploads\/2020\/12\/STEPCONCEPT-doc.RAMPE_.2020-ES.jpg\" alt=\"Rampa de acceso\"><\/p>\n<h1>Rampa de acceso<\/h1>\n<p>L\u00edder franc\u00e9s desde hace m\u00e1s de 15 a\u00f1os <\/p>\n<p><a href=\"\/wp-content\/uploads\/2020\/12\/STEPCONCEPT-doc.RAMPE_.2020.ES_-1.pdf\"><\/a><\/p>\n<\/li>\n<li>\n<p>        <img decoding=\"async\" src=\"\/wp-content\/uploads\/2020\/10\/STEPCONCEPT-doc.POIGNEE.2020.EN_-2.jpg\" alt=\"poignu00e9e montoire\"><\/p>\n<h1>Handle<\/h1>\n<p><a href=\"\/wp-content\/uploads\/2020\/10\/STEPCONCEPT-doc.POIGNEE.2020.EN_-1.pdf\"><\/a><\/p>\n<\/li>\n<li>\n<p>        <img decoding=\"async\" src=\"\/wp-content\/uploads\/2018\/11\/STEPCONCEPT-doc.TBS_.2018.EN_Page_1.jpg\" alt=\"\"><\/p>\n<h1>Revetement TBS<\/h1>\n<p><a href=\"https:\/\/www.stepconcept.com\/wp-content\/uploads\/2018\/11\/STEPCONCEPT-doc.TBS_.2018.FR_.pdf\"><\/a><\/p>\n<\/li>\n<\/ul>\n<h2>\u00bfBusca una soluci\u00f3n<\/h2>\n<h5>adaptada a las necesidades espec\u00edficas de su veh\u00edculo?<\/h5>\n<h2>\u00bfBusca el instalador<\/h2>\n<h5>m\u00e1s cercano ?<\/h5>\n<p>\n    <a href=\"\/contact\/\">Contacto<\/a>\n<\/p>\n<p><!--more--><br \/>\n<!-- {\"name\":\"\",\"type\":\"layout\",\"children\":[{\"name\":\"Hero\",\"type\":\"section\",\"props\":{\"width\":\"default\",\"padding\":\"small\",\"style\":\"secondary\",\"media\":\"images\\\/home-header.jpg\",\"height_viewport\":true,\"header_overlay\":\"light\",\"image\":\"wp-content\\\/uploads\\\/2018\\\/07\\\/HERO-home-03.jpg\",\"media_advanced\":true,\"image_size\":\"cover\",\"media_background\":null,\"media_overlay\":null,\"height\":\"section\",\"image_position\":\"bottom-center\",\"image_fixed\":false,\"overlap\":false,\"padding_remove_bottom\":false,\"image_effect\":\"parallax\",\"image_parallax\":-540,\"padding_remove_top\":false,\"image_parallax_bgy_start\":-60,\"image_parallax_bgy_end\":-300,\"vertical_align\":\"middle\",\"title_position\":\"top-left\",\"title_rotation\":\"left\",\"title_breakpoint\":\"xl\",\"header_transparent_noplaceholder\":false,\"media_visibility\":\"m\"},\"children\":[{\"name\":\"\",\"type\":\"row\",\"props\":{\"layout\":\"large,expand\",\"margin\":\"large\",\"vertical_align\":false,\"match\":false,\"width\":\"expand\",\"divider\":false,\"column_gap\":\"small\",\"row_gap\":\"small\"},\"children\":[{\"name\":\"\",\"type\":\"column\",\"props\":{\"image_position\":\"center-center\",\"image\":\"\",\"image_size\":\"cover\",\"media_overlay_gradient\":\"\",\"width_medium\":\"large\",\"position_sticky_breakpoint\":\"m\"},\"children\":[{\"name\":\"\",\"type\":\"headline\",\"props\":{\"title_element\":\"h1\",\"content\":\"Cat\\u00e1logos\",\"title_style\":\"heading-medium\",\"text_align\":\"left\",\"animation\":\"parallax\",\"margin\":\"remove-vertical\",\"margin_remove_top\":false,\"margin_remove_bottom\":false,\"parallax_target\":false,\"parallax_y\":\"\",\"parallax_x\":\"\",\"parallax_opacity\":\"\",\"parallax_scale\":\"\",\"parallax_velocity\":\"\"}},{\"name\":\"\",\"type\":\"text\",\"props\":{\"column_breakpoint\":\"m\",\"margin\":\"default\",\"content\":\"\n\n<p>Todos nuestros cat\\u00e1logos en formato PDF<\\\/p>\",\"text_style\":\"lead\",\"text_align\":\"left\",\"maxwidth\":\"large\",\"animation\":\"parallax\",\"parallax_y\":\"\",\"parallax_velocity\":\"\",\"parallax_opacity\":\"\",\"margin_remove_top\":true}}]},{\"name\":\"\",\"type\":\"column\",\"props\":{\"image_position\":\"center-center\",\"media_overlay_gradient\":\"\",\"width_medium\":\"expand\",\"position_sticky_breakpoint\":\"m\"}}]}]},{\"name\":\"brochures marchepieds\",\"type\":\"section\",\"props\":{\"style\":\"default\",\"width\":\"default\",\"vertical_align\":\"middle\",\"title_position\":\"top-left\",\"title_rotation\":\"left\",\"title_breakpoint\":\"xl\",\"image_position\":\"center-center\",\"id\":\"b-marchepieds\"},\"children\":[{\"name\":\"\",\"type\":\"row\",\"children\":[{\"name\":\"\",\"type\":\"column\",\"props\":{\"image_position\":\"center-center\",\"media_overlay_gradient\":\"\",\"width_medium\":\"1-1\",\"position_sticky_breakpoint\":\"m\"},\"children\":[{\"type\":\"breadcrumbs\",\"props\":{\"show_home\":true,\"show_current\":true}}]}]},{\"name\":\"\",\"type\":\"row\",\"children\":[{\"name\":\"\",\"type\":\"column\",\"props\":{\"image_position\":\"center-center\",\"media_overlay_gradient\":\"\",\"width_medium\":\"1-1\",\"position_sticky_breakpoint\":\"m\"},\"children\":[{\"name\":\"\",\"type\":\"grid\",\"props\":{\"show_title\":true,\"show_meta\":true,\"show_content\":true,\"show_image\":true,\"show_link\":true,\"grid_default\":\"1\",\"grid_medium\":\"3\",\"filter_style\":\"tab\",\"filter_all\":true,\"filter_position\":\"top\",\"filter_align\":\"left\",\"filter_grid_width\":\"auto\",\"title_element\":\"h1\",\"meta_style\":\"meta\",\"meta_align\":\"below-title\",\"image_align\":\"top\",\"image_grid_width\":\"1-2\",\"link_text\":\"\",\"link_style\":\"default\",\"margin\":\"default\",\"filter_margin\":\"medium\",\"panel_style\":\"card-secondary\",\"title_style\":\"h6\",\"title_color\":\"danger\",\"meta_margin\":\"remove\",\"link_size\":\"small\",\"text_align\":\"center\",\"item_animation\":true,\"filter\":true,\"filter_all_label\":\"Todos los folletos\",\"link_target\":true,\"class\":\"uk-text-uppercase\",\"image_svg_color\":\"emphasis\",\"title_hover_style\":\"reset\",\"title_align\":\"top\",\"title_grid_width\":\"1-2\",\"filter_grid_breakpoint\":\"m\",\"title_grid_breakpoint\":\"m\",\"image_grid_breakpoint\":\"m\",\"panel_link\":true,\"icon_width\":80,\"meta_element\":\"div\",\"content_column_breakpoint\":\"m\",\"panel_padding\":\"small\"},\"children\":[{\"name\":\"\",\"type\":\"grid_item\",\"props\":{\"image\":\"wp-content\\\/uploads\\\/2020\\\/10\\\/STEPCONCEPT-doc.TLS-TLM.2020.ES_.jpg\",\"link\":\"wp-content\\\/uploads\\\/2022\\\/02\\\/Catalogue-marchepieds-2022-TLS-TLM-EN.pdf\",\"tags\":\"Estribos\",\"title\":\"Estribo TLS & TLM\",\"meta\":\"El estribo de referencia<br \/>ENGLISH\",\"image_alt\":\"Estribo TLS & TLM\"}},{\"name\":\"\",\"type\":\"grid_item\",\"props\":{\"image\":\"wp-content\\\/uploads\\\/2022\\\/04\\\/Catalogue-marchepieds-2022.ES_Page_1.jpg\",\"link\":\"wp-content\\\/uploads\\\/2022\\\/04\\\/Catalogue-marchepieds-2022.ES_.pdf\",\"title\":\"ESTRIBO EL\\u00c9CTRICO Y MANUAL\",\"tags\":\"Estribos\",\"content\":\"\",\"image_alt\":\"ESTRIBO EL\\u00c9CTRICO Y MANUAL 2022.ES\"}},{\"name\":\"\",\"type\":\"grid_item\",\"props\":{\"title\":\"Rampa de acceso\",\"image\":\"wp-content\\\/uploads\\\/2020\\\/12\\\/STEPCONCEPT-doc.RAMPE_.2020-ES.jpg\",\"link\":\"wp-content\\\/uploads\\\/2020\\\/12\\\/STEPCONCEPT-doc.RAMPE_.2020.ES_-1.pdf\",\"tags\":\"Rampa\",\"meta\":\"L\\u00edder franc\\u00e9s desde hace m\\u00e1s de 15 a\\u00f1os \",\"image_alt\":\"Rampa de acceso\"}},{\"name\":\"\",\"type\":\"grid_item\",\"props\":{\"title\":\"Handle\",\"image\":\"wp-content\\\/uploads\\\/2020\\\/10\\\/STEPCONCEPT-doc.POIGNEE.2020.EN_-2.jpg\",\"link\":\"wp-content\\\/uploads\\\/2020\\\/10\\\/STEPCONCEPT-doc.POIGNEE.2020.EN_-1.pdf\",\"image_alt\":\"poignu00e9e montoire\",\"tags\":\"Accessoires\"}},{\"name\":\"\",\"type\":\"grid_item\",\"props\":{\"title\":\"Revetement TBS\",\"image\":\"wp-content\\\/uploads\\\/2018\\\/11\\\/STEPCONCEPT-doc.TBS_.2018.EN_Page_1.jpg\",\"link\":\"https:\\\/\\\/www.stepconcept.com\\\/wp-content\\\/uploads\\\/2018\\\/11\\\/STEPCONCEPT-doc.TBS_.2018.FR_.pdf\",\"tags\":\"Accessoires\"}}]}]}]}]},{\"name\":\"pub solutions\",\"type\":\"section\",\"props\":{\"style\":\"muted\",\"width\":\"default\",\"vertical_align\":\"middle\",\"title_position\":\"top-left\",\"title_rotation\":\"left\",\"title_breakpoint\":\"xl\",\"image_position\":\"center-center\",\"padding\":\"xsmall\",\"padding_remove_top\":true},\"children\":[{\"name\":\"\",\"type\":\"row\",\"props\":{\"layout\":\"1-2,1-2\",\"vertical_align\":true,\"column_gap\":\"small\",\"row_gap\":\"small\"},\"children\":[{\"name\":\"\",\"type\":\"column\",\"props\":{\"image_position\":\"center-center\",\"style\":\"secondary\",\"padding\":\"xsmall\",\"vertical_align\":\"middle\",\"media_overlay_gradient\":\"\",\"width_medium\":\"1-2\",\"position_sticky_breakpoint\":\"m\"},\"children\":[{\"name\":\"\",\"type\":\"headline\",\"props\":{\"title_element\":\"h2\",\"content\":\"\\u00bfBusca una soluci\\u00f3n\",\"margin\":\"remove-vertical\"}},{\"name\":\"\",\"type\":\"headline\",\"props\":{\"title_element\":\"h5\",\"content\":\"adaptada a las necesidades espec\\u00edficas de su veh\\u00edculo?\",\"margin\":\"remove-vertical\"}}]},{\"name\":\"\",\"type\":\"column\",\"props\":{\"image_position\":\"center-center\",\"style\":\"secondary\",\"padding\":\"xsmall\",\"vertical_align\":\"middle\",\"media_overlay_gradient\":\"\",\"width_medium\":\"1-2\",\"position_sticky_breakpoint\":\"m\"},\"children\":[{\"name\":\"\",\"type\":\"headline\",\"props\":{\"title_element\":\"h2\",\"content\":\"\\u00bfBusca el instalador\",\"margin\":\"remove-vertical\"}},{\"name\":\"\",\"type\":\"headline\",\"props\":{\"title_element\":\"h5\",\"content\":\"m\\u00e1s cercano ?\",\"margin\":\"remove-vertical\"}}]}]},{\"name\":\"\",\"type\":\"row\",\"children\":[{\"name\":\"\",\"type\":\"column\",\"props\":{\"image_position\":\"center-center\",\"media_overlay_gradient\":\"\",\"width_medium\":\"1-1\",\"position_sticky_breakpoint\":\"m\"},\"children\":[{\"name\":\"\",\"type\":\"button\",\"props\":{\"margin\":\"default\",\"text_align\":\"center\",\"grid_column_gap\":\"small\",\"grid_row_gap\":\"small\"},\"children\":[{\"name\":\"\",\"type\":\"button_item\",\"props\":{\"button_style\":\"secondary\",\"icon_align\":\"left\",\"content\":\"Contacto\",\"link\":\"contact\\\/\",\"icon\":\"mail\",\"link_title\":\"Contacto\"}}]}]}]}]}],\"version\":\"2.7.16\"} --><\/p>\n","protected":false},"excerpt":{"rendered":"<p>Cat\u00e1logos Todos nuestros cat\u00e1logos en formato PDF Estribo TLS &#038; TLM El estribo de referenciaENGLISH ESTRIBO EL\u00c9CTRICO Y MANUAL Rampa de acceso L\u00edder franc\u00e9s desde hace m\u00e1s de 15 a\u00f1os Handle Revetement TBS \u00bfBusca una soluci\u00f3n adaptada a las necesidades espec\u00edficas de su veh\u00edculo? \u00bfBusca el instalador m\u00e1s cercano ? Contacto<\/p>\n","protected":false},"author":1,"featured_media":0,"parent":0,"menu_order":12,"comment_status":"closed","ping_status":"closed","template":"","meta":{"_acf_changed":false,"footnotes":""},"class_list":["post-3520","page","type-page","status-publish","hentry"],"acf":[],"yoast_head":"<!-- This site is optimized with the Yoast SEO plugin v26.5 - https:\/\/yoast.com\/wordpress\/plugins\/seo\/ -->\n<title>Cat\u00e1logos - STEPCONCEPT<\/title>\n<meta name=\"robots\" content=\"index, follow, max-snippet:-1, max-image-preview:large, max-video-preview:-1\" \/>\n<link rel=\"canonical\" href=\"https:\/\/www.stepconcept.com\/es\/catalogos\/\" \/>\n<meta property=\"og:locale\" content=\"es_ES\" \/>\n<meta property=\"og:type\" content=\"article\" \/>\n<meta property=\"og:title\" content=\"Cat\u00e1logos - STEPCONCEPT\" \/>\n<meta property=\"og:description\" content=\"Cat\u00e1logos Todos nuestros cat\u00e1logos en formato PDF Estribo TLS &#038; TLM El estribo de referenciaENGLISH ESTRIBO EL\u00c9CTRICO Y MANUAL Rampa de acceso L\u00edder franc\u00e9s desde hace m\u00e1s de 15 a\u00f1os Handle Revetement TBS \u00bfBusca una soluci\u00f3n adaptada a las necesidades espec\u00edficas de su veh\u00edculo? \u00bfBusca el instalador m\u00e1s cercano ? Contacto\" \/>\n<meta property=\"og:url\" content=\"https:\/\/www.stepconcept.com\/es\/catalogos\/\" \/>\n<meta property=\"og:site_name\" content=\"STEPCONCEPT\" \/>\n<meta property=\"article:publisher\" content=\"https:\/\/www.facebook.com\/stepconcept53\/\" \/>\n<meta property=\"article:modified_time\" content=\"2022-04-22T17:39:31+00:00\" \/>\n<meta name=\"twitter:card\" content=\"summary_large_image\" \/>\n<script type=\"application\/ld+json\" class=\"yoast-schema-graph\">{\"@context\":\"https:\/\/schema.org\",\"@graph\":[{\"@type\":\"WebPage\",\"@id\":\"https:\/\/www.stepconcept.com\/es\/catalogos\/\",\"url\":\"https:\/\/www.stepconcept.com\/es\/catalogos\/\",\"name\":\"Cat\u00e1logos - STEPCONCEPT\",\"isPartOf\":{\"@id\":\"https:\/\/www.stepconcept.com\/es\/#website\"},\"datePublished\":\"2019-07-15T13:49:57+00:00\",\"dateModified\":\"2022-04-22T17:39:31+00:00\",\"breadcrumb\":{\"@id\":\"https:\/\/www.stepconcept.com\/es\/catalogos\/#breadcrumb\"},\"inLanguage\":\"es\",\"potentialAction\":[{\"@type\":\"ReadAction\",\"target\":[\"https:\/\/www.stepconcept.com\/es\/catalogos\/\"]}]},{\"@type\":\"BreadcrumbList\",\"@id\":\"https:\/\/www.stepconcept.com\/es\/catalogos\/#breadcrumb\",\"itemListElement\":[{\"@type\":\"ListItem\",\"position\":1,\"name\":\"Accueil\",\"item\":\"https:\/\/www.stepconcept.com\/es\/\"},{\"@type\":\"ListItem\",\"position\":2,\"name\":\"Cat\u00e1logos\"}]},{\"@type\":\"WebSite\",\"@id\":\"https:\/\/www.stepconcept.com\/es\/#website\",\"url\":\"https:\/\/www.stepconcept.com\/es\/\",\"name\":\"Step Concept\",\"description\":\"Syst\u00e8me d&#039;acc\u00e8s pour v\u00e9hicule\",\"publisher\":{\"@id\":\"https:\/\/www.stepconcept.com\/es\/#organization\"},\"potentialAction\":[{\"@type\":\"SearchAction\",\"target\":{\"@type\":\"EntryPoint\",\"urlTemplate\":\"https:\/\/www.stepconcept.com\/es\/?s={search_term_string}\"},\"query-input\":{\"@type\":\"PropertyValueSpecification\",\"valueRequired\":true,\"valueName\":\"search_term_string\"}}],\"inLanguage\":\"es\"},{\"@type\":\"Organization\",\"@id\":\"https:\/\/www.stepconcept.com\/es\/#organization\",\"name\":\"Stepconcept\",\"url\":\"https:\/\/www.stepconcept.com\/es\/\",\"logo\":{\"@type\":\"ImageObject\",\"inLanguage\":\"es\",\"@id\":\"https:\/\/www.stepconcept.com\/es\/#\/schema\/logo\/image\/\",\"url\":\"https:\/\/www.stepconcept.com\/wp-content\/uploads\/2018\/09\/Logo-STEPCONCEPT-03.png\",\"contentUrl\":\"https:\/\/www.stepconcept.com\/wp-content\/uploads\/2018\/09\/Logo-STEPCONCEPT-03.png\",\"width\":568,\"height\":151,\"caption\":\"Stepconcept\"},\"image\":{\"@id\":\"https:\/\/www.stepconcept.com\/es\/#\/schema\/logo\/image\/\"},\"sameAs\":[\"https:\/\/www.facebook.com\/stepconcept53\/\"]}]}<\/script>\n<!-- \/ Yoast SEO plugin. -->","yoast_head_json":{"title":"Cat\u00e1logos - STEPCONCEPT","robots":{"index":"index","follow":"follow","max-snippet":"max-snippet:-1","max-image-preview":"max-image-preview:large","max-video-preview":"max-video-preview:-1"},"canonical":"https:\/\/www.stepconcept.com\/es\/catalogos\/","og_locale":"es_ES","og_type":"article","og_title":"Cat\u00e1logos - STEPCONCEPT","og_description":"Cat\u00e1logos Todos nuestros cat\u00e1logos en formato PDF Estribo TLS &#038; TLM El estribo de referenciaENGLISH ESTRIBO EL\u00c9CTRICO Y MANUAL Rampa de acceso L\u00edder franc\u00e9s desde hace m\u00e1s de 15 a\u00f1os Handle Revetement TBS \u00bfBusca una soluci\u00f3n adaptada a las necesidades espec\u00edficas de su veh\u00edculo? \u00bfBusca el instalador m\u00e1s cercano ? Contacto","og_url":"https:\/\/www.stepconcept.com\/es\/catalogos\/","og_site_name":"STEPCONCEPT","article_publisher":"https:\/\/www.facebook.com\/stepconcept53\/","article_modified_time":"2022-04-22T17:39:31+00:00","twitter_card":"summary_large_image","schema":{"@context":"https:\/\/schema.org","@graph":[{"@type":"WebPage","@id":"https:\/\/www.stepconcept.com\/es\/catalogos\/","url":"https:\/\/www.stepconcept.com\/es\/catalogos\/","name":"Cat\u00e1logos - STEPCONCEPT","isPartOf":{"@id":"https:\/\/www.stepconcept.com\/es\/#website"},"datePublished":"2019-07-15T13:49:57+00:00","dateModified":"2022-04-22T17:39:31+00:00","breadcrumb":{"@id":"https:\/\/www.stepconcept.com\/es\/catalogos\/#breadcrumb"},"inLanguage":"es","potentialAction":[{"@type":"ReadAction","target":["https:\/\/www.stepconcept.com\/es\/catalogos\/"]}]},{"@type":"BreadcrumbList","@id":"https:\/\/www.stepconcept.com\/es\/catalogos\/#breadcrumb","itemListElement":[{"@type":"ListItem","position":1,"name":"Accueil","item":"https:\/\/www.stepconcept.com\/es\/"},{"@type":"ListItem","position":2,"name":"Cat\u00e1logos"}]},{"@type":"WebSite","@id":"https:\/\/www.stepconcept.com\/es\/#website","url":"https:\/\/www.stepconcept.com\/es\/","name":"Step Concept","description":"Syst\u00e8me d&#039;acc\u00e8s pour v\u00e9hicule","publisher":{"@id":"https:\/\/www.stepconcept.com\/es\/#organization"},"potentialAction":[{"@type":"SearchAction","target":{"@type":"EntryPoint","urlTemplate":"https:\/\/www.stepconcept.com\/es\/?s={search_term_string}"},"query-input":{"@type":"PropertyValueSpecification","valueRequired":true,"valueName":"search_term_string"}}],"inLanguage":"es"},{"@type":"Organization","@id":"https:\/\/www.stepconcept.com\/es\/#organization","name":"Stepconcept","url":"https:\/\/www.stepconcept.com\/es\/","logo":{"@type":"ImageObject","inLanguage":"es","@id":"https:\/\/www.stepconcept.com\/es\/#\/schema\/logo\/image\/","url":"https:\/\/www.stepconcept.com\/wp-content\/uploads\/2018\/09\/Logo-STEPCONCEPT-03.png","contentUrl":"https:\/\/www.stepconcept.com\/wp-content\/uploads\/2018\/09\/Logo-STEPCONCEPT-03.png","width":568,"height":151,"caption":"Stepconcept"},"image":{"@id":"https:\/\/www.stepconcept.com\/es\/#\/schema\/logo\/image\/"},"sameAs":["https:\/\/www.facebook.com\/stepconcept53\/"]}]}},"_links":{"self":[{"href":"https:\/\/www.stepconcept.com\/es\/wp-json\/wp\/v2\/pages\/3520","targetHints":{"allow":["GET"]}}],"collection":[{"href":"https:\/\/www.stepconcept.com\/es\/wp-json\/wp\/v2\/pages"}],"about":[{"href":"https:\/\/www.stepconcept.com\/es\/wp-json\/wp\/v2\/types\/page"}],"author":[{"embeddable":true,"href":"https:\/\/www.stepconcept.com\/es\/wp-json\/wp\/v2\/users\/1"}],"replies":[{"embeddable":true,"href":"https:\/\/www.stepconcept.com\/es\/wp-json\/wp\/v2\/comments?post=3520"}],"version-history":[{"count":21,"href":"https:\/\/www.stepconcept.com\/es\/wp-json\/wp\/v2\/pages\/3520\/revisions"}],"predecessor-version":[{"id":5270,"href":"https:\/\/www.stepconcept.com\/es\/wp-json\/wp\/v2\/pages\/3520\/revisions\/5270"}],"wp:attachment":[{"href":"https:\/\/www.stepconcept.com\/es\/wp-json\/wp\/v2\/media?parent=3520"}],"curies":[{"name":"wp","href":"https:\/\/api.w.org\/{rel}","templated":true}]}}