{"id":3526,"date":"2018-03-15T10:48:04","date_gmt":"2018-03-15T09:48:04","guid":{"rendered":"https:\/\/www.stepconcept.com\/produits\/"},"modified":"2021-11-16T11:15:09","modified_gmt":"2021-11-16T10:15:09","slug":"productos","status":"publish","type":"page","link":"https:\/\/www.stepconcept.com\/es\/productos\/","title":{"rendered":"Productos"},"content":{"rendered":"<ul>\n<li>\n<p>        <img decoding=\"async\" src=\"wp-content\/uploads\/2018\/07\/HERO-PRODUCTS-rampe-01.jpg\" alt=\"Productos Estribos Rampa de acceso\"><\/p>\n<div>\n<h1 class=\"uk-margin-remove-vertical uk-text-left uk-heading-hero\">Productos<span style=\"color: #ff0000;\"><br \/><small>Estribos<br \/>Rampa de acceso <br \/><\/small><\/span><\/h1>\n<h3 class=\"uk-margin-remove-top uk-scrollspy-inview uk-animation-fade\" data-id=\"page#5\">&amp; accesorios<\/h3>\n<\/div>\n<\/li>\n<li>\n<p>        <img decoding=\"async\" src=\"wp-content\/uploads\/2018\/07\/HERO-home-03.jpg\" alt=\"Productos Estribos Rampa de acceso\"><\/p>\n<div>\n<h1 class=\"uk-margin-remove-vertical uk-text-left uk-heading-hero\">Productos<br \/><small><span style=\"color: #ff0000;\">Estribos<\/span><br \/><span style=\"color: #ff0000;\">Rampa de acceso<\/span> <\/small><\/h1>\n<h3 class=\"uk-margin-remove-top uk-scrollspy-inview uk-animation-fade\" data-id=\"page#5\">&amp; accesorios<\/h3>\n<\/div>\n<\/li>\n<li>\n<p>        <img decoding=\"async\" src=\"wp-content\/uploads\/2018\/07\/marchepied-telescopique.jpg\" alt=\"Productos Estribos Rampa de acceso\"><\/p>\n<div>\n<h1 class=\"uk-margin-remove-vertical uk-text-left uk-heading-hero\">Productos<br \/><small><span style=\"color: #ff0000;\">Estribos<\/span><br \/><span style=\"color: #ff0000;\">Rampa de acceso<\/span> <\/small><\/h1>\n<h3 class=\"uk-margin-remove-top uk-scrollspy-inview uk-animation-fade\" data-id=\"page#5\">&amp; accesorios<\/h3>\n<p>\u00a0<\/p>\n<\/div>\n<\/li>\n<\/ul>\n<h1>\n<p class=\"uk-text-center\" data-id=\"page#14\">Una amplia gama de <strong>estribos <\/strong>manuales y el\u00e9ctricos y de <strong>rampas de aluminio<\/strong> para minibuses, taxis, ambulancias<\/p>\n<\/h1>\n<ul>\n<li>\n<p>        <img decoding=\"async\" src=\"wp-content\/uploads\/2018\/04\/marchepied-03.jpg\" alt=\"\"><\/p>\n<h3>Estribo<\/h3>\n<p><a href=\"es\/productos\/estribos\/\">Read more<\/a><\/p>\n<\/li>\n<li>\n<p>        <img decoding=\"async\" src=\"wp-content\/uploads\/2018\/07\/rampe-2-vantaux-02.jpg\" alt=\"\"><\/p>\n<h3>Rampa de acceso<\/h3>\n<p><a href=\"es\/productos\/rampa-de-acceso\/\">Read more<\/a><\/p>\n<\/li>\n<li>\n<p>        <img decoding=\"async\" src=\"wp-content\/uploads\/2018\/10\/TBS-01.jpg\" alt=\"\"><\/p>\n<h3>Accesorios<\/h3>\n<p><a href=\"es\/productos\/accesorios\/\">Read more<\/a><\/p>\n<\/li>\n<\/ul>\n<p><!-- {\"name\":\"produits fr\",\"type\":\"layout\",\"children\":[{\"name\":\"HERO slider\",\"type\":\"section\",\"props\":{\"style\":\"secondary\",\"width\":\"\",\"vertical_align\":\"middle\",\"title_position\":\"top-left\",\"title_rotation\":\"left\",\"title_breakpoint\":\"xl\",\"image_position\":\"center-center\",\"height\":\"\",\"header_transparent\":\"light\",\"header_transparent_noplaceholder\":false,\"overlap\":false,\"padding_remove_bottom\":true,\"padding_remove_top\":true,\"animation_delay\":true,\"animation\":\"fade\",\"image_effect\":\"\"},\"children\":[{\"name\":\"\",\"type\":\"row\",\"props\":{\"fixed_width\":\"large\",\"breakpoint\":\"m\",\"layout\":\"1-1\"},\"children\":[{\"name\":\"\",\"type\":\"column\",\"props\":{\"widths\":[\"1-1\"],\"image_position\":\"center-center\",\"media_overlay_gradient\":\"\"},\"children\":[{\"name\":\"\",\"type\":\"slideshow\",\"props\":{\"show_title\":true,\"show_meta\":true,\"show_content\":true,\"show_link\":true,\"show_thumbnail\":true,\"slideshow_min_height\":\"300\",\"slideshow_autoplay_pause\":false,\"nav\":\"dotnav\",\"nav_position\":\"bottom-center\",\"nav_position_margin\":\"medium\",\"nav_align\":\"center\",\"nav_breakpoint\":\"s\",\"thumbnav_width\":\"100\",\"thumbnav_height\":\"75\",\"slidenav\":\"\",\"slidenav_margin\":\"medium\",\"slidenav_breakpoint\":\"s\",\"slidenav_outside_breakpoint\":\"xl\",\"overlay_position\":\"center-left\",\"overlay_animation\":\"parallax\",\"title_element\":\"h2\",\"meta_style\":\"h4\",\"meta_align\":\"below-title\",\"link_text\":\"Read more\",\"link_style\":\"default\",\"margin\":\"default\",\"slideshow_height\":\"section\",\"slideshow_animation\":\"fade\",\"slideshow_autoplay\":true,\"slideshow_kenburns\":\"alternate\",\"slideshow_autoplay_interval\":10,\"slideshow_kenburns_duration\":25,\"title_style\":\"heading-medium\",\"overlay_margin\":\"\",\"overlay_style\":\"\",\"overlay_padding\":\"large\",\"overlay_width\":\"xlarge\",\"text_align\":\"\",\"meta_margin\":\"remove\",\"overlay_container\":\"default\",\"text_color\":\"\",\"slideshow_box_shadow\":\"\",\"nav_color\":\"\",\"slidenav_outside_color\":\"\",\"overlay_container_padding\":\"\",\"title_decoration\":\"\",\"title_color\":\"\",\"content_style\":\"\",\"link_size\":\"\",\"text_align_breakpoint\":\"\",\"text_align_fallback\":\"\",\"maxwidth\":\"\",\"maxwidth_breakpoint\":\"\",\"animation\":\"\",\"visibility\":\"\",\"block_align\":\"\",\"thumbnav_svg_color\":\"emphasis\",\"slideshow_box_decoration\":\"\",\"nav_margin\":\"\",\"title_font_family\":\"\",\"title_margin\":\"\",\"meta_color\":\"\",\"content_margin\":\"\",\"link_margin\":\"\",\"position\":\"\",\"position_z_index\":\"\",\"block_align_breakpoint\":\"\",\"block_align_fallback\":\"\"},\"children\":[{\"name\":\"\",\"type\":\"slideshow_item\",\"props\":{\"image\":\"wp-content\\\/uploads\\\/2018\\\/07\\\/HERO-PRODUCTS-rampe-01.jpg\",\"title\":\"\",\"meta\":\"\",\"content\":\"\n\n<h1 class=\\\"uk-margin-remove-vertical uk-text-left uk-heading-hero\\\">Productos<span style=\\\"color: #ff0000;\\\"><br \\\/><small>Estribos<br \\\/>Rampa de acceso <br \\\/><\\\/small><\\\/span><\\\/h1>\\n\n\n<h3 class=\\\"uk-margin-remove-top uk-scrollspy-inview uk-animation-fade\\\" data-id=\\\"page#5\\\">&amp; accesorios<\\\/h3>\",\"media_overlay\":\"rgba(0, 0, 0, 0.5)\",\"image_alt\":\"Productos Estribos Rampa de acceso\",\"text_color\":\"\"}},{\"name\":\"\",\"type\":\"slideshow_item\",\"props\":{\"image\":\"wp-content\\\/uploads\\\/2018\\\/07\\\/HERO-home-03.jpg\",\"title\":\"\",\"meta\":\"\",\"content\":\"\n\n<h1 class=\\\"uk-margin-remove-vertical uk-text-left uk-heading-hero\\\">Productos<br \\\/><small><span style=\\\"color: #ff0000;\\\">Estribos<\\\/span><br \\\/><span style=\\\"color: #ff0000;\\\">Rampa de acceso<\\\/span> <\\\/small><\\\/h1>\\n\n\n<h3 class=\\\"uk-margin-remove-top uk-scrollspy-inview uk-animation-fade\\\" data-id=\\\"page#5\\\">&amp; accesorios<\\\/h3>\",\"media_overlay\":\"rgba(0, 0, 0, 0.5)\",\"image_alt\":\"Productos Estribos Rampa de acceso\",\"text_color\":\"\"}},{\"name\":\"\",\"type\":\"slideshow_item\",\"props\":{\"image\":\"wp-content\\\/uploads\\\/2018\\\/07\\\/marchepied-telescopique.jpg\",\"title\":\"\",\"meta\":\"\",\"content\":\"\n\n<h1 class=\\\"uk-margin-remove-vertical uk-text-left uk-heading-hero\\\">Productos<br \\\/><small><span style=\\\"color: #ff0000;\\\">Estribos<\\\/span><br \\\/><span style=\\\"color: #ff0000;\\\">Rampa de acceso<\\\/span> <\\\/small><\\\/h1>\\n\n\n<h3 class=\\\"uk-margin-remove-top uk-scrollspy-inview uk-animation-fade\\\" data-id=\\\"page#5\\\">&amp; accesorios<\\\/h3>\\n\n\n<p>\\u00a0<\\\/p>\",\"media_overlay\":\"rgba(0, 0, 0, 0.5)\",\"image_alt\":\"Productos Estribos Rampa de acceso\",\"text_color\":\"\"}}]}]}]}]},{\"name\":\"\",\"type\":\"section\",\"props\":{\"style\":\"default\",\"width\":\"default\",\"vertical_align\":\"middle\",\"title_position\":\"top-left\",\"title_rotation\":\"left\",\"title_breakpoint\":\"xl\",\"image_position\":\"center-center\",\"image_effect\":\"\"},\"children\":[{\"name\":\"\",\"type\":\"row\",\"props\":{\"fixed_width\":\"large\",\"breakpoint\":\"m\",\"layout\":\"1-1\"},\"children\":[{\"name\":\"\",\"type\":\"column\",\"props\":{\"widths\":[\"1-1\"],\"image_position\":\"center-center\",\"media_overlay_gradient\":\"\"},\"children\":[{\"name\":\"\",\"type\":\"headline\",\"props\":{\"title_element\":\"h1\",\"content\":\"\n\n<p class=\\\"uk-text-center\\\" data-id=\\\"page#14\\\">Una amplia gama de <strong>estribos <\\\/strong>manuales y el\\u00e9ctricos y de <strong>rampas de aluminio<\\\/strong> para minibuses, taxis, ambulancias<\\\/p>\",\"title_style\":\"h3\",\"title_decoration\":\"\",\"title_color\":\"\",\"text_align\":\"\",\"text_align_breakpoint\":\"\",\"text_align_fallback\":\"\",\"maxwidth\":\"\",\"maxwidth_breakpoint\":\"\",\"margin\":\"\",\"animation\":\"\",\"visibility\":\"\",\"block_align\":\"\",\"title_font_family\":\"\",\"position\":\"\",\"position_z_index\":\"\",\"block_align_breakpoint\":\"\",\"block_align_fallback\":\"\"}},{\"name\":\"\",\"type\":\"grid\",\"props\":{\"show_title\":true,\"show_meta\":true,\"show_content\":true,\"show_image\":true,\"show_link\":true,\"grid_default\":\"1\",\"grid_medium\":\"3\",\"filter_style\":\"tab\",\"filter_all\":true,\"filter_position\":\"top\",\"filter_align\":\"left\",\"filter_grid_width\":\"auto\",\"filter_breakpoint\":\"m\",\"title_element\":\"h3\",\"meta_style\":\"meta\",\"meta_align\":\"below-title\",\"icon_ratio\":4,\"image_align\":\"top\",\"image_grid_width\":\"1-2\",\"image_breakpoint\":\"m\",\"link_text\":\"Read more\",\"link_style\":\"default\",\"margin\":\"default\",\"gutter\":\"\",\"grid_small\":\"\",\"grid_large\":\"\",\"grid_xlarge\":\"\",\"filter_margin\":\"\",\"filter_gutter\":\"\",\"title_display\":\"\",\"content_display\":\"\",\"panel_style\":\"card-secondary\",\"panel_size\":\"\",\"item_maxwidth\":\"\",\"title_style\":\"\",\"title_decoration\":\"\",\"title_color\":\"\",\"meta_margin\":\"\",\"content_style\":\"\",\"image_border\":\"\",\"image_box_shadow\":\"\",\"image_hover_box_shadow\":\"\",\"icon_color\":\"\",\"image_gutter\":\"\",\"link_size\":\"\",\"text_align\":\"center\",\"text_align_breakpoint\":\"\",\"text_align_fallback\":\"\",\"maxwidth\":\"\",\"maxwidth_breakpoint\":\"\",\"item_animation\":\"fade\",\"visibility\":\"\",\"image_width\":\"300\",\"image_height\":\"160\",\"parallax_breakpoint\":\"\",\"parallax_x_end\":\"\",\"link_type\":\"element\",\"block_align\":\"\",\"title_hover_style\":\"reset\",\"title_align\":\"top\",\"title_grid_width\":\"1-2\",\"title_breakpoint\":\"m\",\"image_svg_color\":\"emphasis\",\"panel_content_padding\":\"\",\"title_font_family\":\"\",\"title_gutter\":\"\",\"title_margin\":\"\",\"meta_color\":\"\",\"content_margin\":\"\",\"image_transition\":\"\",\"image_box_decoration\":\"\",\"image_margin\":\"\",\"link_margin\":\"\",\"position\":\"\",\"position_z_index\":\"\",\"block_align_breakpoint\":\"\",\"block_align_fallback\":\"\"},\"children\":[{\"name\":\"\",\"type\":\"grid_item\",\"props\":{\"title\":\"Estribo\",\"image\":\"wp-content\\\/uploads\\\/2018\\\/04\\\/marchepied-03.jpg\",\"link\":\"es\\\/productos\\\/estribos\\\/\",\"meta\":\"\"}},{\"name\":\"\",\"type\":\"grid_item\",\"props\":{\"title\":\"Rampa de acceso\",\"image\":\"wp-content\\\/uploads\\\/2018\\\/07\\\/rampe-2-vantaux-02.jpg\",\"link\":\"es\\\/productos\\\/rampa-de-acceso\\\/\"}},{\"name\":\"\",\"type\":\"grid_item\",\"props\":{\"title\":\"Accesorios\",\"image\":\"wp-content\\\/uploads\\\/2018\\\/10\\\/TBS-01.jpg\",\"link\":\"es\\\/productos\\\/accesorios\\\/\"}}]}]}]}]}],\"version\":\"1.21.3\",\"props\":[]} --><\/p>\n","protected":false},"excerpt":{"rendered":"<p>ProductosEstribosRampa de acceso &amp; accesorios ProductosEstribosRampa de acceso &amp; accesorios ProductosEstribosRampa de acceso &amp; accesorios \u00a0 Una amplia gama de estribos manuales y el\u00e9ctricos y de rampas de aluminio para minibuses, taxis, ambulancias Estribo Read more Rampa de acceso Read more Accesorios Read more<\/p>\n","protected":false},"author":1,"featured_media":0,"parent":0,"menu_order":11,"comment_status":"closed","ping_status":"closed","template":"","meta":{"_acf_changed":false,"footnotes":""},"class_list":["post-3526","page","type-page","status-publish","hentry"],"acf":[],"yoast_head":"<!-- This site is optimized with the Yoast SEO plugin v26.5 - https:\/\/yoast.com\/wordpress\/plugins\/seo\/ -->\n<title>Productos - STEPCONCEPT<\/title>\n<meta name=\"robots\" content=\"index, follow, max-snippet:-1, max-image-preview:large, max-video-preview:-1\" \/>\n<link rel=\"canonical\" href=\"https:\/\/www.stepconcept.com\/es\/productos\/\" \/>\n<meta property=\"og:locale\" content=\"es_ES\" \/>\n<meta property=\"og:type\" content=\"article\" \/>\n<meta property=\"og:title\" content=\"Productos - STEPCONCEPT\" \/>\n<meta property=\"og:description\" content=\"ProductosEstribosRampa de acceso &amp; accesorios ProductosEstribosRampa de acceso &amp; accesorios ProductosEstribosRampa de acceso &amp; accesorios \u00a0 Una amplia gama de estribos manuales y el\u00e9ctricos y de rampas de aluminio para minibuses, taxis, ambulancias Estribo Read more Rampa de acceso Read more Accesorios Read more\" \/>\n<meta property=\"og:url\" content=\"https:\/\/www.stepconcept.com\/es\/productos\/\" \/>\n<meta property=\"og:site_name\" content=\"STEPCONCEPT\" \/>\n<meta property=\"article:publisher\" content=\"https:\/\/www.facebook.com\/stepconcept53\/\" \/>\n<meta property=\"article:modified_time\" content=\"2021-11-16T10:15:09+00:00\" \/>\n<meta property=\"og:image\" content=\"http:\/\/wp-content\/uploads\/2018\/07\/HERO-PRODUCTS-rampe-01.jpg\" \/>\n<meta name=\"twitter:card\" content=\"summary_large_image\" \/>\n<script type=\"application\/ld+json\" class=\"yoast-schema-graph\">{\"@context\":\"https:\/\/schema.org\",\"@graph\":[{\"@type\":\"WebPage\",\"@id\":\"https:\/\/www.stepconcept.com\/es\/productos\/\",\"url\":\"https:\/\/www.stepconcept.com\/es\/productos\/\",\"name\":\"Productos - STEPCONCEPT\",\"isPartOf\":{\"@id\":\"https:\/\/www.stepconcept.com\/es\/#website\"},\"datePublished\":\"2018-03-15T09:48:04+00:00\",\"dateModified\":\"2021-11-16T10:15:09+00:00\",\"breadcrumb\":{\"@id\":\"https:\/\/www.stepconcept.com\/es\/productos\/#breadcrumb\"},\"inLanguage\":\"es\",\"potentialAction\":[{\"@type\":\"ReadAction\",\"target\":[\"https:\/\/www.stepconcept.com\/es\/productos\/\"]}]},{\"@type\":\"BreadcrumbList\",\"@id\":\"https:\/\/www.stepconcept.com\/es\/productos\/#breadcrumb\",\"itemListElement\":[{\"@type\":\"ListItem\",\"position\":1,\"name\":\"Accueil\",\"item\":\"https:\/\/www.stepconcept.com\/es\/\"},{\"@type\":\"ListItem\",\"position\":2,\"name\":\"Productos\"}]},{\"@type\":\"WebSite\",\"@id\":\"https:\/\/www.stepconcept.com\/es\/#website\",\"url\":\"https:\/\/www.stepconcept.com\/es\/\",\"name\":\"Step Concept\",\"description\":\"Syst\u00e8me d&#039;acc\u00e8s pour v\u00e9hicule\",\"publisher\":{\"@id\":\"https:\/\/www.stepconcept.com\/es\/#organization\"},\"potentialAction\":[{\"@type\":\"SearchAction\",\"target\":{\"@type\":\"EntryPoint\",\"urlTemplate\":\"https:\/\/www.stepconcept.com\/es\/?s={search_term_string}\"},\"query-input\":{\"@type\":\"PropertyValueSpecification\",\"valueRequired\":true,\"valueName\":\"search_term_string\"}}],\"inLanguage\":\"es\"},{\"@type\":\"Organization\",\"@id\":\"https:\/\/www.stepconcept.com\/es\/#organization\",\"name\":\"Stepconcept\",\"url\":\"https:\/\/www.stepconcept.com\/es\/\",\"logo\":{\"@type\":\"ImageObject\",\"inLanguage\":\"es\",\"@id\":\"https:\/\/www.stepconcept.com\/es\/#\/schema\/logo\/image\/\",\"url\":\"https:\/\/www.stepconcept.com\/wp-content\/uploads\/2018\/09\/Logo-STEPCONCEPT-03.png\",\"contentUrl\":\"https:\/\/www.stepconcept.com\/wp-content\/uploads\/2018\/09\/Logo-STEPCONCEPT-03.png\",\"width\":568,\"height\":151,\"caption\":\"Stepconcept\"},\"image\":{\"@id\":\"https:\/\/www.stepconcept.com\/es\/#\/schema\/logo\/image\/\"},\"sameAs\":[\"https:\/\/www.facebook.com\/stepconcept53\/\"]}]}<\/script>\n<!-- \/ Yoast SEO plugin. -->","yoast_head_json":{"title":"Productos - STEPCONCEPT","robots":{"index":"index","follow":"follow","max-snippet":"max-snippet:-1","max-image-preview":"max-image-preview:large","max-video-preview":"max-video-preview:-1"},"canonical":"https:\/\/www.stepconcept.com\/es\/productos\/","og_locale":"es_ES","og_type":"article","og_title":"Productos - STEPCONCEPT","og_description":"ProductosEstribosRampa de acceso &amp; accesorios ProductosEstribosRampa de acceso &amp; accesorios ProductosEstribosRampa de acceso &amp; accesorios \u00a0 Una amplia gama de estribos manuales y el\u00e9ctricos y de rampas de aluminio para minibuses, taxis, ambulancias Estribo Read more Rampa de acceso Read more Accesorios Read more","og_url":"https:\/\/www.stepconcept.com\/es\/productos\/","og_site_name":"STEPCONCEPT","article_publisher":"https:\/\/www.facebook.com\/stepconcept53\/","article_modified_time":"2021-11-16T10:15:09+00:00","og_image":[{"url":"wp-content\/uploads\/2018\/07\/HERO-PRODUCTS-rampe-01.jpg","type":"","width":"","height":""}],"twitter_card":"summary_large_image","schema":{"@context":"https:\/\/schema.org","@graph":[{"@type":"WebPage","@id":"https:\/\/www.stepconcept.com\/es\/productos\/","url":"https:\/\/www.stepconcept.com\/es\/productos\/","name":"Productos - STEPCONCEPT","isPartOf":{"@id":"https:\/\/www.stepconcept.com\/es\/#website"},"datePublished":"2018-03-15T09:48:04+00:00","dateModified":"2021-11-16T10:15:09+00:00","breadcrumb":{"@id":"https:\/\/www.stepconcept.com\/es\/productos\/#breadcrumb"},"inLanguage":"es","potentialAction":[{"@type":"ReadAction","target":["https:\/\/www.stepconcept.com\/es\/productos\/"]}]},{"@type":"BreadcrumbList","@id":"https:\/\/www.stepconcept.com\/es\/productos\/#breadcrumb","itemListElement":[{"@type":"ListItem","position":1,"name":"Accueil","item":"https:\/\/www.stepconcept.com\/es\/"},{"@type":"ListItem","position":2,"name":"Productos"}]},{"@type":"WebSite","@id":"https:\/\/www.stepconcept.com\/es\/#website","url":"https:\/\/www.stepconcept.com\/es\/","name":"Step Concept","description":"Syst\u00e8me d&#039;acc\u00e8s pour v\u00e9hicule","publisher":{"@id":"https:\/\/www.stepconcept.com\/es\/#organization"},"potentialAction":[{"@type":"SearchAction","target":{"@type":"EntryPoint","urlTemplate":"https:\/\/www.stepconcept.com\/es\/?s={search_term_string}"},"query-input":{"@type":"PropertyValueSpecification","valueRequired":true,"valueName":"search_term_string"}}],"inLanguage":"es"},{"@type":"Organization","@id":"https:\/\/www.stepconcept.com\/es\/#organization","name":"Stepconcept","url":"https:\/\/www.stepconcept.com\/es\/","logo":{"@type":"ImageObject","inLanguage":"es","@id":"https:\/\/www.stepconcept.com\/es\/#\/schema\/logo\/image\/","url":"https:\/\/www.stepconcept.com\/wp-content\/uploads\/2018\/09\/Logo-STEPCONCEPT-03.png","contentUrl":"https:\/\/www.stepconcept.com\/wp-content\/uploads\/2018\/09\/Logo-STEPCONCEPT-03.png","width":568,"height":151,"caption":"Stepconcept"},"image":{"@id":"https:\/\/www.stepconcept.com\/es\/#\/schema\/logo\/image\/"},"sameAs":["https:\/\/www.facebook.com\/stepconcept53\/"]}]}},"_links":{"self":[{"href":"https:\/\/www.stepconcept.com\/es\/wp-json\/wp\/v2\/pages\/3526","targetHints":{"allow":["GET"]}}],"collection":[{"href":"https:\/\/www.stepconcept.com\/es\/wp-json\/wp\/v2\/pages"}],"about":[{"href":"https:\/\/www.stepconcept.com\/es\/wp-json\/wp\/v2\/types\/page"}],"author":[{"embeddable":true,"href":"https:\/\/www.stepconcept.com\/es\/wp-json\/wp\/v2\/users\/1"}],"replies":[{"embeddable":true,"href":"https:\/\/www.stepconcept.com\/es\/wp-json\/wp\/v2\/comments?post=3526"}],"version-history":[{"count":4,"href":"https:\/\/www.stepconcept.com\/es\/wp-json\/wp\/v2\/pages\/3526\/revisions"}],"predecessor-version":[{"id":3620,"href":"https:\/\/www.stepconcept.com\/es\/wp-json\/wp\/v2\/pages\/3526\/revisions\/3620"}],"wp:attachment":[{"href":"https:\/\/www.stepconcept.com\/es\/wp-json\/wp\/v2\/media?parent=3526"}],"curies":[{"name":"wp","href":"https:\/\/api.w.org\/{rel}","templated":true}]}}