{"id":3531,"date":"2018-11-12T16:12:45","date_gmt":"2018-11-12T15:12:45","guid":{"rendered":"https:\/\/www.stepconcept.com\/infos-techniques\/"},"modified":"2023-02-02T09:18:17","modified_gmt":"2023-02-02T08:18:17","slug":"informacion-tecnica","status":"publish","type":"page","link":"https:\/\/www.stepconcept.com\/es\/informacion-tecnica\/","title":{"rendered":"informaci\u00f3n t\u00e9cnica"},"content":{"rendered":"","protected":true},"excerpt":{"rendered":"","protected":true},"author":1,"featured_media":0,"parent":0,"menu_order":16,"comment_status":"closed","ping_status":"closed","template":"","meta":{"_acf_changed":false,"footnotes":""},"class_list":["post-3531","page","type-page","status-publish","post-password-required","hentry"],"acf":[],"yoast_head":"<!-- This site is optimized with the Yoast SEO plugin v26.5 - https:\/\/yoast.com\/wordpress\/plugins\/seo\/ -->\n<title>informaci\u00f3n t\u00e9cnica - STEPCONCEPT<\/title>\n<meta name=\"robots\" content=\"index, follow, max-snippet:-1, max-image-preview:large, max-video-preview:-1\" \/>\n<link rel=\"canonical\" href=\"https:\/\/www.stepconcept.com\/es\/informacion-tecnica\/\" \/>\n<meta property=\"og:locale\" content=\"es_ES\" \/>\n<meta property=\"og:type\" content=\"article\" \/>\n<meta property=\"og:title\" content=\"informaci\u00f3n t\u00e9cnica - STEPCONCEPT\" \/>\n<meta property=\"og:description\" content=\"No hay extracto porque es una entrada protegida.\" \/>\n<meta property=\"og:url\" content=\"https:\/\/www.stepconcept.com\/es\/informacion-tecnica\/\" \/>\n<meta property=\"og:site_name\" content=\"STEPCONCEPT\" \/>\n<meta property=\"article:publisher\" content=\"https:\/\/www.facebook.com\/stepconcept53\/\" \/>\n<meta property=\"article:modified_time\" content=\"2023-02-02T08:18:17+00:00\" \/>\n<meta name=\"twitter:card\" content=\"summary_large_image\" \/>\n<meta name=\"twitter:label1\" content=\"Tiempo de lectura\" \/>\n\t<meta name=\"twitter:data1\" content=\"1 minuto\" \/>\n<script type=\"application\/ld+json\" class=\"yoast-schema-graph\">{\"@context\":\"https:\/\/schema.org\",\"@graph\":[{\"@type\":\"WebPage\",\"@id\":\"https:\/\/www.stepconcept.com\/es\/informacion-tecnica\/\",\"url\":\"https:\/\/www.stepconcept.com\/es\/informacion-tecnica\/\",\"name\":\"informaci\u00f3n t\u00e9cnica - STEPCONCEPT\",\"isPartOf\":{\"@id\":\"https:\/\/www.stepconcept.com\/es\/#website\"},\"datePublished\":\"2018-11-12T15:12:45+00:00\",\"dateModified\":\"2023-02-02T08:18:17+00:00\",\"breadcrumb\":{\"@id\":\"https:\/\/www.stepconcept.com\/es\/informacion-tecnica\/#breadcrumb\"},\"inLanguage\":\"es\"},{\"@type\":\"WebSite\",\"@id\":\"https:\/\/www.stepconcept.com\/es\/#website\",\"url\":\"https:\/\/www.stepconcept.com\/es\/\",\"name\":\"Step Concept\",\"description\":\"Syst\u00e8me d&#039;acc\u00e8s pour v\u00e9hicule\",\"publisher\":{\"@id\":\"https:\/\/www.stepconcept.com\/es\/#organization\"},\"potentialAction\":[{\"@type\":\"SearchAction\",\"target\":{\"@type\":\"EntryPoint\",\"urlTemplate\":\"https:\/\/www.stepconcept.com\/es\/?s={search_term_string}\"},\"query-input\":{\"@type\":\"PropertyValueSpecification\",\"valueRequired\":true,\"valueName\":\"search_term_string\"}}],\"inLanguage\":\"es\"},{\"@type\":\"Organization\",\"@id\":\"https:\/\/www.stepconcept.com\/es\/#organization\",\"name\":\"Stepconcept\",\"url\":\"https:\/\/www.stepconcept.com\/es\/\",\"logo\":{\"@type\":\"ImageObject\",\"inLanguage\":\"es\",\"@id\":\"https:\/\/www.stepconcept.com\/es\/#\/schema\/logo\/image\/\",\"url\":\"https:\/\/www.stepconcept.com\/wp-content\/uploads\/2018\/09\/Logo-STEPCONCEPT-03.png\",\"contentUrl\":\"https:\/\/www.stepconcept.com\/wp-content\/uploads\/2018\/09\/Logo-STEPCONCEPT-03.png\",\"width\":568,\"height\":151,\"caption\":\"Stepconcept\"},\"image\":{\"@id\":\"https:\/\/www.stepconcept.com\/es\/#\/schema\/logo\/image\/\"},\"sameAs\":[\"https:\/\/www.facebook.com\/stepconcept53\/\"]}]}<\/script>\n<!-- \/ Yoast SEO plugin. -->","yoast_head_json":{"title":"informaci\u00f3n t\u00e9cnica - STEPCONCEPT","robots":{"index":"index","follow":"follow","max-snippet":"max-snippet:-1","max-image-preview":"max-image-preview:large","max-video-preview":"max-video-preview:-1"},"canonical":"https:\/\/www.stepconcept.com\/es\/informacion-tecnica\/","og_locale":"es_ES","og_type":"article","og_title":"informaci\u00f3n t\u00e9cnica - STEPCONCEPT","og_description":"No hay extracto porque es una entrada protegida.","og_url":"https:\/\/www.stepconcept.com\/es\/informacion-tecnica\/","og_site_name":"STEPCONCEPT","article_publisher":"https:\/\/www.facebook.com\/stepconcept53\/","article_modified_time":"2023-02-02T08:18:17+00:00","twitter_card":"summary_large_image","twitter_misc":{"Tiempo de lectura":"1 minuto"},"schema":{"@context":"https:\/\/schema.org","@graph":[{"@type":"WebPage","@id":"https:\/\/www.stepconcept.com\/es\/informacion-tecnica\/","url":"https:\/\/www.stepconcept.com\/es\/informacion-tecnica\/","name":"informaci\u00f3n t\u00e9cnica - STEPCONCEPT","isPartOf":{"@id":"https:\/\/www.stepconcept.com\/es\/#website"},"datePublished":"2018-11-12T15:12:45+00:00","dateModified":"2023-02-02T08:18:17+00:00","breadcrumb":{"@id":"https:\/\/www.stepconcept.com\/es\/informacion-tecnica\/#breadcrumb"},"inLanguage":"es"},{"@type":"WebSite","@id":"https:\/\/www.stepconcept.com\/es\/#website","url":"https:\/\/www.stepconcept.com\/es\/","name":"Step Concept","description":"Syst\u00e8me d&#039;acc\u00e8s pour v\u00e9hicule","publisher":{"@id":"https:\/\/www.stepconcept.com\/es\/#organization"},"potentialAction":[{"@type":"SearchAction","target":{"@type":"EntryPoint","urlTemplate":"https:\/\/www.stepconcept.com\/es\/?s={search_term_string}"},"query-input":{"@type":"PropertyValueSpecification","valueRequired":true,"valueName":"search_term_string"}}],"inLanguage":"es"},{"@type":"Organization","@id":"https:\/\/www.stepconcept.com\/es\/#organization","name":"Stepconcept","url":"https:\/\/www.stepconcept.com\/es\/","logo":{"@type":"ImageObject","inLanguage":"es","@id":"https:\/\/www.stepconcept.com\/es\/#\/schema\/logo\/image\/","url":"https:\/\/www.stepconcept.com\/wp-content\/uploads\/2018\/09\/Logo-STEPCONCEPT-03.png","contentUrl":"https:\/\/www.stepconcept.com\/wp-content\/uploads\/2018\/09\/Logo-STEPCONCEPT-03.png","width":568,"height":151,"caption":"Stepconcept"},"image":{"@id":"https:\/\/www.stepconcept.com\/es\/#\/schema\/logo\/image\/"},"sameAs":["https:\/\/www.facebook.com\/stepconcept53\/"]}]}},"_links":{"self":[{"href":"https:\/\/www.stepconcept.com\/es\/wp-json\/wp\/v2\/pages\/3531","targetHints":{"allow":["GET"]}}],"collection":[{"href":"https:\/\/www.stepconcept.com\/es\/wp-json\/wp\/v2\/pages"}],"about":[{"href":"https:\/\/www.stepconcept.com\/es\/wp-json\/wp\/v2\/types\/page"}],"author":[{"embeddable":true,"href":"https:\/\/www.stepconcept.com\/es\/wp-json\/wp\/v2\/users\/1"}],"replies":[{"embeddable":true,"href":"https:\/\/www.stepconcept.com\/es\/wp-json\/wp\/v2\/comments?post=3531"}],"version-history":[{"count":18,"href":"https:\/\/www.stepconcept.com\/es\/wp-json\/wp\/v2\/pages\/3531\/revisions"}],"predecessor-version":[{"id":5333,"href":"https:\/\/www.stepconcept.com\/es\/wp-json\/wp\/v2\/pages\/3531\/revisions\/5333"}],"wp:attachment":[{"href":"https:\/\/www.stepconcept.com\/es\/wp-json\/wp\/v2\/media?parent=3531"}],"curies":[{"name":"wp","href":"https:\/\/api.w.org\/{rel}","templated":true}]}}