{"id":3559,"date":"2019-07-15T16:53:36","date_gmt":"2019-07-15T14:53:36","guid":{"rendered":"https:\/\/www.stepconcept.com\/produits\/accessoires\/"},"modified":"2019-07-15T22:10:07","modified_gmt":"2019-07-15T20:10:07","slug":"accesorios","status":"publish","type":"page","link":"https:\/\/www.stepconcept.com\/es\/productos\/accesorios\/","title":{"rendered":"Accesorios"},"content":{"rendered":"<ul>\n<li>\n<p>        <img decoding=\"async\" src=\"wp-content\/uploads\/2018\/07\/marchepied-telescopique.jpg\" alt=\"\"><\/p>\n<h3>Accesorios<\/h3>\n<p>Una amplia gama de accesorios<\/p>\n<\/li>\n<li>\n<p>        <img decoding=\"async\" src=\"wp-content\/uploads\/2018\/10\/HERO-PRODUCT-poignee-montoire-1.jpg\" alt=\"\"><\/p>\n<h3>Accesorios<\/h3>\n<p>Una amplia gama de accesorios<\/p>\n<\/li>\n<li>\n<p>        <img decoding=\"async\" src=\"wp-content\/uploads\/2018\/10\/HERO-PRODUCT-tbs.jpg\" alt=\"\"><\/p>\n<h3>Accesorios<\/h3>\n<p>Una amplia gama de accesorios<\/p>\n<\/li>\n<\/ul>\n<h4>Descubra nuestros accesorios <\/h4>\n<ul>\n<li>\n<p>        <img decoding=\"async\" src=\"wp-content\/uploads\/2018\/10\/TBS-02.jpg\" alt=\"\"><\/p>\n<h1>Revestimiento de TBS<\/h1>\n<p><a href=\"es\/productos\/accesorios\/revestimiento-antideslizante-tbs\/\">Read more<\/a><\/p>\n<\/li>\n<li>\n<p>        <img decoding=\"async\" src=\"wp-content\/uploads\/2018\/10\/poignee-montoire.jpg\" alt=\"\"><\/p>\n<h1>Asidero<\/h1>\n<p><a href=\"es\/productos\/accesorios\/asidero\/\">Read more<\/a><\/p>\n<\/li>\n<\/ul>\n<p><!-- {\"name\":\"marchepied\",\"type\":\"layout\",\"children\":[{\"name\":\"Hero products\",\"type\":\"section\",\"props\":{\"width\":\"\",\"padding\":\"none\",\"style\":\"secondary\",\"text_color\":\"\",\"media\":\"images\\\/home-header.jpg\",\"height_viewport\":true,\"header_overlay\":\"light\",\"image\":\"\",\"media_advanced\":true,\"image_size\":\"cover\",\"media_background\":null,\"media_overlay\":null,\"height\":\"\",\"animation\":\"\",\"header_transparent\":\"light\",\"image_position\":\"bottom-right\",\"image_width\":\"1920\",\"image_height\":\"\",\"image_fixed\":false,\"media_blend_mode\":\"\",\"overlap\":false,\"padding_remove_bottom\":false,\"image_visibility\":\"m\",\"image_effect\":\"parallax\",\"image_parallax\":-540,\"padding_remove_top\":false,\"image_parallax_bgx_start\":\"\",\"image_parallax_bgy_start\":\"\",\"image_parallax_bgy_end\":\"100\",\"vertical_align\":\"\",\"title_position\":\"top-left\",\"title_rotation\":\"left\",\"title_breakpoint\":\"xl\",\"header_transparent_noplaceholder\":false},\"children\":[{\"name\":\"\",\"type\":\"row\",\"props\":{\"layout\":\"1-1\",\"breakpoint\":\"m\",\"fixed_width\":\"large\",\"margin\":\"\",\"vertical_align\":false,\"match\":false,\"width\":\"\",\"gutter\":\"collapse\",\"divider\":false},\"children\":[{\"name\":\"\",\"type\":\"column\",\"props\":{\"image_position\":\"center-center\",\"widths\":[\"1-1\"],\"style\":\"\",\"image\":\"\",\"image_size\":\"cover\",\"media_overlay_gradient\":\"\"},\"children\":[{\"name\":\"Slideshow products category\",\"type\":\"slideshow\",\"props\":{\"show_title\":true,\"show_meta\":true,\"show_content\":true,\"show_link\":true,\"show_thumbnail\":true,\"slideshow_min_height\":300,\"slideshow_autoplay_pause\":false,\"nav\":\"dotnav\",\"nav_position\":\"bottom-center\",\"nav_position_margin\":\"medium\",\"nav_align\":\"center\",\"nav_breakpoint\":\"s\",\"thumbnav_width\":\"100\",\"thumbnav_height\":\"75\",\"slidenav\":\"\",\"slidenav_margin\":\"medium\",\"slidenav_breakpoint\":\"s\",\"slidenav_outside_breakpoint\":\"xl\",\"overlay_position\":\"center-left\",\"overlay_animation\":\"parallax\",\"title_element\":\"h3\",\"meta_style\":\"h4\",\"meta_align\":\"below-title\",\"link_text\":\"Read more\",\"link_style\":\"default\",\"margin\":\"default\",\"slideshow_animation\":\"fade\",\"slideshow_autoplay\":true,\"overlay_container\":\"default\",\"title_style\":\"heading-medium\",\"meta_margin\":\"small\",\"overlay_container_padding\":\"large\",\"slideshow_height\":\"section\",\"content_style\":\"\",\"slideshow_autoplay_interval\":10,\"slideshow_kenburns\":\"alternate\",\"text_color\":\"\",\"slideshow_box_shadow\":\"\",\"nav_color\":\"\",\"slidenav_outside_color\":\"\",\"overlay_margin\":\"\",\"overlay_style\":\"\",\"overlay_padding\":\"\",\"overlay_width\":\"\",\"title_decoration\":\"\",\"title_color\":\"\",\"link_size\":\"\",\"text_align\":\"\",\"text_align_breakpoint\":\"\",\"text_align_fallback\":\"\",\"maxwidth\":\"\",\"maxwidth_breakpoint\":\"\",\"animation\":\"\",\"visibility\":\"\",\"thumbnav_svg_color\":\"emphasis\",\"block_align\":\"\",\"slideshow_box_decoration\":\"\",\"nav_margin\":\"\",\"title_font_family\":\"\",\"title_margin\":\"\",\"meta_color\":\"\",\"content_margin\":\"\",\"link_margin\":\"\",\"position\":\"\",\"position_z_index\":\"\",\"block_align_breakpoint\":\"\",\"block_align_fallback\":\"\"},\"children\":[{\"name\":\"\",\"type\":\"slideshow_item\",\"props\":{\"image\":\"wp-content\\\/uploads\\\/2018\\\/07\\\/marchepied-telescopique.jpg\",\"title\":\"Accesorios\",\"meta\":\"Una amplia gama de accesorios\",\"content\":\"\",\"text_color\":\"\"}},{\"name\":\"\",\"type\":\"slideshow_item\",\"props\":{\"image\":\"wp-content\\\/uploads\\\/2018\\\/10\\\/HERO-PRODUCT-poignee-montoire-1.jpg\",\"title\":\"Accesorios\",\"meta\":\"Una amplia gama de accesorios\",\"content\":\"\",\"text_color\":\"\"}},{\"name\":\"\",\"type\":\"slideshow_item\",\"props\":{\"image\":\"wp-content\\\/uploads\\\/2018\\\/10\\\/HERO-PRODUCT-tbs.jpg\",\"title\":\"Accesorios\",\"meta\":\"Una amplia gama de accesorios\",\"content\":\"\",\"text_color\":\"\"}}]}]}]}]},{\"name\":\"Produits\",\"type\":\"section\",\"props\":{\"style\":\"default\",\"width\":\"default\",\"vertical_align\":\"middle\",\"title_position\":\"top-left\",\"title_rotation\":\"left\",\"title_breakpoint\":\"xl\",\"image_position\":\"center-center\",\"padding\":\"\",\"animation_delay\":true,\"animation\":\"fade\",\"image_effect\":\"\"},\"children\":[{\"name\":\"\",\"type\":\"row\",\"props\":{\"fixed_width\":\"large\",\"breakpoint\":\"m\",\"layout\":\"1-1\"},\"children\":[{\"name\":\"\",\"type\":\"column\",\"props\":{\"widths\":[\"1-1\"],\"image_position\":\"center-center\",\"media_overlay_gradient\":\"\"},\"children\":[{\"name\":\"\",\"type\":\"wordpress_widget\",\"props\":{\"menu_style\":\"nav\",\"widget\":\"breadcrumbs-2\",\"type\":\"breadcrumbs\",\"class\":\"breadcrumb\",\"style\":\"\",\"title_style\":\"\",\"title_decoration\":\"\",\"title_color\":\"\",\"list_style\":\"\",\"link_style\":\"\",\"text_align\":\"\",\"text_align_breakpoint\":\"\",\"text_align_fallback\":\"\",\"maxwidth\":\"\",\"maxwidth_breakpoint\":\"\",\"margin\":\"\",\"animation\":\"\",\"visibility\":\"\",\"block_align\":\"\",\"position\":\"\",\"position_z_index\":\"\",\"block_align_breakpoint\":\"\",\"block_align_fallback\":\"\"}}]}]},{\"name\":\"\",\"type\":\"row\",\"props\":{\"fixed_width\":\"large\",\"breakpoint\":\"m\",\"layout\":\"1-1\"},\"children\":[{\"name\":\"\",\"type\":\"column\",\"props\":{\"widths\":[\"1-1\"],\"image_position\":\"center-center\",\"media_overlay_gradient\":\"\"},\"children\":[{\"name\":\"\",\"type\":\"headline\",\"props\":{\"title_element\":\"h4\",\"content\":\"Descubra nuestros accesorios \",\"title_color\":\"\",\"title_decoration\":\"bullet\",\"maxwidth\":\"\",\"text_align\":\"justify\",\"animation\":\"slide-top-medium\",\"title_style\":\"\",\"text_align_breakpoint\":\"\",\"text_align_fallback\":\"\",\"maxwidth_breakpoint\":\"\",\"margin\":\"\",\"visibility\":\"\",\"block_align\":\"center\",\"title_font_family\":\"\",\"position\":\"\",\"position_z_index\":\"\",\"block_align_breakpoint\":\"\",\"block_align_fallback\":\"\"}},{\"type\":\"grid\",\"props\":{\"show_title\":true,\"show_meta\":true,\"show_content\":true,\"show_image\":true,\"show_link\":true,\"grid_default\":\"1\",\"grid_medium\":\"2\",\"filter_style\":\"tab\",\"filter_all\":true,\"filter_position\":\"top\",\"filter_align\":\"left\",\"filter_grid_width\":\"auto\",\"filter_breakpoint\":\"m\",\"title_hover_style\":\"reset\",\"title_element\":\"h1\",\"title_align\":\"top\",\"title_grid_width\":\"1-2\",\"title_breakpoint\":\"m\",\"meta_style\":\"meta\",\"meta_align\":\"below-title\",\"icon_ratio\":4,\"image_align\":\"top\",\"image_grid_width\":\"1-2\",\"image_breakpoint\":\"m\",\"image_svg_color\":\"emphasis\",\"link_text\":\"Read more\",\"link_style\":\"default\",\"margin\":\"default\",\"item_animation\":\"\",\"gutter\":\"\",\"grid_small\":\"\",\"grid_large\":\"\",\"grid_xlarge\":\"\",\"filter_margin\":\"\",\"filter_gutter\":\"\",\"title_display\":\"\",\"content_display\":\"\",\"panel_style\":\"card-secondary\",\"panel_content_padding\":\"\",\"panel_size\":\"\",\"item_maxwidth\":\"\",\"title_style\":\"h4\",\"title_decoration\":\"\",\"title_font_family\":\"\",\"title_color\":\"\",\"title_gutter\":\"\",\"title_margin\":\"\",\"meta_color\":\"\",\"meta_margin\":\"\",\"content_style\":\"\",\"content_margin\":\"\",\"image_transition\":\"scale-up\",\"image_border\":\"\",\"image_box_shadow\":\"\",\"image_hover_box_shadow\":\"\",\"image_box_decoration\":\"\",\"icon_color\":\"\",\"image_gutter\":\"\",\"image_margin\":\"\",\"link_type\":\"content\",\"link_size\":\"\",\"link_margin\":\"\",\"position\":\"\",\"position_z_index\":\"\",\"maxwidth\":\"\",\"maxwidth_breakpoint\":\"\",\"block_align\":\"center\",\"block_align_breakpoint\":\"\",\"block_align_fallback\":\"\",\"text_align\":\"center\",\"text_align_breakpoint\":\"\",\"text_align_fallback\":\"\",\"visibility\":\"\",\"image_width\":\"500\",\"image_height\":\"250\"},\"children\":[{\"type\":\"grid_item\",\"props\":{\"title\":\"Revestimiento de TBS\",\"link\":\"es\\\/productos\\\/accesorios\\\/revestimiento-antideslizante-tbs\\\/\",\"meta\":\"\",\"image\":\"wp-content\\\/uploads\\\/2018\\\/10\\\/TBS-02.jpg\"}},{\"type\":\"grid_item\",\"props\":{\"title\":\"Asidero\",\"link\":\"es\\\/productos\\\/accesorios\\\/asidero\\\/\",\"image\":\"wp-content\\\/uploads\\\/2018\\\/10\\\/poignee-montoire.jpg\"}}]}]}]}]}],\"props\":[],\"version\":\"1.21.3\"} --><\/p>\n","protected":false},"excerpt":{"rendered":"<p>Accesorios Una amplia gama de accesorios Accesorios Una amplia gama de accesorios Accesorios Una amplia gama de accesorios Descubra nuestros accesorios Revestimiento de TBS Read more Asidero Read more<\/p>\n","protected":false},"author":1,"featured_media":0,"parent":3526,"menu_order":0,"comment_status":"closed","ping_status":"closed","template":"","meta":{"_acf_changed":false,"footnotes":""},"class_list":["post-3559","page","type-page","status-publish","hentry"],"acf":[],"yoast_head":"<!-- This site is optimized with the Yoast SEO plugin v26.5 - https:\/\/yoast.com\/wordpress\/plugins\/seo\/ -->\n<title>Accesorios - STEPCONCEPT<\/title>\n<meta name=\"description\" content=\"Una amplia gama de accesorios\" \/>\n<meta name=\"robots\" content=\"index, follow, max-snippet:-1, max-image-preview:large, max-video-preview:-1\" \/>\n<link rel=\"canonical\" href=\"https:\/\/www.stepconcept.com\/es\/productos\/accesorios\/\" \/>\n<meta property=\"og:locale\" content=\"es_ES\" \/>\n<meta property=\"og:type\" content=\"article\" \/>\n<meta property=\"og:title\" content=\"Accesorios - STEPCONCEPT\" \/>\n<meta property=\"og:description\" content=\"Una amplia gama de accesorios\" \/>\n<meta property=\"og:url\" content=\"https:\/\/www.stepconcept.com\/es\/productos\/accesorios\/\" \/>\n<meta property=\"og:site_name\" content=\"STEPCONCEPT\" \/>\n<meta property=\"article:publisher\" content=\"https:\/\/www.facebook.com\/stepconcept53\/\" \/>\n<meta property=\"article:modified_time\" content=\"2019-07-15T20:10:07+00:00\" \/>\n<meta property=\"og:image\" content=\"http:\/\/wp-content\/uploads\/2018\/07\/marchepied-telescopique.jpg\" \/>\n<meta name=\"twitter:card\" content=\"summary_large_image\" \/>\n<script type=\"application\/ld+json\" class=\"yoast-schema-graph\">{\"@context\":\"https:\/\/schema.org\",\"@graph\":[{\"@type\":\"WebPage\",\"@id\":\"https:\/\/www.stepconcept.com\/es\/productos\/accesorios\/\",\"url\":\"https:\/\/www.stepconcept.com\/es\/productos\/accesorios\/\",\"name\":\"Accesorios - STEPCONCEPT\",\"isPartOf\":{\"@id\":\"https:\/\/www.stepconcept.com\/es\/#website\"},\"datePublished\":\"2019-07-15T14:53:36+00:00\",\"dateModified\":\"2019-07-15T20:10:07+00:00\",\"description\":\"Una amplia gama de accesorios\",\"breadcrumb\":{\"@id\":\"https:\/\/www.stepconcept.com\/es\/productos\/accesorios\/#breadcrumb\"},\"inLanguage\":\"es\",\"potentialAction\":[{\"@type\":\"ReadAction\",\"target\":[\"https:\/\/www.stepconcept.com\/es\/productos\/accesorios\/\"]}]},{\"@type\":\"BreadcrumbList\",\"@id\":\"https:\/\/www.stepconcept.com\/es\/productos\/accesorios\/#breadcrumb\",\"itemListElement\":[{\"@type\":\"ListItem\",\"position\":1,\"name\":\"Accueil\",\"item\":\"https:\/\/www.stepconcept.com\/es\/\"},{\"@type\":\"ListItem\",\"position\":2,\"name\":\"Productos\",\"item\":\"https:\/\/www.stepconcept.com\/es\/produits\/\"},{\"@type\":\"ListItem\",\"position\":3,\"name\":\"Accesorios\"}]},{\"@type\":\"WebSite\",\"@id\":\"https:\/\/www.stepconcept.com\/es\/#website\",\"url\":\"https:\/\/www.stepconcept.com\/es\/\",\"name\":\"Step Concept\",\"description\":\"Syst\u00e8me d&#039;acc\u00e8s pour v\u00e9hicule\",\"publisher\":{\"@id\":\"https:\/\/www.stepconcept.com\/es\/#organization\"},\"potentialAction\":[{\"@type\":\"SearchAction\",\"target\":{\"@type\":\"EntryPoint\",\"urlTemplate\":\"https:\/\/www.stepconcept.com\/es\/?s={search_term_string}\"},\"query-input\":{\"@type\":\"PropertyValueSpecification\",\"valueRequired\":true,\"valueName\":\"search_term_string\"}}],\"inLanguage\":\"es\"},{\"@type\":\"Organization\",\"@id\":\"https:\/\/www.stepconcept.com\/es\/#organization\",\"name\":\"Stepconcept\",\"url\":\"https:\/\/www.stepconcept.com\/es\/\",\"logo\":{\"@type\":\"ImageObject\",\"inLanguage\":\"es\",\"@id\":\"https:\/\/www.stepconcept.com\/es\/#\/schema\/logo\/image\/\",\"url\":\"https:\/\/www.stepconcept.com\/wp-content\/uploads\/2018\/09\/Logo-STEPCONCEPT-03.png\",\"contentUrl\":\"https:\/\/www.stepconcept.com\/wp-content\/uploads\/2018\/09\/Logo-STEPCONCEPT-03.png\",\"width\":568,\"height\":151,\"caption\":\"Stepconcept\"},\"image\":{\"@id\":\"https:\/\/www.stepconcept.com\/es\/#\/schema\/logo\/image\/\"},\"sameAs\":[\"https:\/\/www.facebook.com\/stepconcept53\/\"]}]}<\/script>\n<!-- \/ Yoast SEO plugin. -->","yoast_head_json":{"title":"Accesorios - STEPCONCEPT","description":"Una amplia gama de accesorios","robots":{"index":"index","follow":"follow","max-snippet":"max-snippet:-1","max-image-preview":"max-image-preview:large","max-video-preview":"max-video-preview:-1"},"canonical":"https:\/\/www.stepconcept.com\/es\/productos\/accesorios\/","og_locale":"es_ES","og_type":"article","og_title":"Accesorios - STEPCONCEPT","og_description":"Una amplia gama de accesorios","og_url":"https:\/\/www.stepconcept.com\/es\/productos\/accesorios\/","og_site_name":"STEPCONCEPT","article_publisher":"https:\/\/www.facebook.com\/stepconcept53\/","article_modified_time":"2019-07-15T20:10:07+00:00","og_image":[{"url":"wp-content\/uploads\/2018\/07\/marchepied-telescopique.jpg","type":"","width":"","height":""}],"twitter_card":"summary_large_image","schema":{"@context":"https:\/\/schema.org","@graph":[{"@type":"WebPage","@id":"https:\/\/www.stepconcept.com\/es\/productos\/accesorios\/","url":"https:\/\/www.stepconcept.com\/es\/productos\/accesorios\/","name":"Accesorios - STEPCONCEPT","isPartOf":{"@id":"https:\/\/www.stepconcept.com\/es\/#website"},"datePublished":"2019-07-15T14:53:36+00:00","dateModified":"2019-07-15T20:10:07+00:00","description":"Una amplia gama de accesorios","breadcrumb":{"@id":"https:\/\/www.stepconcept.com\/es\/productos\/accesorios\/#breadcrumb"},"inLanguage":"es","potentialAction":[{"@type":"ReadAction","target":["https:\/\/www.stepconcept.com\/es\/productos\/accesorios\/"]}]},{"@type":"BreadcrumbList","@id":"https:\/\/www.stepconcept.com\/es\/productos\/accesorios\/#breadcrumb","itemListElement":[{"@type":"ListItem","position":1,"name":"Accueil","item":"https:\/\/www.stepconcept.com\/es\/"},{"@type":"ListItem","position":2,"name":"Productos","item":"https:\/\/www.stepconcept.com\/es\/produits\/"},{"@type":"ListItem","position":3,"name":"Accesorios"}]},{"@type":"WebSite","@id":"https:\/\/www.stepconcept.com\/es\/#website","url":"https:\/\/www.stepconcept.com\/es\/","name":"Step Concept","description":"Syst\u00e8me d&#039;acc\u00e8s pour v\u00e9hicule","publisher":{"@id":"https:\/\/www.stepconcept.com\/es\/#organization"},"potentialAction":[{"@type":"SearchAction","target":{"@type":"EntryPoint","urlTemplate":"https:\/\/www.stepconcept.com\/es\/?s={search_term_string}"},"query-input":{"@type":"PropertyValueSpecification","valueRequired":true,"valueName":"search_term_string"}}],"inLanguage":"es"},{"@type":"Organization","@id":"https:\/\/www.stepconcept.com\/es\/#organization","name":"Stepconcept","url":"https:\/\/www.stepconcept.com\/es\/","logo":{"@type":"ImageObject","inLanguage":"es","@id":"https:\/\/www.stepconcept.com\/es\/#\/schema\/logo\/image\/","url":"https:\/\/www.stepconcept.com\/wp-content\/uploads\/2018\/09\/Logo-STEPCONCEPT-03.png","contentUrl":"https:\/\/www.stepconcept.com\/wp-content\/uploads\/2018\/09\/Logo-STEPCONCEPT-03.png","width":568,"height":151,"caption":"Stepconcept"},"image":{"@id":"https:\/\/www.stepconcept.com\/es\/#\/schema\/logo\/image\/"},"sameAs":["https:\/\/www.facebook.com\/stepconcept53\/"]}]}},"_links":{"self":[{"href":"https:\/\/www.stepconcept.com\/es\/wp-json\/wp\/v2\/pages\/3559","targetHints":{"allow":["GET"]}}],"collection":[{"href":"https:\/\/www.stepconcept.com\/es\/wp-json\/wp\/v2\/pages"}],"about":[{"href":"https:\/\/www.stepconcept.com\/es\/wp-json\/wp\/v2\/types\/page"}],"author":[{"embeddable":true,"href":"https:\/\/www.stepconcept.com\/es\/wp-json\/wp\/v2\/users\/1"}],"replies":[{"embeddable":true,"href":"https:\/\/www.stepconcept.com\/es\/wp-json\/wp\/v2\/comments?post=3559"}],"version-history":[{"count":8,"href":"https:\/\/www.stepconcept.com\/es\/wp-json\/wp\/v2\/pages\/3559\/revisions"}],"predecessor-version":[{"id":3697,"href":"https:\/\/www.stepconcept.com\/es\/wp-json\/wp\/v2\/pages\/3559\/revisions\/3697"}],"up":[{"embeddable":true,"href":"https:\/\/www.stepconcept.com\/es\/wp-json\/wp\/v2\/pages\/3526"}],"wp:attachment":[{"href":"https:\/\/www.stepconcept.com\/es\/wp-json\/wp\/v2\/media?parent=3559"}],"curies":[{"name":"wp","href":"https:\/\/api.w.org\/{rel}","templated":true}]}}