{"id":3562,"date":"2019-07-15T16:54:25","date_gmt":"2019-07-15T14:54:25","guid":{"rendered":"https:\/\/www.stepconcept.com\/produits\/marchepied\/"},"modified":"2020-10-30T14:15:15","modified_gmt":"2020-10-30T13:15:15","slug":"estribos","status":"publish","type":"page","link":"https:\/\/www.stepconcept.com\/es\/productos\/estribos\/","title":{"rendered":"Estribos"},"content":{"rendered":"<ul>\n<li>\n<p>        <img decoding=\"async\" src=\"\/wp-content\/uploads\/2018\/07\/marchepied-telescopique.jpg\" alt=\"\"><\/p>\n<h3>Estribos<\/h3>\n<p>Una amplia gama de estribos  <br \/>manuales y el\u00e9ctricos  con caj\u00f3n, giratorios o telesc\u00f3picos<\/p>\n<\/li>\n<li>\n<p>        <img decoding=\"async\" src=\"\/wp-content\/uploads\/2018\/07\/marchepied-tiroir.jpg\" alt=\"\"><\/p>\n<h3>Estribos<\/h3>\n<p>Una amplia gama de estribos  <br \/>manuales y el\u00e9ctricos  con caj\u00f3n, giratorios o telesc\u00f3picos<\/p>\n<\/li>\n<li>\n<p>        <img decoding=\"async\" src=\"\/wp-content\/uploads\/2018\/07\/marchepied-rotatif.jpg\" alt=\"\"><\/p>\n<h3>Estribos<\/h3>\n<p>Una amplia gama de estribos  <br \/>manuales y el\u00e9ctricos  con caj\u00f3n, giratorios o telesc\u00f3picos<\/p>\n<\/li>\n<\/ul>\n<h4>L\u00edder europeo desde hace m\u00e1s de 25 a\u00f1os<\/h4>\n<h5>Una amplia gama desarrollada para responder a todo tipo de veh\u00edculos.<\/h5>\n<div>\n<div>\n<p><strong>Nuestros productos est\u00e1n homologados para el transporte de personas con movilidad reducida (TPMR). <\/strong><\/p>\n<\/div>\n<p>Nuestros estribos, instalables en la puerta del conductor, del pasajero, lateral o trasera, permiten que el pasajero suba y baje del veh\u00edculo con mayor facilidad y seguridad.<\/p>\n<p>\u00a0<\/p>\n<\/div>\n<div>\n<p>        <img decoding=\"async\" src=\"\/wp-content\/uploads\/2018\/07\/TLS900-D.png\" alt=\"Marchepied\"><\/p>\n<p>        <img decoding=\"async\" src=\"\/wp-content\/uploads\/2018\/07\/TLS900-C.png\" alt=\"\"><\/p>\n<\/div>\n<h2>Kits de montage<\/h2>\n<div>\n<p>Marchepieds TLS et TLM<\/p>\n<\/div>\n<div>\n<p><strong>Nos kits de montage ont \u00e9t\u00e9 sp\u00e9cialement d\u00e9velopp\u00e9s pour chaque type de v\u00e9hicule.<\/strong><\/p>\n<p>Ils permettent une adaptation m\u00e9canique rapide du marchepied, sans aucun per\u00e7age du ch\u00e2ssis v\u00e9hicule. <em>Ensemble des vis et chevilles de fixation, livr\u00e9 en sachet avec notice de montage.<\/em><\/p>\n<\/div>\n<h4>Rango de estribos<\/h4>\n<ul>\n<li>\n<p>        <img decoding=\"async\" src=\"\/wp-content\/uploads\/2020\/09\/marchepied-TLM-01.jpeg\" alt=\"estribos TLS TLM \"><\/p>\n<h3>TLS TLM &#8211; manual \/ el\u00e9ctrico<\/h3>\n<p><a href=\"\/es\/productos\/estribos\/tls-tlm-manual-electrico\"><\/a><\/p>\n<\/li>\n<li>\n<p>        <img decoding=\"async\" src=\"\/wp-content\/uploads\/2018\/07\/marchepied-ROT-01.jpg\" alt=\"ROT - pivotante el\u00e9ctrico\"><\/p>\n<h3>ROT &#8211; pivotante el\u00e9ctrico<\/h3>\n<p><a href=\"\/es\/productos\/estribos\/rot-pivotante-electrico\/\"><\/a><\/p>\n<\/li>\n<\/ul>\n<p><!-- {\"name\":\"\",\"type\":\"layout\",\"children\":[{\"name\":\"Hero products\",\"type\":\"section\",\"props\":{\"width\":\"\",\"padding\":\"none\",\"style\":\"secondary\",\"media\":\"images\\\/home-header.jpg\",\"height_viewport\":true,\"header_overlay\":\"light\",\"image\":\"\",\"media_advanced\":true,\"image_size\":\"cover\",\"media_background\":null,\"media_overlay\":null,\"header_transparent\":\"light\",\"image_position\":\"bottom-right\",\"image_width\":\"1920\",\"image_fixed\":false,\"overlap\":false,\"padding_remove_bottom\":false,\"image_visibility\":\"m\",\"image_effect\":\"parallax\",\"image_parallax\":-540,\"padding_remove_top\":false,\"image_parallax_bgy_end\":\"100\",\"vertical_align\":\"\",\"title_position\":\"top-left\",\"title_rotation\":\"left\",\"title_breakpoint\":\"xl\",\"header_transparent_noplaceholder\":false},\"children\":[{\"name\":\"\",\"type\":\"row\",\"props\":{\"vertical_align\":false,\"match\":false,\"divider\":false,\"column_gap\":\"collapse\",\"row_gap\":\"collapse\"},\"children\":[{\"name\":\"\",\"type\":\"column\",\"props\":{\"image_position\":\"center-center\",\"image\":\"\",\"image_size\":\"cover\",\"media_overlay_gradient\":\"\",\"width_medium\":\"1-1\"},\"children\":[{\"name\":\"Slideshow products category\",\"type\":\"slideshow\",\"props\":{\"show_title\":true,\"show_meta\":true,\"show_content\":true,\"show_link\":true,\"show_thumbnail\":true,\"slideshow_min_height\":300,\"slideshow_autoplay_pause\":false,\"nav\":\"dotnav\",\"nav_position\":\"bottom-center\",\"nav_position_margin\":\"medium\",\"nav_align\":\"center\",\"nav_breakpoint\":\"s\",\"thumbnav_width\":\"100\",\"thumbnav_height\":\"75\",\"slidenav\":\"\",\"slidenav_margin\":\"medium\",\"slidenav_breakpoint\":\"s\",\"slidenav_outside_breakpoint\":\"xl\",\"overlay_position\":\"center-left\",\"overlay_animation\":\"parallax\",\"title_element\":\"h3\",\"meta_style\":\"h4\",\"meta_align\":\"below-title\",\"link_text\":\"Read more\",\"link_style\":\"default\",\"margin\":\"default\",\"slideshow_animation\":\"fade\",\"slideshow_autoplay\":true,\"overlay_container\":\"default\",\"title_style\":\"heading-medium\",\"meta_margin\":\"small\",\"overlay_container_padding\":\"large\",\"slideshow_height\":\"section\",\"slideshow_autoplay_interval\":10,\"slideshow_kenburns\":\"alternate\",\"thumbnav_svg_color\":\"emphasis\",\"slideshow_box_shadow\":\"\",\"slideshow_box_decoration\":\"\",\"nav_margin\":\"\",\"nav_color\":\"\",\"slidenav_outside_color\":\"\",\"overlay_width\":\"\",\"meta_element\":\"div\"},\"children\":[{\"name\":\"\",\"type\":\"slideshow_item\",\"props\":{\"image\":\"wp-content\\\/uploads\\\/2018\\\/07\\\/marchepied-telescopique.jpg\",\"title\":\"Estribos\",\"meta\":\"Una amplia gama de estribos  <br \\\/>manuales y el\\u00e9ctricos  con caj\\u00f3n, giratorios o telesc\\u00f3picos\",\"content\":\"\"}},{\"name\":\"\",\"type\":\"slideshow_item\",\"props\":{\"image\":\"wp-content\\\/uploads\\\/2018\\\/07\\\/marchepied-tiroir.jpg\",\"title\":\"Estribos\",\"meta\":\"Una amplia gama de estribos  <br \\\/>manuales y el\\u00e9ctricos  con caj\\u00f3n, giratorios o telesc\\u00f3picos\",\"content\":\"\"}},{\"name\":\"\",\"type\":\"slideshow_item\",\"props\":{\"image\":\"wp-content\\\/uploads\\\/2018\\\/07\\\/marchepied-rotatif.jpg\",\"title\":\"Estribos\",\"meta\":\"Una amplia gama de estribos  <br \\\/>manuales y el\\u00e9ctricos  con caj\\u00f3n, giratorios o telesc\\u00f3picos\",\"content\":\"\"}}]}]}]}]},{\"name\":\"Produits\",\"type\":\"section\",\"props\":{\"style\":\"default\",\"width\":\"default\",\"vertical_align\":\"middle\",\"title_position\":\"top-left\",\"title_rotation\":\"left\",\"title_breakpoint\":\"xl\",\"image_position\":\"center-center\",\"animation_delay\":true,\"animation\":\"fade\"},\"children\":[{\"name\":\"\",\"type\":\"row\",\"children\":[{\"name\":\"\",\"type\":\"column\",\"props\":{\"image_position\":\"center-center\",\"media_overlay_gradient\":\"\",\"width_medium\":\"1-1\"},\"children\":[{\"name\":\"\",\"type\":\"wordpress_widget\",\"props\":{\"menu_style\":\"nav\",\"widget\":\"breadcrumbs-2\",\"type\":\"breadcrumbs\",\"class\":\"breadcrumb\"}}]}]},{\"name\":\"\",\"type\":\"row\",\"children\":[{\"name\":\"\",\"type\":\"column\",\"props\":{\"image_position\":\"center-center\",\"media_overlay_gradient\":\"\",\"width_medium\":\"1-1\"},\"children\":[{\"name\":\"\",\"type\":\"headline\",\"props\":{\"title_element\":\"h4\",\"content\":\"L\\u00edder europeo desde hace m\\u00e1s de 25 a\\u00f1os\",\"title_decoration\":\"bullet\",\"text_align\":\"justify\",\"animation\":\"slide-top-medium\",\"block_align\":\"center\"}}]}]},{\"name\":\"\",\"type\":\"row\",\"props\":{\"layout\":\"large,expand\"},\"children\":[{\"name\":\"\",\"type\":\"column\",\"props\":{\"image_position\":\"center-center\",\"media_overlay_gradient\":\"\",\"width_medium\":\"large\"},\"children\":[{\"name\":\"\",\"type\":\"headline\",\"props\":{\"title_element\":\"h5\",\"content\":\"Una amplia gama desarrollada para responder a todo tipo de veh\\u00edculos.\",\"title_color\":\"primary\",\"text_align\":\"justify\",\"animation\":\"slide-top-medium\",\"block_align\":\"center\"}},{\"name\":\"\",\"type\":\"text\",\"props\":{\"margin\":\"default\",\"column_breakpoint\":\"m\",\"content\":\"\n\n<div>\\n\n\n<p><strong>Nuestros productos est\\u00e1n homologados para el transporte de personas con movilidad reducida (TPMR). <\\\/strong><\\\/p>\\n<\\\/div>\\n\n\n<p>Nuestros estribos, instalables en la puerta del conductor, del pasajero, lateral o trasera, permiten que el pasajero suba y baje del veh\\u00edculo con mayor facilidad y seguridad.<\\\/p>\\n\n\n<p>\\u00a0<\\\/p>\",\"text_align\":\"justify\"}}]},{\"name\":\"\",\"type\":\"column\",\"props\":{\"image_position\":\"center-center\",\"padding\":\"xsmall\",\"media_overlay_gradient\":\"\",\"width_medium\":\"expand\"},\"children\":[{\"name\":\"\",\"type\":\"overlay\",\"props\":{\"overlay_mode\":\"cover\",\"overlay_hover\":true,\"overlay_style\":\"\",\"text_color\":\"light\",\"overlay_position\":\"center\",\"overlay_transition\":\"fade\",\"title_element\":\"h5\",\"meta_style\":\"meta\",\"meta_align\":\"below-title\",\"text_align\":\"center\",\"margin\":\"default\",\"image\":\"wp-content\\\/uploads\\\/2018\\\/07\\\/TLS900-D.png\",\"hover_image\":\"wp-content\\\/uploads\\\/2018\\\/07\\\/TLS900-C.png\",\"title\":\"\",\"title_color\":\"background\",\"image_alt\":\"Marchepied\",\"image_width\":\"650\",\"overlay_image\":null,\"link_text\":\"\",\"link_style\":\"default\",\"overlay_link\":true,\"title_hover_style\":\"reset\",\"meta_element\":\"div\"}}]}]},{\"name\":\"\",\"type\":\"row\",\"children\":[{\"name\":\"\",\"type\":\"column\",\"props\":{\"image_position\":\"center-center\",\"media_overlay_gradient\":\"\",\"width_medium\":\"1-3\",\"style\":\"secondary\",\"padding\":\"xsmall\"},\"children\":[{\"name\":\"\",\"type\":\"headline\",\"props\":{\"title_element\":\"h2\",\"content\":\"Kits de montage\",\"title_decoration\":\"line\",\"text_align\":\"justify\",\"animation\":\"slide-top-medium\",\"block_align\":\"center\",\"margin_remove_bottom\":true,\"title_style\":\"h2\"}},{\"type\":\"headline\",\"props\":{\"title_element\":\"div\",\"content\":\"\n\n<p>Marchepieds TLS et TLM<\\\/p>\",\"title_style\":\"h4\",\"margin_remove_top\":true}},{\"type\":\"text\",\"props\":{\"margin\":\"default\",\"column_breakpoint\":\"m\",\"content\":\"\n\n<p><strong>Nos kits de montage ont \\u00e9t\\u00e9 sp\\u00e9cialement d\\u00e9velopp\\u00e9s pour chaque type de v\\u00e9hicule.<\\\/strong><\\\/p>\\n\n\n<p>Ils permettent une adaptation m\\u00e9canique rapide du marchepied, sans aucun per\\u00e7age du ch\\u00e2ssis v\\u00e9hicule. <em>Ensemble des vis et chevilles de fixation, livr\\u00e9 en sachet avec notice de montage.<\\\/em><\\\/p>\"}}]},{\"type\":\"column\",\"props\":{\"image_position\":\"center-center\",\"media_overlay_gradient\":\"\",\"width_medium\":\"2-3\",\"padding\":\"xsmall\"},\"children\":[{\"name\":\"\",\"type\":\"headline\",\"props\":{\"title_element\":\"h4\",\"content\":\"Rango de estribos\",\"title_decoration\":\"line\",\"text_align\":\"justify\",\"animation\":\"slide-top-medium\",\"block_align\":\"center\"}},{\"type\":\"grid\",\"props\":{\"show_title\":true,\"show_meta\":true,\"show_content\":true,\"show_image\":true,\"show_link\":true,\"grid_default\":\"1\",\"grid_medium\":\"2\",\"filter_style\":\"tab\",\"filter_all\":true,\"filter_position\":\"top\",\"filter_align\":\"left\",\"filter_grid_width\":\"auto\",\"filter_grid_breakpoint\":\"m\",\"title_hover_style\":\"reset\",\"title_element\":\"h3\",\"title_align\":\"top\",\"title_grid_width\":\"1-2\",\"title_grid_breakpoint\":\"m\",\"meta_style\":\"meta\",\"meta_align\":\"below-title\",\"meta_element\":\"div\",\"content_column_breakpoint\":\"m\",\"icon_width\":80,\"image_align\":\"top\",\"image_grid_width\":\"1-2\",\"image_grid_breakpoint\":\"m\",\"image_svg_color\":\"emphasis\",\"link_text\":\"\",\"link_style\":\"default\",\"margin\":\"default\",\"item_animation\":\"\",\"image_width\":\"800\",\"image_height\":\"500\",\"panel_link\":true,\"panel_style\":\"card-secondary\",\"panel_size\":\"small\",\"panel_card_image\":true,\"text_align\":\"center\",\"title_style\":\"h4\",\"block_align\":\"center\",\"image_transition\":\"scale-up\"},\"children\":[{\"type\":\"grid_item\",\"props\":{\"title\":\"TLS TLM - manual \\\/ el\\u00e9ctrico\",\"image\":\"wp-content\\\/uploads\\\/2020\\\/09\\\/marchepied-TLM-01.jpeg\",\"image_alt\":\"estribos TLS TLM \",\"link\":\"es\\\/productos\\\/estribos\\\/tls-tlm-manual-electrico\\\/\"}},{\"type\":\"grid_item\",\"props\":{\"title\":\"ROT - pivotante el\\u00e9ctrico\",\"image\":\"wp-content\\\/uploads\\\/2018\\\/07\\\/marchepied-ROT-01.jpg\",\"link\":\"\\\/es\\\/productos\\\/estribos\\\/rot-pivotante-electrico\\\/\",\"image_alt\":\"ROT - pivotante el\\u00e9ctrico\"}}]}]}],\"props\":{\"layout\":\"1-3,2-3\"}}]}],\"version\":\"2.2.5\"} --><\/p>\n","protected":false},"excerpt":{"rendered":"<p>Estribos Una amplia gama de estribos manuales y el\u00e9ctricos con caj\u00f3n, giratorios o telesc\u00f3picos Estribos Una amplia gama de estribos manuales y el\u00e9ctricos con caj\u00f3n, giratorios o telesc\u00f3picos Estribos Una amplia gama de estribos manuales y el\u00e9ctricos con caj\u00f3n, giratorios o telesc\u00f3picos L\u00edder europeo desde hace m\u00e1s de 25 a\u00f1os Una amplia gama desarrollada para [&hellip;]<\/p>\n","protected":false},"author":1,"featured_media":0,"parent":3526,"menu_order":0,"comment_status":"closed","ping_status":"closed","template":"","meta":{"_acf_changed":false,"footnotes":""},"class_list":["post-3562","page","type-page","status-publish","hentry"],"acf":[],"yoast_head":"<!-- This site is optimized with the Yoast SEO plugin v26.5 - https:\/\/yoast.com\/wordpress\/plugins\/seo\/ -->\n<title>Estribos - STEPCONCEPT<\/title>\n<meta name=\"description\" content=\"Una amplia gama de estribos manuales y el\u00e9ctricos con caj\u00f3n, giratorios o telesc\u00f3picos\" \/>\n<meta name=\"robots\" content=\"index, follow, max-snippet:-1, max-image-preview:large, max-video-preview:-1\" \/>\n<link rel=\"canonical\" href=\"https:\/\/www.stepconcept.com\/es\/productos\/estribos\/\" \/>\n<meta property=\"og:locale\" content=\"es_ES\" \/>\n<meta property=\"og:type\" content=\"article\" \/>\n<meta property=\"og:title\" content=\"Estribos - STEPCONCEPT\" \/>\n<meta property=\"og:description\" content=\"Una amplia gama de estribos manuales y el\u00e9ctricos con caj\u00f3n, giratorios o telesc\u00f3picos\" \/>\n<meta property=\"og:url\" content=\"https:\/\/www.stepconcept.com\/es\/productos\/estribos\/\" \/>\n<meta property=\"og:site_name\" content=\"STEPCONCEPT\" \/>\n<meta property=\"article:publisher\" content=\"https:\/\/www.facebook.com\/stepconcept53\/\" \/>\n<meta property=\"article:modified_time\" content=\"2020-10-30T13:15:15+00:00\" \/>\n<meta property=\"og:image\" content=\"https:\/\/www.stepconcept.com\/wp-content\/uploads\/2018\/07\/marchepied-telescopique.jpg\" \/>\n<meta name=\"twitter:card\" content=\"summary_large_image\" \/>\n<meta name=\"twitter:label1\" content=\"Tiempo de lectura\" \/>\n\t<meta name=\"twitter:data1\" content=\"1 minuto\" \/>\n<script type=\"application\/ld+json\" class=\"yoast-schema-graph\">{\"@context\":\"https:\/\/schema.org\",\"@graph\":[{\"@type\":\"WebPage\",\"@id\":\"https:\/\/www.stepconcept.com\/es\/productos\/estribos\/\",\"url\":\"https:\/\/www.stepconcept.com\/es\/productos\/estribos\/\",\"name\":\"Estribos - STEPCONCEPT\",\"isPartOf\":{\"@id\":\"https:\/\/www.stepconcept.com\/es\/#website\"},\"datePublished\":\"2019-07-15T14:54:25+00:00\",\"dateModified\":\"2020-10-30T13:15:15+00:00\",\"description\":\"Una amplia gama de estribos manuales y el\u00e9ctricos con caj\u00f3n, giratorios o telesc\u00f3picos\",\"breadcrumb\":{\"@id\":\"https:\/\/www.stepconcept.com\/es\/productos\/estribos\/#breadcrumb\"},\"inLanguage\":\"es\",\"potentialAction\":[{\"@type\":\"ReadAction\",\"target\":[\"https:\/\/www.stepconcept.com\/es\/productos\/estribos\/\"]}]},{\"@type\":\"BreadcrumbList\",\"@id\":\"https:\/\/www.stepconcept.com\/es\/productos\/estribos\/#breadcrumb\",\"itemListElement\":[{\"@type\":\"ListItem\",\"position\":1,\"name\":\"Accueil\",\"item\":\"https:\/\/www.stepconcept.com\/es\/\"},{\"@type\":\"ListItem\",\"position\":2,\"name\":\"Productos\",\"item\":\"https:\/\/www.stepconcept.com\/es\/produits\/\"},{\"@type\":\"ListItem\",\"position\":3,\"name\":\"Estribos\"}]},{\"@type\":\"WebSite\",\"@id\":\"https:\/\/www.stepconcept.com\/es\/#website\",\"url\":\"https:\/\/www.stepconcept.com\/es\/\",\"name\":\"Step Concept\",\"description\":\"Syst\u00e8me d&#039;acc\u00e8s pour v\u00e9hicule\",\"publisher\":{\"@id\":\"https:\/\/www.stepconcept.com\/es\/#organization\"},\"potentialAction\":[{\"@type\":\"SearchAction\",\"target\":{\"@type\":\"EntryPoint\",\"urlTemplate\":\"https:\/\/www.stepconcept.com\/es\/?s={search_term_string}\"},\"query-input\":{\"@type\":\"PropertyValueSpecification\",\"valueRequired\":true,\"valueName\":\"search_term_string\"}}],\"inLanguage\":\"es\"},{\"@type\":\"Organization\",\"@id\":\"https:\/\/www.stepconcept.com\/es\/#organization\",\"name\":\"Stepconcept\",\"url\":\"https:\/\/www.stepconcept.com\/es\/\",\"logo\":{\"@type\":\"ImageObject\",\"inLanguage\":\"es\",\"@id\":\"https:\/\/www.stepconcept.com\/es\/#\/schema\/logo\/image\/\",\"url\":\"https:\/\/www.stepconcept.com\/wp-content\/uploads\/2018\/09\/Logo-STEPCONCEPT-03.png\",\"contentUrl\":\"https:\/\/www.stepconcept.com\/wp-content\/uploads\/2018\/09\/Logo-STEPCONCEPT-03.png\",\"width\":568,\"height\":151,\"caption\":\"Stepconcept\"},\"image\":{\"@id\":\"https:\/\/www.stepconcept.com\/es\/#\/schema\/logo\/image\/\"},\"sameAs\":[\"https:\/\/www.facebook.com\/stepconcept53\/\"]}]}<\/script>\n<!-- \/ Yoast SEO plugin. -->","yoast_head_json":{"title":"Estribos - STEPCONCEPT","description":"Una amplia gama de estribos manuales y el\u00e9ctricos con caj\u00f3n, giratorios o telesc\u00f3picos","robots":{"index":"index","follow":"follow","max-snippet":"max-snippet:-1","max-image-preview":"max-image-preview:large","max-video-preview":"max-video-preview:-1"},"canonical":"https:\/\/www.stepconcept.com\/es\/productos\/estribos\/","og_locale":"es_ES","og_type":"article","og_title":"Estribos - STEPCONCEPT","og_description":"Una amplia gama de estribos manuales y el\u00e9ctricos con caj\u00f3n, giratorios o telesc\u00f3picos","og_url":"https:\/\/www.stepconcept.com\/es\/productos\/estribos\/","og_site_name":"STEPCONCEPT","article_publisher":"https:\/\/www.facebook.com\/stepconcept53\/","article_modified_time":"2020-10-30T13:15:15+00:00","og_image":[{"url":"https:\/\/www.stepconcept.com\/wp-content\/uploads\/2018\/07\/marchepied-telescopique.jpg","type":"","width":"","height":""}],"twitter_card":"summary_large_image","twitter_misc":{"Tiempo de lectura":"1 minuto"},"schema":{"@context":"https:\/\/schema.org","@graph":[{"@type":"WebPage","@id":"https:\/\/www.stepconcept.com\/es\/productos\/estribos\/","url":"https:\/\/www.stepconcept.com\/es\/productos\/estribos\/","name":"Estribos - STEPCONCEPT","isPartOf":{"@id":"https:\/\/www.stepconcept.com\/es\/#website"},"datePublished":"2019-07-15T14:54:25+00:00","dateModified":"2020-10-30T13:15:15+00:00","description":"Una amplia gama de estribos manuales y el\u00e9ctricos con caj\u00f3n, giratorios o telesc\u00f3picos","breadcrumb":{"@id":"https:\/\/www.stepconcept.com\/es\/productos\/estribos\/#breadcrumb"},"inLanguage":"es","potentialAction":[{"@type":"ReadAction","target":["https:\/\/www.stepconcept.com\/es\/productos\/estribos\/"]}]},{"@type":"BreadcrumbList","@id":"https:\/\/www.stepconcept.com\/es\/productos\/estribos\/#breadcrumb","itemListElement":[{"@type":"ListItem","position":1,"name":"Accueil","item":"https:\/\/www.stepconcept.com\/es\/"},{"@type":"ListItem","position":2,"name":"Productos","item":"https:\/\/www.stepconcept.com\/es\/produits\/"},{"@type":"ListItem","position":3,"name":"Estribos"}]},{"@type":"WebSite","@id":"https:\/\/www.stepconcept.com\/es\/#website","url":"https:\/\/www.stepconcept.com\/es\/","name":"Step Concept","description":"Syst\u00e8me d&#039;acc\u00e8s pour v\u00e9hicule","publisher":{"@id":"https:\/\/www.stepconcept.com\/es\/#organization"},"potentialAction":[{"@type":"SearchAction","target":{"@type":"EntryPoint","urlTemplate":"https:\/\/www.stepconcept.com\/es\/?s={search_term_string}"},"query-input":{"@type":"PropertyValueSpecification","valueRequired":true,"valueName":"search_term_string"}}],"inLanguage":"es"},{"@type":"Organization","@id":"https:\/\/www.stepconcept.com\/es\/#organization","name":"Stepconcept","url":"https:\/\/www.stepconcept.com\/es\/","logo":{"@type":"ImageObject","inLanguage":"es","@id":"https:\/\/www.stepconcept.com\/es\/#\/schema\/logo\/image\/","url":"https:\/\/www.stepconcept.com\/wp-content\/uploads\/2018\/09\/Logo-STEPCONCEPT-03.png","contentUrl":"https:\/\/www.stepconcept.com\/wp-content\/uploads\/2018\/09\/Logo-STEPCONCEPT-03.png","width":568,"height":151,"caption":"Stepconcept"},"image":{"@id":"https:\/\/www.stepconcept.com\/es\/#\/schema\/logo\/image\/"},"sameAs":["https:\/\/www.facebook.com\/stepconcept53\/"]}]}},"_links":{"self":[{"href":"https:\/\/www.stepconcept.com\/es\/wp-json\/wp\/v2\/pages\/3562","targetHints":{"allow":["GET"]}}],"collection":[{"href":"https:\/\/www.stepconcept.com\/es\/wp-json\/wp\/v2\/pages"}],"about":[{"href":"https:\/\/www.stepconcept.com\/es\/wp-json\/wp\/v2\/types\/page"}],"author":[{"embeddable":true,"href":"https:\/\/www.stepconcept.com\/es\/wp-json\/wp\/v2\/users\/1"}],"replies":[{"embeddable":true,"href":"https:\/\/www.stepconcept.com\/es\/wp-json\/wp\/v2\/comments?post=3562"}],"version-history":[{"count":12,"href":"https:\/\/www.stepconcept.com\/es\/wp-json\/wp\/v2\/pages\/3562\/revisions"}],"predecessor-version":[{"id":4758,"href":"https:\/\/www.stepconcept.com\/es\/wp-json\/wp\/v2\/pages\/3562\/revisions\/4758"}],"up":[{"embeddable":true,"href":"https:\/\/www.stepconcept.com\/es\/wp-json\/wp\/v2\/pages\/3526"}],"wp:attachment":[{"href":"https:\/\/www.stepconcept.com\/es\/wp-json\/wp\/v2\/media?parent=3562"}],"curies":[{"name":"wp","href":"https:\/\/api.w.org\/{rel}","templated":true}]}}