{"id":3566,"date":"2019-07-15T16:55:30","date_gmt":"2019-07-15T14:55:30","guid":{"rendered":"https:\/\/www.stepconcept.com\/produits\/rampe-dacces\/"},"modified":"2020-10-23T10:33:19","modified_gmt":"2020-10-23T08:33:19","slug":"rampa-de-acceso","status":"publish","type":"page","link":"https:\/\/www.stepconcept.com\/es\/productos\/rampa-de-acceso\/","title":{"rendered":"Rampa de acceso"},"content":{"rendered":"<div>\n<p>    <img decoding=\"async\" src=\"\/wp-content\/uploads\/2018\/07\/HERO-PRODUCTS-rampe-01.jpg\" alt=\"\"><\/p>\n<h3>Rampa de acceso <\/h3>\n<p>L\u00edder franc\u00e9s desde hace m\u00e1s de 15 a\u00f1os <\/br>&#8211; Rampae TPMR<\/br>&#8211; Rampa de carga <\/p>\n<\/div>\n<ul>\n<li>\n<p>        <img decoding=\"async\" src=\"\/wp-content\/uploads\/2018\/07\/rampe-3-volets-4.jpg\" alt=\"\"><\/p>\n<\/li>\n<li>\n<p>        <img decoding=\"async\" src=\"\/wp-content\/uploads\/2018\/07\/revetement-TBS.jpg\" alt=\"\"><\/p>\n<\/li>\n<\/ul>\n<h4>\n<p>STEPCONCEPT es reputada entre las mejores marcas de carrocer\u00eda por la calidad y la durabilidad de sus productos.<\/p>\n<\/h4>\n<ul>\n<li>\n<div>\n<p>Rampa de aluminio<\/p>\n<\/div>\n<\/li>\n<li>\n<div>\n<p>1, 2 o 3 hojas<\/p>\n<\/div>\n<\/li>\n<li>\n<div>\n<p>Homologadas CE<\/p>\n<\/div>\n<\/li>\n<li>\n<div>\n<p>Equilibrado mediante amortiguadores de gas<\/p>\n<\/div>\n<\/li>\n<li>\n<div>\n<p>Carga: 350 kg (550 kg con la opci\u00f3n de patas centrales)<\/p>\n<\/div>\n<\/li>\n<li>\n<div>\n<p>Tercer punto de fijaci\u00f3n mediante cintur\u00f3n de seguridad<\/p>\n<\/div>\n<\/li>\n<\/ul>\n<div>\n<h3>Ligereza, solidez y est\u00e9tica<\/h3>\n<p>El dise\u00f1o se realiza a partir de perfiles de aluminio soldados que aumentan la rigidez y eliminan los riegos de vibraciones. Todas las articulaciones est\u00e1n realizadas con bisagras, tornillos e insertos de acero inoxidable. El acabado cuenta con un tratamiento anodizado.<\/p>\n<p>\u00a0<\/p>\n<\/div>\n<div>\n<h3>Una gama infinita<\/h3>\n<p>Las rampas se dise\u00f1an y se fabrican en su totalidad en nuestra f\u00e1brica por encargo. Se puede fabricar una variedad infinita de modelos a partir de elementos normalizados: anchura, longitud, revestimiento, cargas pesadas, etc.<\/p>\n<p>\u00a0<\/p>\n<\/div>\n<ul>\n<li>\n<p>        <img decoding=\"async\" src=\"\/wp-content\/uploads\/2018\/07\/rampe-2-vantaux-02.jpg\" alt=\"\"><\/p>\n<h5>Rampa de 2 hojas<\/h5>\n<p><a href=\"\/es\/productos\/rampa-de-acceso\/rampa-de-2-hojas\"><\/a><\/p>\n<\/li>\n<li>\n<p>        <img decoding=\"async\" src=\"\/wp-content\/uploads\/2018\/07\/rampe-3-vantaux-03.jpg\" alt=\"\"><\/p>\n<h5>Rampa de 3 hojas<\/h5>\n<p><a href=\"\/es\/productos\/rampa-de-acceso\/rampa-de-3-hojas\"><\/a><\/p>\n<\/li>\n<li>\n<p>        <img decoding=\"async\" src=\"\/wp-content\/uploads\/2018\/07\/rampe-electrique-01.jpg\" alt=\"\"><\/p>\n<h5>Rampa electrica<\/h5>\n<p><a href=\"\/es\/productos\/rampa-de-acceso\/rampa-electrica\"><\/a><\/p>\n<\/li>\n<li>\n<p>        <img decoding=\"async\" src=\"\/wp-content\/uploads\/2018\/07\/rampe-mixte-2-volets.jpg\" alt=\"\"><\/p>\n<h5>Rampa espec\u00edfica<\/h5>\n<p><a href=\"\/es\/productos\/rampa-de-acceso\/rampa-especifica\"><\/a><\/p>\n<\/li>\n<\/ul>\n<p><!-- {\"name\":\"\",\"type\":\"layout\",\"children\":[{\"name\":\"Hero slider\",\"type\":\"section\",\"props\":{\"style\":\"secondary\",\"width\":\"\",\"vertical_align\":\"middle\",\"title_position\":\"top-left\",\"title_rotation\":\"left\",\"title_breakpoint\":\"xl\",\"image_position\":\"center-center\",\"height\":\"section\",\"padding_remove_top\":true,\"header_transparent\":\"light\",\"padding_remove_bottom\":true,\"animation_delay\":true,\"animation\":\"fade\"},\"children\":[{\"name\":\"\",\"type\":\"row\",\"children\":[{\"name\":\"\",\"type\":\"column\",\"props\":{\"image_position\":\"center-center\",\"media_overlay_gradient\":\"\",\"width_medium\":\"1-1\"},\"children\":[{\"name\":\"\",\"type\":\"slideshow\",\"props\":{\"show_title\":true,\"show_meta\":true,\"show_content\":true,\"show_link\":true,\"show_thumbnail\":true,\"slideshow_min_height\":300,\"slideshow_autoplay_pause\":false,\"nav\":\"dotnav\",\"nav_position\":\"bottom-center\",\"nav_position_margin\":\"medium\",\"nav_align\":\"center\",\"nav_breakpoint\":\"s\",\"thumbnav_width\":\"100\",\"thumbnav_height\":\"75\",\"slidenav\":\"\",\"slidenav_margin\":\"medium\",\"slidenav_breakpoint\":\"s\",\"slidenav_outside_breakpoint\":\"xl\",\"overlay_position\":\"left\",\"overlay_animation\":\"parallax\",\"title_element\":\"h3\",\"meta_style\":\"h4\",\"meta_align\":\"below-title\",\"link_text\":\"Read more\",\"link_style\":\"default\",\"margin\":\"default\",\"slideshow_animation\":\"fade\",\"slideshow_height\":\"section\",\"overlay_width\":\"\",\"title_style\":\"heading-medium\",\"meta_margin\":\"small\",\"slideshow_autoplay\":true,\"slideshow_autoplay_interval\":10,\"slideshow_kenburns\":\"alternate\",\"overlay_container\":\"default\",\"thumbnav_svg_color\":\"emphasis\",\"slideshow_box_shadow\":\"\",\"slideshow_box_decoration\":\"\",\"nav_margin\":\"\",\"nav_color\":\"\",\"slidenav_outside_color\":\"\",\"overlay_container_padding\":\"\",\"meta_element\":\"div\"},\"children\":[{\"name\":\"\",\"type\":\"slideshow_item\",\"props\":{\"image\":\"wp-content\\\/uploads\\\/2018\\\/07\\\/HERO-PRODUCTS-rampe-01.jpg\",\"title\":\"Rampa de acceso \",\"meta\":\"L\\u00edder franc\\u00e9s desde hace m\\u00e1s de 15 a\\u00f1os <\\\/br>- Rampae TPMR<\\\/br>- Rampa de carga \",\"content\":\"\"}}]}]}]}]},{\"name\":\"intro\",\"type\":\"section\",\"props\":{\"style\":\"default\",\"width\":\"default\",\"vertical_align\":\"middle\",\"title_position\":\"top-left\",\"title_rotation\":\"left\",\"title_breakpoint\":\"xl\",\"image_position\":\"center-center\",\"padding_remove_bottom\":false,\"animation_delay\":true,\"animation\":\"fade\"},\"children\":[{\"name\":\"\",\"type\":\"row\",\"children\":[{\"name\":\"\",\"type\":\"column\",\"props\":{\"image_position\":\"center-center\",\"media_overlay_gradient\":\"\",\"width_medium\":\"1-1\"},\"children\":[{\"name\":\"\",\"type\":\"wordpress_widget\",\"props\":{\"menu_style\":\"nav\",\"widget\":\"breadcrumbs-2\",\"type\":\"breadcrumbs\",\"class\":\"breadcrumb\"}}]}]},{\"name\":\"\",\"type\":\"row\",\"props\":{\"layout\":\"2-3,1-3\"},\"children\":[{\"name\":\"\",\"type\":\"column\",\"props\":{\"image_position\":\"center-center\",\"media_overlay_gradient\":\"\",\"width_medium\":\"2-3\"},\"children\":[{\"name\":\"\",\"type\":\"slideshow\",\"props\":{\"show_title\":true,\"show_meta\":true,\"show_content\":true,\"show_link\":true,\"show_thumbnail\":true,\"slideshow_min_height\":300,\"slideshow_autoplay_pause\":true,\"nav\":\"dotnav\",\"nav_position\":\"bottom-center\",\"nav_position_margin\":\"medium\",\"nav_align\":\"center\",\"nav_breakpoint\":\"s\",\"thumbnav_width\":\"100\",\"thumbnav_height\":\"75\",\"slidenav\":\"default\",\"slidenav_margin\":\"medium\",\"slidenav_breakpoint\":\"s\",\"slidenav_outside_breakpoint\":\"xl\",\"overlay_position\":\"center-left\",\"overlay_animation\":\"parallax\",\"title_element\":\"h3\",\"meta_style\":\"meta\",\"meta_align\":\"below-title\",\"link_text\":\"Read more\",\"link_style\":\"default\",\"margin\":\"default\",\"overlay_container\":\"\",\"overlay_container_padding\":\"xlarge\",\"overlay_style\":\"overlay-default\",\"image_width\":\"1920\",\"slideshow_animation\":\"fade\",\"slideshow_autoplay\":true,\"overlay_padding\":\"large\",\"slideshow_height\":\"\",\"text_color\":\"light\",\"slideshow_box_shadow\":\"\",\"slideshow_kenburns\":\"\",\"nav_color\":\"\",\"slidenav_outside_color\":\"\",\"overlay_width\":\"\",\"thumbnav_svg_color\":\"emphasis\",\"meta_element\":\"div\"},\"children\":[{\"name\":\"\",\"type\":\"slideshow_item\",\"props\":{\"title\":\"\",\"content\":\"\",\"image\":\"wp-content\\\/uploads\\\/2018\\\/07\\\/rampe-3-volets-4.jpg\"}},{\"name\":\"\",\"type\":\"slideshow_item\",\"props\":{\"title\":\"\",\"content\":\"\",\"image\":\"wp-content\\\/uploads\\\/2018\\\/07\\\/revetement-TBS.jpg\"}}]}]},{\"name\":\"\",\"type\":\"column\",\"props\":{\"image_position\":\"center-center\",\"media_overlay_gradient\":\"\",\"width_medium\":\"1-3\"},\"children\":[{\"name\":\"\",\"type\":\"headline\",\"props\":{\"title_element\":\"h4\",\"content\":\"\n\n<p>STEPCONCEPT es reputada entre las mejores marcas de carrocer\\u00eda por la calidad y la durabilidad de sus productos.<\\\/p>\",\"maxwidth\":\"2xlarge\"}},{\"name\":\"\",\"type\":\"list\",\"props\":{\"show_image\":true,\"show_link\":true,\"image_align\":\"left\",\"content_style\":\"h5\",\"image_svg_color\":\"emphasis\",\"image_vertical_align\":true,\"list_marker\":\"bullet\",\"list_size\":\"\",\"list_element\":\"ul\",\"column_breakpoint\":\"m\"},\"children\":[{\"name\":\"\",\"type\":\"list_item\",\"props\":{\"content\":\"\n\n<p>Rampa de aluminio<\\\/p>\"}},{\"name\":\"\",\"type\":\"list_item\",\"props\":{\"content\":\"\n\n<p>1, 2 o 3 hojas<\\\/p>\"}},{\"name\":\"\",\"type\":\"list_item\",\"props\":{\"content\":\"\n\n<p>Homologadas CE<\\\/p>\"}},{\"name\":\"\",\"type\":\"list_item\",\"props\":{\"content\":\"\n\n<p>Equilibrado mediante amortiguadores de gas<\\\/p>\"}},{\"name\":\"\",\"type\":\"list_item\",\"props\":{\"content\":\"\n\n<p>Carga: 350 kg (550 kg con la opci\\u00f3n de patas centrales)<\\\/p>\"}},{\"name\":\"\",\"type\":\"list_item\",\"props\":{\"content\":\"\n\n<p>Tercer punto de fijaci\\u00f3n mediante cintur\\u00f3n de seguridad<\\\/p>\"}}]}]}]},{\"name\":\"\",\"type\":\"row\",\"props\":{\"layout\":\"1-2,1-2\"},\"children\":[{\"name\":\"\",\"type\":\"column\",\"props\":{\"image_position\":\"center-center\",\"style\":\"muted\",\"padding\":\"xsmall\",\"media_overlay_gradient\":\"\",\"width_medium\":\"1-2\"},\"children\":[{\"name\":\"\",\"type\":\"text\",\"props\":{\"margin\":\"default\",\"column_breakpoint\":\"m\",\"content\":\"\n\n<h3>Ligereza, solidez y est\\u00e9tica<\\\/h3>\\n\n\n<p>El dise\\u00f1o se realiza a partir de perfiles de aluminio soldados que aumentan la rigidez y eliminan los riegos de vibraciones. Todas las articulaciones est\\u00e1n realizadas con bisagras, tornillos e insertos de acero inoxidable. El acabado cuenta con un tratamiento anodizado.<\\\/p>\\n\n\n<p>\\u00a0<\\\/p>\"}}]},{\"name\":\"\",\"type\":\"column\",\"props\":{\"image_position\":\"center-center\",\"style\":\"muted\",\"padding\":\"xsmall\",\"media_overlay_gradient\":\"\",\"width_medium\":\"1-2\"},\"children\":[{\"name\":\"\",\"type\":\"text\",\"props\":{\"margin\":\"default\",\"column_breakpoint\":\"m\",\"content\":\"\n\n<h3>Una gama infinita<\\\/h3>\\n\n\n<p>Las rampas se dise\\u00f1an y se fabrican en su totalidad en nuestra f\\u00e1brica por encargo. Se puede fabricar una variedad infinita de modelos a partir de elementos normalizados: anchura, longitud, revestimiento, cargas pesadas, etc.<\\\/p>\\n\n\n<p>\\u00a0<\\\/p>\"}}]}]},{\"name\":\"\",\"type\":\"row\",\"children\":[{\"name\":\"\",\"type\":\"column\",\"props\":{\"image_position\":\"center-center\",\"media_overlay_gradient\":\"\",\"width_medium\":\"1-1\"},\"children\":[{\"name\":\"\",\"type\":\"grid\",\"props\":{\"show_title\":true,\"show_meta\":true,\"show_content\":true,\"show_image\":true,\"show_link\":true,\"grid_default\":\"1\",\"grid_medium\":\"4\",\"filter_style\":\"tab\",\"filter_all\":true,\"filter_position\":\"top\",\"filter_align\":\"left\",\"filter_grid_width\":\"auto\",\"title_element\":\"h5\",\"meta_style\":\"meta\",\"meta_align\":\"below-title\",\"image_align\":\"top\",\"image_grid_width\":\"1-2\",\"link_text\":\"\",\"link_style\":\"default\",\"margin\":\"default\",\"text_align\":\"center\",\"panel_style\":\"card-secondary\",\"panel_size\":\"small\",\"title_style\":\"h5\",\"item_animation\":\"slide-bottom-small\",\"image_svg_color\":\"emphasis\",\"title_hover_style\":\"reset\",\"title_align\":\"top\",\"title_grid_width\":\"1-2\",\"image_transition\":\"scale-up\",\"filter_grid_breakpoint\":\"m\",\"title_grid_breakpoint\":\"m\",\"image_grid_breakpoint\":\"m\",\"panel_link\":true,\"icon_width\":80,\"meta_element\":\"div\",\"content_column_breakpoint\":\"m\",\"panel_card_image\":true},\"children\":[{\"name\":\"\",\"type\":\"grid_item\",\"props\":{\"title\":\"Rampa de 2 hojas\",\"link\":\"es\\\/productos\\\/rampa-de-acceso\\\/rampa-de-2-hojas\\\/\",\"image\":\"wp-content\\\/uploads\\\/2018\\\/07\\\/rampe-2-vantaux-02.jpg\"}},{\"name\":\"\",\"type\":\"grid_item\",\"props\":{\"title\":\"Rampa de 3 hojas\",\"image\":\"wp-content\\\/uploads\\\/2018\\\/07\\\/rampe-3-vantaux-03.jpg\",\"link\":\"es\\\/productos\\\/rampa-de-acceso\\\/rampa-de-3-hojas\\\/\"}},{\"type\":\"grid_item\",\"props\":{\"title\":\"Rampa electrica\",\"image\":\"wp-content\\\/uploads\\\/2018\\\/07\\\/rampe-electrique-01.jpg\",\"link\":\"es\\\/productos\\\/rampa-de-acceso\\\/rampa-electrica\\\/\"}},{\"name\":\"\",\"type\":\"grid_item\",\"props\":{\"title\":\"Rampa espec\\u00edfica\",\"link\":\"es\\\/productos\\\/rampa-de-acceso\\\/rampa-especifica\\\/\",\"image\":\"wp-content\\\/uploads\\\/2018\\\/07\\\/rampe-mixte-2-volets.jpg\"}}]}]}]}]}],\"version\":\"2.2.5\"} --><\/p>\n","protected":false},"excerpt":{"rendered":"<p>Rampa de acceso L\u00edder franc\u00e9s desde hace m\u00e1s de 15 a\u00f1os &#8211; Rampae TPMR&#8211; Rampa de carga STEPCONCEPT es reputada entre las mejores marcas de carrocer\u00eda por la calidad y la durabilidad de sus productos. Rampa de aluminio 1, 2 o 3 hojas Homologadas CE Equilibrado mediante amortiguadores de gas Carga: 350 kg (550 kg [&hellip;]<\/p>\n","protected":false},"author":1,"featured_media":0,"parent":3526,"menu_order":0,"comment_status":"closed","ping_status":"closed","template":"","meta":{"_acf_changed":false,"footnotes":""},"class_list":["post-3566","page","type-page","status-publish","hentry"],"acf":[],"yoast_head":"<!-- This site is optimized with the Yoast SEO plugin v26.5 - https:\/\/yoast.com\/wordpress\/plugins\/seo\/ -->\n<title>Rampa de acceso - STEPCONCEPT<\/title>\n<meta name=\"description\" content=\"L\u00edder franc\u00e9s desde hace m\u00e1s de 15 a\u00f1os de rampa TPMR o Rampa de carga\" \/>\n<meta name=\"robots\" content=\"index, follow, max-snippet:-1, max-image-preview:large, max-video-preview:-1\" \/>\n<link rel=\"canonical\" href=\"https:\/\/www.stepconcept.com\/es\/productos\/rampa-de-acceso\/\" \/>\n<meta property=\"og:locale\" content=\"es_ES\" \/>\n<meta property=\"og:type\" content=\"article\" \/>\n<meta property=\"og:title\" content=\"Rampa de acceso - STEPCONCEPT\" \/>\n<meta property=\"og:description\" content=\"L\u00edder franc\u00e9s desde hace m\u00e1s de 15 a\u00f1os de rampa TPMR o Rampa de carga\" \/>\n<meta property=\"og:url\" content=\"https:\/\/www.stepconcept.com\/es\/productos\/rampa-de-acceso\/\" \/>\n<meta property=\"og:site_name\" content=\"STEPCONCEPT\" \/>\n<meta property=\"article:publisher\" content=\"https:\/\/www.facebook.com\/stepconcept53\/\" \/>\n<meta property=\"article:modified_time\" content=\"2020-10-23T08:33:19+00:00\" \/>\n<meta property=\"og:image\" content=\"https:\/\/www.stepconcept.com\/wp-content\/uploads\/2018\/07\/HERO-PRODUCTS-rampe-01.jpg\" \/>\n<meta name=\"twitter:card\" content=\"summary_large_image\" \/>\n<meta name=\"twitter:label1\" content=\"Tiempo de lectura\" \/>\n\t<meta name=\"twitter:data1\" content=\"1 minuto\" \/>\n<script type=\"application\/ld+json\" class=\"yoast-schema-graph\">{\"@context\":\"https:\/\/schema.org\",\"@graph\":[{\"@type\":\"WebPage\",\"@id\":\"https:\/\/www.stepconcept.com\/es\/productos\/rampa-de-acceso\/\",\"url\":\"https:\/\/www.stepconcept.com\/es\/productos\/rampa-de-acceso\/\",\"name\":\"Rampa de acceso - STEPCONCEPT\",\"isPartOf\":{\"@id\":\"https:\/\/www.stepconcept.com\/es\/#website\"},\"datePublished\":\"2019-07-15T14:55:30+00:00\",\"dateModified\":\"2020-10-23T08:33:19+00:00\",\"description\":\"L\u00edder franc\u00e9s desde hace m\u00e1s de 15 a\u00f1os de rampa TPMR o Rampa de carga\",\"breadcrumb\":{\"@id\":\"https:\/\/www.stepconcept.com\/es\/productos\/rampa-de-acceso\/#breadcrumb\"},\"inLanguage\":\"es\",\"potentialAction\":[{\"@type\":\"ReadAction\",\"target\":[\"https:\/\/www.stepconcept.com\/es\/productos\/rampa-de-acceso\/\"]}]},{\"@type\":\"BreadcrumbList\",\"@id\":\"https:\/\/www.stepconcept.com\/es\/productos\/rampa-de-acceso\/#breadcrumb\",\"itemListElement\":[{\"@type\":\"ListItem\",\"position\":1,\"name\":\"Accueil\",\"item\":\"https:\/\/www.stepconcept.com\/es\/\"},{\"@type\":\"ListItem\",\"position\":2,\"name\":\"Productos\",\"item\":\"https:\/\/www.stepconcept.com\/es\/produits\/\"},{\"@type\":\"ListItem\",\"position\":3,\"name\":\"Rampa de acceso\"}]},{\"@type\":\"WebSite\",\"@id\":\"https:\/\/www.stepconcept.com\/es\/#website\",\"url\":\"https:\/\/www.stepconcept.com\/es\/\",\"name\":\"Step Concept\",\"description\":\"Syst\u00e8me d&#039;acc\u00e8s pour v\u00e9hicule\",\"publisher\":{\"@id\":\"https:\/\/www.stepconcept.com\/es\/#organization\"},\"potentialAction\":[{\"@type\":\"SearchAction\",\"target\":{\"@type\":\"EntryPoint\",\"urlTemplate\":\"https:\/\/www.stepconcept.com\/es\/?s={search_term_string}\"},\"query-input\":{\"@type\":\"PropertyValueSpecification\",\"valueRequired\":true,\"valueName\":\"search_term_string\"}}],\"inLanguage\":\"es\"},{\"@type\":\"Organization\",\"@id\":\"https:\/\/www.stepconcept.com\/es\/#organization\",\"name\":\"Stepconcept\",\"url\":\"https:\/\/www.stepconcept.com\/es\/\",\"logo\":{\"@type\":\"ImageObject\",\"inLanguage\":\"es\",\"@id\":\"https:\/\/www.stepconcept.com\/es\/#\/schema\/logo\/image\/\",\"url\":\"https:\/\/www.stepconcept.com\/wp-content\/uploads\/2018\/09\/Logo-STEPCONCEPT-03.png\",\"contentUrl\":\"https:\/\/www.stepconcept.com\/wp-content\/uploads\/2018\/09\/Logo-STEPCONCEPT-03.png\",\"width\":568,\"height\":151,\"caption\":\"Stepconcept\"},\"image\":{\"@id\":\"https:\/\/www.stepconcept.com\/es\/#\/schema\/logo\/image\/\"},\"sameAs\":[\"https:\/\/www.facebook.com\/stepconcept53\/\"]}]}<\/script>\n<!-- \/ Yoast SEO plugin. -->","yoast_head_json":{"title":"Rampa de acceso - STEPCONCEPT","description":"L\u00edder franc\u00e9s desde hace m\u00e1s de 15 a\u00f1os de rampa TPMR o Rampa de carga","robots":{"index":"index","follow":"follow","max-snippet":"max-snippet:-1","max-image-preview":"max-image-preview:large","max-video-preview":"max-video-preview:-1"},"canonical":"https:\/\/www.stepconcept.com\/es\/productos\/rampa-de-acceso\/","og_locale":"es_ES","og_type":"article","og_title":"Rampa de acceso - STEPCONCEPT","og_description":"L\u00edder franc\u00e9s desde hace m\u00e1s de 15 a\u00f1os de rampa TPMR o Rampa de carga","og_url":"https:\/\/www.stepconcept.com\/es\/productos\/rampa-de-acceso\/","og_site_name":"STEPCONCEPT","article_publisher":"https:\/\/www.facebook.com\/stepconcept53\/","article_modified_time":"2020-10-23T08:33:19+00:00","og_image":[{"url":"https:\/\/www.stepconcept.com\/wp-content\/uploads\/2018\/07\/HERO-PRODUCTS-rampe-01.jpg","type":"","width":"","height":""}],"twitter_card":"summary_large_image","twitter_misc":{"Tiempo de lectura":"1 minuto"},"schema":{"@context":"https:\/\/schema.org","@graph":[{"@type":"WebPage","@id":"https:\/\/www.stepconcept.com\/es\/productos\/rampa-de-acceso\/","url":"https:\/\/www.stepconcept.com\/es\/productos\/rampa-de-acceso\/","name":"Rampa de acceso - STEPCONCEPT","isPartOf":{"@id":"https:\/\/www.stepconcept.com\/es\/#website"},"datePublished":"2019-07-15T14:55:30+00:00","dateModified":"2020-10-23T08:33:19+00:00","description":"L\u00edder franc\u00e9s desde hace m\u00e1s de 15 a\u00f1os de rampa TPMR o Rampa de carga","breadcrumb":{"@id":"https:\/\/www.stepconcept.com\/es\/productos\/rampa-de-acceso\/#breadcrumb"},"inLanguage":"es","potentialAction":[{"@type":"ReadAction","target":["https:\/\/www.stepconcept.com\/es\/productos\/rampa-de-acceso\/"]}]},{"@type":"BreadcrumbList","@id":"https:\/\/www.stepconcept.com\/es\/productos\/rampa-de-acceso\/#breadcrumb","itemListElement":[{"@type":"ListItem","position":1,"name":"Accueil","item":"https:\/\/www.stepconcept.com\/es\/"},{"@type":"ListItem","position":2,"name":"Productos","item":"https:\/\/www.stepconcept.com\/es\/produits\/"},{"@type":"ListItem","position":3,"name":"Rampa de acceso"}]},{"@type":"WebSite","@id":"https:\/\/www.stepconcept.com\/es\/#website","url":"https:\/\/www.stepconcept.com\/es\/","name":"Step Concept","description":"Syst\u00e8me d&#039;acc\u00e8s pour v\u00e9hicule","publisher":{"@id":"https:\/\/www.stepconcept.com\/es\/#organization"},"potentialAction":[{"@type":"SearchAction","target":{"@type":"EntryPoint","urlTemplate":"https:\/\/www.stepconcept.com\/es\/?s={search_term_string}"},"query-input":{"@type":"PropertyValueSpecification","valueRequired":true,"valueName":"search_term_string"}}],"inLanguage":"es"},{"@type":"Organization","@id":"https:\/\/www.stepconcept.com\/es\/#organization","name":"Stepconcept","url":"https:\/\/www.stepconcept.com\/es\/","logo":{"@type":"ImageObject","inLanguage":"es","@id":"https:\/\/www.stepconcept.com\/es\/#\/schema\/logo\/image\/","url":"https:\/\/www.stepconcept.com\/wp-content\/uploads\/2018\/09\/Logo-STEPCONCEPT-03.png","contentUrl":"https:\/\/www.stepconcept.com\/wp-content\/uploads\/2018\/09\/Logo-STEPCONCEPT-03.png","width":568,"height":151,"caption":"Stepconcept"},"image":{"@id":"https:\/\/www.stepconcept.com\/es\/#\/schema\/logo\/image\/"},"sameAs":["https:\/\/www.facebook.com\/stepconcept53\/"]}]}},"_links":{"self":[{"href":"https:\/\/www.stepconcept.com\/es\/wp-json\/wp\/v2\/pages\/3566","targetHints":{"allow":["GET"]}}],"collection":[{"href":"https:\/\/www.stepconcept.com\/es\/wp-json\/wp\/v2\/pages"}],"about":[{"href":"https:\/\/www.stepconcept.com\/es\/wp-json\/wp\/v2\/types\/page"}],"author":[{"embeddable":true,"href":"https:\/\/www.stepconcept.com\/es\/wp-json\/wp\/v2\/users\/1"}],"replies":[{"embeddable":true,"href":"https:\/\/www.stepconcept.com\/es\/wp-json\/wp\/v2\/comments?post=3566"}],"version-history":[{"count":11,"href":"https:\/\/www.stepconcept.com\/es\/wp-json\/wp\/v2\/pages\/3566\/revisions"}],"predecessor-version":[{"id":4613,"href":"https:\/\/www.stepconcept.com\/es\/wp-json\/wp\/v2\/pages\/3566\/revisions\/4613"}],"up":[{"embeddable":true,"href":"https:\/\/www.stepconcept.com\/es\/wp-json\/wp\/v2\/pages\/3526"}],"wp:attachment":[{"href":"https:\/\/www.stepconcept.com\/es\/wp-json\/wp\/v2\/media?parent=3566"}],"curies":[{"name":"wp","href":"https:\/\/api.w.org\/{rel}","templated":true}]}}