{"id":4603,"date":"2020-10-06T23:15:31","date_gmt":"2020-10-06T21:15:31","guid":{"rendered":"https:\/\/www.stepconcept.com\/productos\/rampa-de-acceso\/rampe-electrique\/"},"modified":"2020-11-25T08:47:57","modified_gmt":"2020-11-25T07:47:57","slug":"rampa-electrica","status":"publish","type":"page","link":"https:\/\/www.stepconcept.com\/es\/productos\/rampa-de-acceso\/rampa-electrica\/","title":{"rendered":"Rampa electrica"},"content":{"rendered":"<div>\n<p>    <img decoding=\"async\" src=\"\/wp-content\/uploads\/2018\/07\/HERO-PRODUCTS-rampe-03.jpg\" alt=\"Rampa de acceso\"><\/p>\n<h2>Rampa de acceso<\/h2>\n<p>el\u00e9ctrico<\/p>\n<div>\n<h4 class=\"uk-margin-remove-top uk-scrollspy-inview uk-animation-fade\" data-id=\"page#5\">Opci\u00f3n posible en la mayor\u00eda de nuestras rampas<\/h4>\n<\/div>\n<\/div>\n<p><iframe src=\"https:\/\/youtu.be\/za79xNAyIa4?t=4\"><\/iframe><\/p>\n<h1>M\u00e1s de 15 a\u00f1os de experiencia y fiabilidad<\/h1>\n<div>\n<h4>Las rampas est\u00e1n completamente dise\u00f1adas y fabricadas bajo pedido en nuestra f\u00e1brica.<\/h4>\n<ul>\n<li>Adaptable en rampa de 2 persianas<\/li>\n<li>Alimentado por tomas el\u00e9ctricas de 12V<\/li>\n<li>Controlado por control remoto<\/li>\n<li>Seguridad por parada autom\u00e1tica en caso de carga en la rampa durante el movimiento<\/li>\n<li>Entregado con caja de control completa<\/li>\n<\/ul>\n<\/div>\n<hr>\n<h1>Personalizaci\u00f3n<\/h1>\n<h4>\u00bfBusca una soluci\u00f3n adaptada?<\/h4>\n<div>\n<p><a href=\"\/es\/contacto\">Por correo electr\u00f3nico<\/a><\/p>\n<\/div>\n<p><!-- {\"name\":\"PAGE FR - Rampe sp\\u00e9cifique\",\"type\":\"layout\",\"children\":[{\"name\":\"HERO slider\",\"type\":\"section\",\"props\":{\"style\":\"secondary\",\"width\":\"\",\"vertical_align\":\"middle\",\"title_position\":\"top-left\",\"title_rotation\":\"left\",\"title_breakpoint\":\"xl\",\"image_position\":\"center-center\",\"header_transparent\":\"light\",\"header_transparent_noplaceholder\":false,\"overlap\":false,\"padding_remove_bottom\":true,\"padding_remove_top\":true,\"animation_delay\":true,\"animation\":\"fade\"},\"children\":[{\"name\":\"\",\"type\":\"row\",\"children\":[{\"name\":\"\",\"type\":\"column\",\"props\":{\"image_position\":\"center-center\",\"media_overlay_gradient\":\"\",\"width_medium\":\"1-1\"},\"children\":[{\"name\":\"\",\"type\":\"slideshow\",\"props\":{\"show_title\":true,\"show_meta\":true,\"show_content\":true,\"show_link\":true,\"show_thumbnail\":true,\"slideshow_min_height\":\"250\",\"slideshow_autoplay_pause\":false,\"nav\":\"dotnav\",\"nav_position\":\"bottom-center\",\"nav_position_margin\":\"medium\",\"nav_align\":\"center\",\"nav_breakpoint\":\"s\",\"thumbnav_width\":\"100\",\"thumbnav_height\":\"75\",\"slidenav\":\"\",\"slidenav_margin\":\"medium\",\"slidenav_breakpoint\":\"s\",\"slidenav_outside_breakpoint\":\"xl\",\"overlay_position\":\"center-left\",\"overlay_animation\":\"parallax\",\"title_element\":\"h2\",\"meta_style\":\"heading-small\",\"meta_align\":\"below-title\",\"link_text\":\"Read more\",\"link_style\":\"default\",\"margin\":\"default\",\"slideshow_height\":\"section\",\"slideshow_animation\":\"fade\",\"slideshow_autoplay\":true,\"slideshow_kenburns\":\"alternate\",\"slideshow_autoplay_interval\":10,\"slideshow_kenburns_duration\":25,\"title_style\":\"heading-medium\",\"overlay_padding\":\"large\",\"overlay_width\":\"xlarge\",\"meta_margin\":\"remove\",\"overlay_container\":\"default\",\"thumbnav_svg_color\":\"emphasis\",\"meta_element\":\"h2\",\"meta_color\":\"danger\"},\"children\":[{\"name\":\"\",\"type\":\"slideshow_item\",\"props\":{\"image\":\"wp-content\\\/uploads\\\/2018\\\/07\\\/HERO-PRODUCTS-rampe-03.jpg\",\"title\":\"Rampa de acceso\",\"meta\":\"el\\u00e9ctrico\",\"content\":\"\n\n<h4 class=\\\"uk-margin-remove-top uk-scrollspy-inview uk-animation-fade\\\" data-id=\\\"page#5\\\">Opci\\u00f3n posible en la mayor\\u00eda de nuestras rampas<\\\/h4>\",\"media_overlay\":\"rgba(0, 0, 0, 0.5)\",\"image_alt\":\"Rampa de acceso\"}}]}]}]}]},{\"name\":\"rampes intro\",\"type\":\"section\",\"props\":{\"style\":\"muted\",\"width\":\"default\",\"vertical_align\":\"middle\",\"title_position\":\"top-left\",\"title_rotation\":\"left\",\"title_breakpoint\":\"xl\",\"image_position\":\"center-center\",\"padding\":\"xsmall\",\"animation_delay\":true,\"animation\":\"fade\",\"padding_remove_bottom\":false},\"children\":[{\"name\":\"\",\"type\":\"row\",\"children\":[{\"name\":\"\",\"type\":\"column\",\"props\":{\"image_position\":\"center-center\",\"media_overlay_gradient\":\"\",\"width_medium\":\"1-1\"},\"children\":[{\"type\":\"breadcrumbs\",\"props\":{\"show_home\":true,\"show_current\":true}}]}]},{\"name\":\"\",\"type\":\"row\",\"props\":{\"layout\":\"1-2,1-2\"},\"children\":[{\"name\":\"\",\"type\":\"column\",\"props\":{\"image_position\":\"center-center\",\"media_overlay_gradient\":\"\",\"width_medium\":\"1-2\"},\"children\":[{\"type\":\"video\",\"props\":{\"video_controls\":true,\"margin\":\"default\",\"video\":\"https:\\\/\\\/youtu.be\\\/za79xNAyIa4?t=4\",\"video_loop\":true,\"video_playsinline\":true,\"video_autoplay\":\"inview\",\"video_width\":\"600\"}}]},{\"name\":\"\",\"type\":\"column\",\"props\":{\"image_position\":\"center-center\",\"media_overlay_gradient\":\"\",\"width_medium\":\"1-2\"},\"children\":[{\"name\":\"\",\"type\":\"headline\",\"props\":{\"title_element\":\"h1\",\"content\":\"M\\u00e1s de 15 a\\u00f1os de experiencia y fiabilidad\"}},{\"name\":\"\",\"type\":\"text\",\"props\":{\"margin\":\"default\",\"column_breakpoint\":\"m\",\"content\":\"\n\n<h4>Las rampas est\\u00e1n completamente dise\\u00f1adas y fabricadas bajo pedido en nuestra f\\u00e1brica.<\\\/h4>\\n\n\n<ul>\\n\n\n<li>Adaptable en rampa de 2 persianas<\\\/li>\\n\n\n<li>Alimentado por tomas el\\u00e9ctricas de 12V<\\\/li>\\n\n\n<li>Controlado por control remoto<\\\/li>\\n\n\n<li>Seguridad por parada autom\\u00e1tica en caso de carga en la rampa durante el movimiento<\\\/li>\\n\n\n<li>Entregado con caja de control completa<\\\/li>\\n<\\\/ul>\"}}]}]},{\"name\":\"\",\"type\":\"row\",\"children\":[{\"name\":\"\",\"type\":\"column\",\"props\":{\"image_position\":\"center-center\",\"media_overlay_gradient\":\"\",\"width_medium\":\"1-1\"},\"children\":[{\"name\":\"\",\"type\":\"divider\",\"props\":{\"divider_element\":\"hr\",\"divider_style\":\"icon\"}}]}]}]},{\"name\":\"pub solutions\",\"type\":\"section\",\"props\":{\"style\":\"muted\",\"width\":\"default\",\"vertical_align\":\"middle\",\"title_position\":\"top-left\",\"title_rotation\":\"left\",\"title_breakpoint\":\"xl\",\"image_position\":\"center-center\",\"padding\":\"xsmall\",\"padding_remove_top\":true},\"children\":[{\"name\":\"\",\"type\":\"row\",\"props\":{\"layout\":\"expand,large\",\"vertical_align\":true,\"column_gap\":\"small\",\"row_gap\":\"small\"},\"children\":[{\"name\":\"\",\"type\":\"column\",\"props\":{\"image_position\":\"center-center\",\"style\":\"secondary\",\"padding\":\"xsmall\",\"vertical_align\":\"middle\",\"media_overlay_gradient\":\"\",\"width_medium\":\"expand\"},\"children\":[{\"name\":\"\",\"type\":\"headline\",\"props\":{\"title_element\":\"h1\",\"content\":\"Personalizaci\\u00f3n\",\"margin\":\"remove-vertical\"}},{\"name\":\"\",\"type\":\"headline\",\"props\":{\"title_element\":\"h4\",\"content\":\"\\u00bfBusca una soluci\\u00f3n adaptada?\",\"margin\":\"remove-vertical\"}}]},{\"name\":\"\",\"type\":\"column\",\"props\":{\"image_position\":\"center-center\",\"style\":\"secondary\",\"padding\":\"xsmall\",\"vertical_align\":\"middle\",\"media_overlay_gradient\":\"\",\"width_medium\":\"large\"},\"children\":[{\"name\":\"\",\"type\":\"list\",\"props\":{\"show_image\":true,\"show_link\":true,\"image_align\":\"left\",\"list_size\":\"\",\"content_style\":\"h4\",\"text_align\":\"center\",\"image_svg_color\":\"emphasis\",\"image_vertical_align\":true,\"icon_width\":40,\"list_element\":\"ul\",\"column_breakpoint\":\"m\"},\"children\":[{\"name\":\"\",\"type\":\"list_item\",\"props\":{\"icon\":\"mail\",\"content\":\"Por correo electr\\u00f3nico\",\"link\":\"es\\\/contacto\\\/\"}}]}]}]}]}],\"version\":\"2.2.5\"} --><\/p>\n","protected":false},"excerpt":{"rendered":"<p>Rampa de acceso el\u00e9ctrico Opci\u00f3n posible en la mayor\u00eda de nuestras rampas M\u00e1s de 15 a\u00f1os de experiencia y fiabilidad Las rampas est\u00e1n completamente dise\u00f1adas y fabricadas bajo pedido en nuestra f\u00e1brica. Adaptable en rampa de 2 persianas Alimentado por tomas el\u00e9ctricas de 12V Controlado por control remoto Seguridad por parada autom\u00e1tica en caso de [&hellip;]<\/p>\n","protected":false},"author":1,"featured_media":0,"parent":3566,"menu_order":6,"comment_status":"closed","ping_status":"closed","template":"","meta":{"_acf_changed":false,"footnotes":""},"class_list":["post-4603","page","type-page","status-publish","hentry"],"acf":[],"yoast_head":"<!-- This site is optimized with the Yoast SEO plugin v26.5 - https:\/\/yoast.com\/wordpress\/plugins\/seo\/ -->\n<title>Rampa electrica - STEPCONCEPT<\/title>\n<meta name=\"robots\" content=\"index, follow, max-snippet:-1, max-image-preview:large, max-video-preview:-1\" \/>\n<link rel=\"canonical\" href=\"https:\/\/www.stepconcept.com\/es\/productos\/rampa-de-acceso\/rampa-electrica\/\" \/>\n<meta property=\"og:locale\" content=\"es_ES\" \/>\n<meta property=\"og:type\" content=\"article\" \/>\n<meta property=\"og:title\" content=\"Rampa electrica - STEPCONCEPT\" \/>\n<meta property=\"og:description\" content=\"Rampa de acceso el\u00e9ctrico Opci\u00f3n posible en la mayor\u00eda de nuestras rampas M\u00e1s de 15 a\u00f1os de experiencia y fiabilidad Las rampas est\u00e1n completamente dise\u00f1adas y fabricadas bajo pedido en nuestra f\u00e1brica. Adaptable en rampa de 2 persianas Alimentado por tomas el\u00e9ctricas de 12V Controlado por control remoto Seguridad por parada autom\u00e1tica en caso de [&hellip;]\" \/>\n<meta property=\"og:url\" content=\"https:\/\/www.stepconcept.com\/es\/productos\/rampa-de-acceso\/rampa-electrica\/\" \/>\n<meta property=\"og:site_name\" content=\"STEPCONCEPT\" \/>\n<meta property=\"article:publisher\" content=\"https:\/\/www.facebook.com\/stepconcept53\/\" \/>\n<meta property=\"article:modified_time\" content=\"2020-11-25T07:47:57+00:00\" \/>\n<meta property=\"og:image\" content=\"https:\/\/www.stepconcept.com\/wp-content\/uploads\/2018\/07\/HERO-PRODUCTS-rampe-03.jpg\" \/>\n<meta name=\"twitter:card\" content=\"summary_large_image\" \/>\n<script type=\"application\/ld+json\" class=\"yoast-schema-graph\">{\"@context\":\"https:\/\/schema.org\",\"@graph\":[{\"@type\":\"WebPage\",\"@id\":\"https:\/\/www.stepconcept.com\/es\/productos\/rampa-de-acceso\/rampa-electrica\/\",\"url\":\"https:\/\/www.stepconcept.com\/es\/productos\/rampa-de-acceso\/rampa-electrica\/\",\"name\":\"Rampa electrica - STEPCONCEPT\",\"isPartOf\":{\"@id\":\"https:\/\/www.stepconcept.com\/es\/#website\"},\"datePublished\":\"2020-10-06T21:15:31+00:00\",\"dateModified\":\"2020-11-25T07:47:57+00:00\",\"breadcrumb\":{\"@id\":\"https:\/\/www.stepconcept.com\/es\/productos\/rampa-de-acceso\/rampa-electrica\/#breadcrumb\"},\"inLanguage\":\"es\",\"potentialAction\":[{\"@type\":\"ReadAction\",\"target\":[\"https:\/\/www.stepconcept.com\/es\/productos\/rampa-de-acceso\/rampa-electrica\/\"]}]},{\"@type\":\"BreadcrumbList\",\"@id\":\"https:\/\/www.stepconcept.com\/es\/productos\/rampa-de-acceso\/rampa-electrica\/#breadcrumb\",\"itemListElement\":[{\"@type\":\"ListItem\",\"position\":1,\"name\":\"Accueil\",\"item\":\"https:\/\/www.stepconcept.com\/es\/\"},{\"@type\":\"ListItem\",\"position\":2,\"name\":\"Productos\",\"item\":\"https:\/\/www.stepconcept.com\/es\/produits\/\"},{\"@type\":\"ListItem\",\"position\":3,\"name\":\"Rampa de acceso\",\"item\":\"https:\/\/www.stepconcept.com\/es\/produits\/rampe-d-acces\/\"},{\"@type\":\"ListItem\",\"position\":4,\"name\":\"Rampa electrica\"}]},{\"@type\":\"WebSite\",\"@id\":\"https:\/\/www.stepconcept.com\/es\/#website\",\"url\":\"https:\/\/www.stepconcept.com\/es\/\",\"name\":\"Step Concept\",\"description\":\"Syst\u00e8me d&#039;acc\u00e8s pour v\u00e9hicule\",\"publisher\":{\"@id\":\"https:\/\/www.stepconcept.com\/es\/#organization\"},\"potentialAction\":[{\"@type\":\"SearchAction\",\"target\":{\"@type\":\"EntryPoint\",\"urlTemplate\":\"https:\/\/www.stepconcept.com\/es\/?s={search_term_string}\"},\"query-input\":{\"@type\":\"PropertyValueSpecification\",\"valueRequired\":true,\"valueName\":\"search_term_string\"}}],\"inLanguage\":\"es\"},{\"@type\":\"Organization\",\"@id\":\"https:\/\/www.stepconcept.com\/es\/#organization\",\"name\":\"Stepconcept\",\"url\":\"https:\/\/www.stepconcept.com\/es\/\",\"logo\":{\"@type\":\"ImageObject\",\"inLanguage\":\"es\",\"@id\":\"https:\/\/www.stepconcept.com\/es\/#\/schema\/logo\/image\/\",\"url\":\"https:\/\/www.stepconcept.com\/wp-content\/uploads\/2018\/09\/Logo-STEPCONCEPT-03.png\",\"contentUrl\":\"https:\/\/www.stepconcept.com\/wp-content\/uploads\/2018\/09\/Logo-STEPCONCEPT-03.png\",\"width\":568,\"height\":151,\"caption\":\"Stepconcept\"},\"image\":{\"@id\":\"https:\/\/www.stepconcept.com\/es\/#\/schema\/logo\/image\/\"},\"sameAs\":[\"https:\/\/www.facebook.com\/stepconcept53\/\"]}]}<\/script>\n<!-- \/ Yoast SEO plugin. -->","yoast_head_json":{"title":"Rampa electrica - STEPCONCEPT","robots":{"index":"index","follow":"follow","max-snippet":"max-snippet:-1","max-image-preview":"max-image-preview:large","max-video-preview":"max-video-preview:-1"},"canonical":"https:\/\/www.stepconcept.com\/es\/productos\/rampa-de-acceso\/rampa-electrica\/","og_locale":"es_ES","og_type":"article","og_title":"Rampa electrica - STEPCONCEPT","og_description":"Rampa de acceso el\u00e9ctrico Opci\u00f3n posible en la mayor\u00eda de nuestras rampas M\u00e1s de 15 a\u00f1os de experiencia y fiabilidad Las rampas est\u00e1n completamente dise\u00f1adas y fabricadas bajo pedido en nuestra f\u00e1brica. Adaptable en rampa de 2 persianas Alimentado por tomas el\u00e9ctricas de 12V Controlado por control remoto Seguridad por parada autom\u00e1tica en caso de [&hellip;]","og_url":"https:\/\/www.stepconcept.com\/es\/productos\/rampa-de-acceso\/rampa-electrica\/","og_site_name":"STEPCONCEPT","article_publisher":"https:\/\/www.facebook.com\/stepconcept53\/","article_modified_time":"2020-11-25T07:47:57+00:00","og_image":[{"url":"https:\/\/www.stepconcept.com\/wp-content\/uploads\/2018\/07\/HERO-PRODUCTS-rampe-03.jpg","type":"","width":"","height":""}],"twitter_card":"summary_large_image","schema":{"@context":"https:\/\/schema.org","@graph":[{"@type":"WebPage","@id":"https:\/\/www.stepconcept.com\/es\/productos\/rampa-de-acceso\/rampa-electrica\/","url":"https:\/\/www.stepconcept.com\/es\/productos\/rampa-de-acceso\/rampa-electrica\/","name":"Rampa electrica - STEPCONCEPT","isPartOf":{"@id":"https:\/\/www.stepconcept.com\/es\/#website"},"datePublished":"2020-10-06T21:15:31+00:00","dateModified":"2020-11-25T07:47:57+00:00","breadcrumb":{"@id":"https:\/\/www.stepconcept.com\/es\/productos\/rampa-de-acceso\/rampa-electrica\/#breadcrumb"},"inLanguage":"es","potentialAction":[{"@type":"ReadAction","target":["https:\/\/www.stepconcept.com\/es\/productos\/rampa-de-acceso\/rampa-electrica\/"]}]},{"@type":"BreadcrumbList","@id":"https:\/\/www.stepconcept.com\/es\/productos\/rampa-de-acceso\/rampa-electrica\/#breadcrumb","itemListElement":[{"@type":"ListItem","position":1,"name":"Accueil","item":"https:\/\/www.stepconcept.com\/es\/"},{"@type":"ListItem","position":2,"name":"Productos","item":"https:\/\/www.stepconcept.com\/es\/produits\/"},{"@type":"ListItem","position":3,"name":"Rampa de acceso","item":"https:\/\/www.stepconcept.com\/es\/produits\/rampe-d-acces\/"},{"@type":"ListItem","position":4,"name":"Rampa electrica"}]},{"@type":"WebSite","@id":"https:\/\/www.stepconcept.com\/es\/#website","url":"https:\/\/www.stepconcept.com\/es\/","name":"Step Concept","description":"Syst\u00e8me d&#039;acc\u00e8s pour v\u00e9hicule","publisher":{"@id":"https:\/\/www.stepconcept.com\/es\/#organization"},"potentialAction":[{"@type":"SearchAction","target":{"@type":"EntryPoint","urlTemplate":"https:\/\/www.stepconcept.com\/es\/?s={search_term_string}"},"query-input":{"@type":"PropertyValueSpecification","valueRequired":true,"valueName":"search_term_string"}}],"inLanguage":"es"},{"@type":"Organization","@id":"https:\/\/www.stepconcept.com\/es\/#organization","name":"Stepconcept","url":"https:\/\/www.stepconcept.com\/es\/","logo":{"@type":"ImageObject","inLanguage":"es","@id":"https:\/\/www.stepconcept.com\/es\/#\/schema\/logo\/image\/","url":"https:\/\/www.stepconcept.com\/wp-content\/uploads\/2018\/09\/Logo-STEPCONCEPT-03.png","contentUrl":"https:\/\/www.stepconcept.com\/wp-content\/uploads\/2018\/09\/Logo-STEPCONCEPT-03.png","width":568,"height":151,"caption":"Stepconcept"},"image":{"@id":"https:\/\/www.stepconcept.com\/es\/#\/schema\/logo\/image\/"},"sameAs":["https:\/\/www.facebook.com\/stepconcept53\/"]}]}},"_links":{"self":[{"href":"https:\/\/www.stepconcept.com\/es\/wp-json\/wp\/v2\/pages\/4603","targetHints":{"allow":["GET"]}}],"collection":[{"href":"https:\/\/www.stepconcept.com\/es\/wp-json\/wp\/v2\/pages"}],"about":[{"href":"https:\/\/www.stepconcept.com\/es\/wp-json\/wp\/v2\/types\/page"}],"author":[{"embeddable":true,"href":"https:\/\/www.stepconcept.com\/es\/wp-json\/wp\/v2\/users\/1"}],"replies":[{"embeddable":true,"href":"https:\/\/www.stepconcept.com\/es\/wp-json\/wp\/v2\/comments?post=4603"}],"version-history":[{"count":8,"href":"https:\/\/www.stepconcept.com\/es\/wp-json\/wp\/v2\/pages\/4603\/revisions"}],"predecessor-version":[{"id":4835,"href":"https:\/\/www.stepconcept.com\/es\/wp-json\/wp\/v2\/pages\/4603\/revisions\/4835"}],"up":[{"embeddable":true,"href":"https:\/\/www.stepconcept.com\/es\/wp-json\/wp\/v2\/pages\/3566"}],"wp:attachment":[{"href":"https:\/\/www.stepconcept.com\/es\/wp-json\/wp\/v2\/media?parent=4603"}],"curies":[{"name":"wp","href":"https:\/\/api.w.org\/{rel}","templated":true}]}}